{"id":5689,"date":"2025-09-24T19:41:06","date_gmt":"2025-09-24T19:41:06","guid":{"rendered":"https:\/\/modest-napier.216-250-124-103.plesk.page\/index.php\/producto\/gotas-kids-progyl-30-10ml-keep-natural\/"},"modified":"2025-09-24T20:46:26","modified_gmt":"2025-09-24T20:46:26","slug":"gotas-kids-progyl-30-10ml-keep-natural","status":"publish","type":"product","link":"https:\/\/modest-napier.216-250-124-103.plesk.page\/index.php\/producto\/gotas-kids-progyl-30-10ml-keep-natural\/","title":{"rendered":"Progyl 30 Kids Gotas 10 ml Keep Natural"},"content":{"rendered":"<p data-mce-fragment=\"1\"><strong data-mce-fragment=\"1\">Descripci\u00f3n:<\/strong><\/p>\n<p data-mce-fragment=\"1\"><span>Ha sido formulado\u00a0<\/span>para<span>\u00a0coadyuvar a reforzar el Sistema inmunol\u00f3gico\u00a0<\/span>de<span>\u00a0los ni\u00f1os\u00a0<\/span>de<span>\u00a02 a 12 a\u00f1os , espec\u00edficamente la mucosa\u00a0<\/span>de<span>\u00a0la v\u00edas respiratorias superiores Fosa nasal, faringe, laringe, e inferiores Tr\u00e1quea, bronquios, pulmones, as\u00ed como a combatir la gripe y resfriado com\u00fan.<\/span><\/p>\n<p data-mce-fragment=\"1\"><span data-mce-fragment=\"1\"><\/span><span data-mce-fragment=\"1\"><\/span><span data-mce-fragment=\"1\"><\/span><span data-mce-fragment=\"1\"><\/span><strong data-mce-fragment=\"1\">Modo de uso:<\/strong><\/p>\n<p data-mce-fragment=\"1\"><span>Llene el gotero hasta la marca de 1ml (20 gotas)<\/span><br \/><span>Vierta en jugo o agua de su preferencia y delo a tomar al ni\u00f1o<\/span><br \/><span>Tambi\u00e9n\u00a0puede d\u00e1rselo\u00a0directamente en la boca<\/span><\/p>\n<p data-mce-fragment=\"1\"><span class=\"ILfuVd\" data-mce-fragment=\"1\"><span class=\"hgKElc\" data-mce-fragment=\"1\"><\/span><\/span><span data-mce-fragment=\"1\"><\/span><span data-mce-fragment=\"1\"><\/span><strong data-mce-fragment=\"1\">Contenido:<\/strong><\/p>\n<p data-mce-fragment=\"1\">10 ML.<\/p>\n","protected":false},"excerpt":{"rendered":"<p>Descripci\u00f3n: Ha sido formulado\u00a0para\u00a0coadyuvar a reforzar el Sistema inmunol\u00f3gico\u00a0de\u00a0los ni\u00f1os\u00a0de\u00a02 a 12 a\u00f1os , espec\u00edficamente la mucosa\u00a0de\u00a0la v\u00edas respiratorias superiores Fosa nasal, faringe, laringe, e inferiores Tr\u00e1quea, bronquios, pulmones, as\u00ed [&hellip;]<\/p>\n","protected":false},"featured_media":2216,"comment_status":"open","ping_status":"closed","template":"","meta":[],"product_brand":[379],"product_cat":[308,337,318,326,335],"product_tag":[],"class_list":{"0":"post-5689","1":"product","2":"type-product","3":"status-publish","4":"has-post-thumbnail","6":"product_brand-keep-natural","7":"product_cat-nutricion","8":"product_cat-productos","9":"product_cat-salud","10":"product_cat-sistema-inmune","11":"product_cat-vitaminas-y-minerales","13":"first","14":"outofstock","15":"shipping-taxable","16":"purchasable","17":"product-type-simple"},"_links":{"self":[{"href":"https:\/\/modest-napier.216-250-124-103.plesk.page\/index.php\/wp-json\/wp\/v2\/product\/5689","targetHints":{"allow":["GET"]}}],"collection":[{"href":"https:\/\/modest-napier.216-250-124-103.plesk.page\/index.php\/wp-json\/wp\/v2\/product"}],"about":[{"href":"https:\/\/modest-napier.216-250-124-103.plesk.page\/index.php\/wp-json\/wp\/v2\/types\/product"}],"replies":[{"embeddable":true,"href":"https:\/\/modest-napier.216-250-124-103.plesk.page\/index.php\/wp-json\/wp\/v2\/comments?post=5689"}],"wp:featuredmedia":[{"embeddable":true,"href":"https:\/\/modest-napier.216-250-124-103.plesk.page\/index.php\/wp-json\/wp\/v2\/media\/2216"}],"wp:attachment":[{"href":"https:\/\/modest-napier.216-250-124-103.plesk.page\/index.php\/wp-json\/wp\/v2\/media?parent=5689"}],"wp:term":[{"taxonomy":"product_brand","embeddable":true,"href":"https:\/\/modest-napier.216-250-124-103.plesk.page\/index.php\/wp-json\/wp\/v2\/product_brand?post=5689"},{"taxonomy":"product_cat","embeddable":true,"href":"https:\/\/modest-napier.216-250-124-103.plesk.page\/index.php\/wp-json\/wp\/v2\/product_cat?post=5689"},{"taxonomy":"product_tag","embeddable":true,"href":"https:\/\/modest-napier.216-250-124-103.plesk.page\/index.php\/wp-json\/wp\/v2\/product_tag?post=5689"}],"curies":[{"name":"wp","href":"https:\/\/api.w.org\/{rel}","templated":true}]}}