{"id":5693,"date":"2025-09-24T19:41:10","date_gmt":"2025-09-24T19:41:10","guid":{"rendered":"https:\/\/modest-napier.216-250-124-103.plesk.page\/index.php\/producto\/gotas-oftalmologicas-de-miel-c-15-ml-herbolar-natural\/"},"modified":"2025-09-24T20:43:26","modified_gmt":"2025-09-24T20:43:26","slug":"gotas-oftalmologicas-de-miel","status":"publish","type":"product","link":"https:\/\/modest-napier.216-250-124-103.plesk.page\/index.php\/producto\/gotas-oftalmologicas-de-miel\/","title":{"rendered":"Gotas oftalmol\u00f3gicas de miel 15 ml Herbolaria Natural"},"content":{"rendered":"<p>Las gotas oftalmol\u00f3gicas de miel son un excelente auxiliar en casos de ojos rojos, cansancio, resequedad, irritaci\u00f3n, cataratas, nubes y conjuntivitis.<\/p>\n","protected":false},"excerpt":{"rendered":"<p>Las gotas oftalmol\u00f3gicas de miel son un excelente auxiliar en casos de ojos rojos, cansancio, resequedad, irritaci\u00f3n, cataratas, nubes y conjuntivitis.<\/p>\n","protected":false},"featured_media":2220,"comment_status":"open","ping_status":"closed","template":"","meta":[],"product_brand":[438],"product_cat":[307,337,318],"product_tag":[83],"class_list":{"0":"post-5693","1":"product","2":"type-product","3":"status-publish","4":"has-post-thumbnail","6":"product_brand-herbolaria-naturala","7":"product_cat-nuevos","8":"product_cat-productos","9":"product_cat-salud","10":"product_tag-miel-de-abeja","12":"first","13":"instock","14":"shipping-taxable","15":"purchasable","16":"product-type-simple"},"_links":{"self":[{"href":"https:\/\/modest-napier.216-250-124-103.plesk.page\/index.php\/wp-json\/wp\/v2\/product\/5693","targetHints":{"allow":["GET"]}}],"collection":[{"href":"https:\/\/modest-napier.216-250-124-103.plesk.page\/index.php\/wp-json\/wp\/v2\/product"}],"about":[{"href":"https:\/\/modest-napier.216-250-124-103.plesk.page\/index.php\/wp-json\/wp\/v2\/types\/product"}],"replies":[{"embeddable":true,"href":"https:\/\/modest-napier.216-250-124-103.plesk.page\/index.php\/wp-json\/wp\/v2\/comments?post=5693"}],"wp:featuredmedia":[{"embeddable":true,"href":"https:\/\/modest-napier.216-250-124-103.plesk.page\/index.php\/wp-json\/wp\/v2\/media\/2220"}],"wp:attachment":[{"href":"https:\/\/modest-napier.216-250-124-103.plesk.page\/index.php\/wp-json\/wp\/v2\/media?parent=5693"}],"wp:term":[{"taxonomy":"product_brand","embeddable":true,"href":"https:\/\/modest-napier.216-250-124-103.plesk.page\/index.php\/wp-json\/wp\/v2\/product_brand?post=5693"},{"taxonomy":"product_cat","embeddable":true,"href":"https:\/\/modest-napier.216-250-124-103.plesk.page\/index.php\/wp-json\/wp\/v2\/product_cat?post=5693"},{"taxonomy":"product_tag","embeddable":true,"href":"https:\/\/modest-napier.216-250-124-103.plesk.page\/index.php\/wp-json\/wp\/v2\/product_tag?post=5693"}],"curies":[{"name":"wp","href":"https:\/\/api.w.org\/{rel}","templated":true}]}}