{"id":5694,"date":"2025-09-24T19:41:13","date_gmt":"2025-09-24T19:41:13","guid":{"rendered":"https:\/\/modest-napier.216-250-124-103.plesk.page\/index.php\/producto\/gotas-oftalmologicas-de-moringa-c-45-ml-herbolar-natural\/"},"modified":"2025-09-24T20:43:26","modified_gmt":"2025-09-24T20:43:26","slug":"gotas-oftalmologicas-de-moringa","status":"publish","type":"product","link":"https:\/\/modest-napier.216-250-124-103.plesk.page\/index.php\/producto\/gotas-oftalmologicas-de-moringa\/","title":{"rendered":"Gotas oftalmol\u00f3gicas de moringa 45 ml Herbolaria Natural"},"content":{"rendered":"<p>Contienen propiedades que mejoran la visi\u00f3n gracias a sus altos niveles de antioxidantes. La moringa puede detener la dilataci\u00f3n de los vasos de la retina, prevenir el engrosamiento de las membranas capilares e inhibir la disfunci\u00f3n de la retina.<\/p>\n","protected":false},"excerpt":{"rendered":"<p>Contienen propiedades que mejoran la visi\u00f3n gracias a sus altos niveles de antioxidantes. La moringa puede detener la dilataci\u00f3n de los vasos de la retina, prevenir el engrosamiento de las [&hellip;]<\/p>\n","protected":false},"featured_media":2221,"comment_status":"open","ping_status":"closed","template":"","meta":[],"product_brand":[439],"product_cat":[307,337,318],"product_tag":[49],"class_list":{"0":"post-5694","1":"product","2":"type-product","3":"status-publish","4":"has-post-thumbnail","6":"product_brand-herbolaria-natural","7":"product_cat-nuevos","8":"product_cat-productos","9":"product_cat-salud","10":"product_tag-moringa","12":"first","13":"instock","14":"shipping-taxable","15":"purchasable","16":"product-type-simple"},"_links":{"self":[{"href":"https:\/\/modest-napier.216-250-124-103.plesk.page\/index.php\/wp-json\/wp\/v2\/product\/5694","targetHints":{"allow":["GET"]}}],"collection":[{"href":"https:\/\/modest-napier.216-250-124-103.plesk.page\/index.php\/wp-json\/wp\/v2\/product"}],"about":[{"href":"https:\/\/modest-napier.216-250-124-103.plesk.page\/index.php\/wp-json\/wp\/v2\/types\/product"}],"replies":[{"embeddable":true,"href":"https:\/\/modest-napier.216-250-124-103.plesk.page\/index.php\/wp-json\/wp\/v2\/comments?post=5694"}],"wp:featuredmedia":[{"embeddable":true,"href":"https:\/\/modest-napier.216-250-124-103.plesk.page\/index.php\/wp-json\/wp\/v2\/media\/2221"}],"wp:attachment":[{"href":"https:\/\/modest-napier.216-250-124-103.plesk.page\/index.php\/wp-json\/wp\/v2\/media?parent=5694"}],"wp:term":[{"taxonomy":"product_brand","embeddable":true,"href":"https:\/\/modest-napier.216-250-124-103.plesk.page\/index.php\/wp-json\/wp\/v2\/product_brand?post=5694"},{"taxonomy":"product_cat","embeddable":true,"href":"https:\/\/modest-napier.216-250-124-103.plesk.page\/index.php\/wp-json\/wp\/v2\/product_cat?post=5694"},{"taxonomy":"product_tag","embeddable":true,"href":"https:\/\/modest-napier.216-250-124-103.plesk.page\/index.php\/wp-json\/wp\/v2\/product_tag?post=5694"}],"curies":[{"name":"wp","href":"https:\/\/api.w.org\/{rel}","templated":true}]}}