{"id":5696,"date":"2025-09-24T19:41:15","date_gmt":"2025-09-24T19:41:15","guid":{"rendered":"https:\/\/modest-napier.216-250-124-103.plesk.page\/index.php\/producto\/gotas-oidos-poleo-y-palo-c-20-ml-dina\/"},"modified":"2025-09-24T20:46:26","modified_gmt":"2025-09-24T20:46:26","slug":"gotas-oido-poleo-y-palo","status":"publish","type":"product","link":"https:\/\/modest-napier.216-250-124-103.plesk.page\/index.php\/producto\/gotas-oido-poleo-y-palo\/","title":{"rendered":"Gotas para O\u00eddos con Aceite de Poleo y Palo 20 ml"},"content":{"rendered":"<p data-mce-fragment=\"1\">Las\u00a0<strong>gotas con aceite de poleo y aceite de palo para o\u00eddos<\/strong> est\u00e1n indicadas para dolor de o\u00eddos, otitis externa (oreja de nadador), tapones (cerumen), enfermedad de maniere, v\u00e9rtigo, mareos, zumbidos. <em>Esta soluci\u00f3n para los o\u00eddos de aceite de poleo y palo est\u00e1 reforzada con vitamina A.<\/em><strong><\/strong><\/p>\n","protected":false},"excerpt":{"rendered":"<p>Las\u00a0gotas con aceite de poleo y aceite de palo para o\u00eddos est\u00e1n indicadas para dolor de o\u00eddos, otitis externa (oreja de nadador), tapones (cerumen), enfermedad de maniere, v\u00e9rtigo, mareos, zumbidos. [&hellip;]<\/p>\n","protected":false},"featured_media":2223,"comment_status":"open","ping_status":"closed","template":"","meta":[],"product_brand":[396],"product_cat":[337,318],"product_tag":[56],"class_list":{"0":"post-5696","1":"product","2":"type-product","3":"status-publish","4":"has-post-thumbnail","6":"product_brand-dina","7":"product_cat-productos","8":"product_cat-salud","9":"product_tag-poleo","11":"first","12":"instock","13":"shipping-taxable","14":"purchasable","15":"product-type-simple"},"_links":{"self":[{"href":"https:\/\/modest-napier.216-250-124-103.plesk.page\/index.php\/wp-json\/wp\/v2\/product\/5696","targetHints":{"allow":["GET"]}}],"collection":[{"href":"https:\/\/modest-napier.216-250-124-103.plesk.page\/index.php\/wp-json\/wp\/v2\/product"}],"about":[{"href":"https:\/\/modest-napier.216-250-124-103.plesk.page\/index.php\/wp-json\/wp\/v2\/types\/product"}],"replies":[{"embeddable":true,"href":"https:\/\/modest-napier.216-250-124-103.plesk.page\/index.php\/wp-json\/wp\/v2\/comments?post=5696"}],"wp:featuredmedia":[{"embeddable":true,"href":"https:\/\/modest-napier.216-250-124-103.plesk.page\/index.php\/wp-json\/wp\/v2\/media\/2223"}],"wp:attachment":[{"href":"https:\/\/modest-napier.216-250-124-103.plesk.page\/index.php\/wp-json\/wp\/v2\/media?parent=5696"}],"wp:term":[{"taxonomy":"product_brand","embeddable":true,"href":"https:\/\/modest-napier.216-250-124-103.plesk.page\/index.php\/wp-json\/wp\/v2\/product_brand?post=5696"},{"taxonomy":"product_cat","embeddable":true,"href":"https:\/\/modest-napier.216-250-124-103.plesk.page\/index.php\/wp-json\/wp\/v2\/product_cat?post=5696"},{"taxonomy":"product_tag","embeddable":true,"href":"https:\/\/modest-napier.216-250-124-103.plesk.page\/index.php\/wp-json\/wp\/v2\/product_tag?post=5696"}],"curies":[{"name":"wp","href":"https:\/\/api.w.org\/{rel}","templated":true}]}}