{"id":5697,"date":"2025-09-24T19:41:16","date_gmt":"2025-09-24T19:41:16","guid":{"rendered":"https:\/\/modest-napier.216-250-124-103.plesk.page\/index.php\/producto\/gotas-ojo-de-aguila-15-ml-gotas-naturales\/"},"modified":"2025-09-24T20:47:28","modified_gmt":"2025-09-24T20:47:28","slug":"gotas-ojo-de-aguila-15-ml-gotas-naturales","status":"publish","type":"product","link":"https:\/\/modest-napier.216-250-124-103.plesk.page\/index.php\/producto\/gotas-ojo-de-aguila-15-ml-gotas-naturales\/","title":{"rendered":"Gotas de Ojo de \u00c1guila 15 ml Gotas Naturales"},"content":{"rendered":"<p><strong>Descripci\u00f3n:<\/strong><\/p>\n<p>Si tus ojos necesitan un alivio natural, las <strong>gotas Ojo de \u00c1guila<\/strong> son la respuesta. Estas gotas naturistas est\u00e1n dise\u00f1adas para combatir una amplia gama de problemas oculares, desde la sequedad y la inflamaci\u00f3n hasta la conjuntivitis y el cansancio visual. Adem\u00e1s, Ojo de \u00c1guila puede ayudar a aclarar las nubes en tu visi\u00f3n y aliviar las molestias causadas por cataratas e irritaci\u00f3n ocular. Dale a tus ojos el cuidado que merecen con las <em>gotas Ojo de \u00c1guila<\/em> y disfruta de una vista m\u00e1s clara y c\u00f3moda.<\/p>\n<p><!--\n\n<p>Est\u00e1 indicado&nbsp;para la sequedad ocular, inflamaciones, conjuntivitis, cansancio visual y lagrimeos, nubes, cataratas e irritaci\u00f3n de los&nbsp;ojos.&nbsp;<\/p>\n\n--><\/p>\n<p><strong>Modo de uso:<\/strong><\/p>\n<p>Aplicar de 2 a 3 gotas en cada ojo, cuantas veces se requiera.<\/p>\n<p><strong>Contenido:<\/strong><\/p>\n<p>15 ml.<\/p>\n","protected":false},"excerpt":{"rendered":"<p>Descripci\u00f3n: Si tus ojos necesitan un alivio natural, las gotas Ojo de \u00c1guila son la respuesta. Estas gotas naturistas est\u00e1n dise\u00f1adas para combatir una amplia gama de problemas oculares, desde [&hellip;]<\/p>\n","protected":false},"featured_media":2224,"comment_status":"open","ping_status":"closed","template":"","meta":[],"product_brand":[504],"product_cat":[301,337,318],"product_tag":[],"class_list":{"0":"post-5697","1":"product","2":"type-product","3":"status-publish","4":"has-post-thumbnail","6":"product_brand-gotas-naturales","7":"product_cat-gotas-para-los-ojos","8":"product_cat-productos","9":"product_cat-salud","11":"first","12":"instock","13":"shipping-taxable","14":"purchasable","15":"product-type-simple"},"_links":{"self":[{"href":"https:\/\/modest-napier.216-250-124-103.plesk.page\/index.php\/wp-json\/wp\/v2\/product\/5697","targetHints":{"allow":["GET"]}}],"collection":[{"href":"https:\/\/modest-napier.216-250-124-103.plesk.page\/index.php\/wp-json\/wp\/v2\/product"}],"about":[{"href":"https:\/\/modest-napier.216-250-124-103.plesk.page\/index.php\/wp-json\/wp\/v2\/types\/product"}],"replies":[{"embeddable":true,"href":"https:\/\/modest-napier.216-250-124-103.plesk.page\/index.php\/wp-json\/wp\/v2\/comments?post=5697"}],"wp:featuredmedia":[{"embeddable":true,"href":"https:\/\/modest-napier.216-250-124-103.plesk.page\/index.php\/wp-json\/wp\/v2\/media\/2224"}],"wp:attachment":[{"href":"https:\/\/modest-napier.216-250-124-103.plesk.page\/index.php\/wp-json\/wp\/v2\/media?parent=5697"}],"wp:term":[{"taxonomy":"product_brand","embeddable":true,"href":"https:\/\/modest-napier.216-250-124-103.plesk.page\/index.php\/wp-json\/wp\/v2\/product_brand?post=5697"},{"taxonomy":"product_cat","embeddable":true,"href":"https:\/\/modest-napier.216-250-124-103.plesk.page\/index.php\/wp-json\/wp\/v2\/product_cat?post=5697"},{"taxonomy":"product_tag","embeddable":true,"href":"https:\/\/modest-napier.216-250-124-103.plesk.page\/index.php\/wp-json\/wp\/v2\/product_tag?post=5697"}],"curies":[{"name":"wp","href":"https:\/\/api.w.org\/{rel}","templated":true}]}}