{"id":5699,"date":"2025-09-24T19:41:20","date_gmt":"2025-09-24T19:41:20","guid":{"rendered":"https:\/\/modest-napier.216-250-124-103.plesk.page\/index.php\/producto\/gotas-oxigeno-liquido-concentrado-c-60-ml-organica\/"},"modified":"2025-09-24T20:43:32","modified_gmt":"2025-09-24T20:43:32","slug":"oxigeno-liquido-concentrado","status":"publish","type":"product","link":"https:\/\/modest-napier.216-250-124-103.plesk.page\/index.php\/producto\/oxigeno-liquido-concentrado\/","title":{"rendered":"Ox\u00edgeno L\u00edquido Concentrado 60 ml La Org\u00e1nica"},"content":{"rendered":"<p>El\u00a0<strong>suplemento alimenticio en gotas de Ox\u00edgeno l\u00edquido concentrado<\/strong> ayuda a fortalecer el sistema inmunol\u00f3gico, oxigena a todo el cuerpo en general aportando energ\u00eda, vitalidad. Act\u00faa como reconstituyente.<strong><\/strong><\/p>\n","protected":false},"excerpt":{"rendered":"<p>El\u00a0suplemento alimenticio en gotas de Ox\u00edgeno l\u00edquido concentrado ayuda a fortalecer el sistema inmunol\u00f3gico, oxigena a todo el cuerpo en general aportando energ\u00eda, vitalidad. Act\u00faa como reconstituyente.<\/p>\n","protected":false},"featured_media":2226,"comment_status":"open","ping_status":"closed","template":"","meta":[],"product_brand":[450],"product_cat":[308,337,318],"product_tag":[238],"class_list":{"0":"post-5699","1":"product","2":"type-product","3":"status-publish","4":"has-post-thumbnail","6":"product_brand-organica","7":"product_cat-nutricion","8":"product_cat-productos","9":"product_cat-salud","10":"product_tag-oxigeno","12":"first","13":"outofstock","14":"shipping-taxable","15":"purchasable","16":"product-type-simple"},"_links":{"self":[{"href":"https:\/\/modest-napier.216-250-124-103.plesk.page\/index.php\/wp-json\/wp\/v2\/product\/5699","targetHints":{"allow":["GET"]}}],"collection":[{"href":"https:\/\/modest-napier.216-250-124-103.plesk.page\/index.php\/wp-json\/wp\/v2\/product"}],"about":[{"href":"https:\/\/modest-napier.216-250-124-103.plesk.page\/index.php\/wp-json\/wp\/v2\/types\/product"}],"replies":[{"embeddable":true,"href":"https:\/\/modest-napier.216-250-124-103.plesk.page\/index.php\/wp-json\/wp\/v2\/comments?post=5699"}],"wp:featuredmedia":[{"embeddable":true,"href":"https:\/\/modest-napier.216-250-124-103.plesk.page\/index.php\/wp-json\/wp\/v2\/media\/2226"}],"wp:attachment":[{"href":"https:\/\/modest-napier.216-250-124-103.plesk.page\/index.php\/wp-json\/wp\/v2\/media?parent=5699"}],"wp:term":[{"taxonomy":"product_brand","embeddable":true,"href":"https:\/\/modest-napier.216-250-124-103.plesk.page\/index.php\/wp-json\/wp\/v2\/product_brand?post=5699"},{"taxonomy":"product_cat","embeddable":true,"href":"https:\/\/modest-napier.216-250-124-103.plesk.page\/index.php\/wp-json\/wp\/v2\/product_cat?post=5699"},{"taxonomy":"product_tag","embeddable":true,"href":"https:\/\/modest-napier.216-250-124-103.plesk.page\/index.php\/wp-json\/wp\/v2\/product_tag?post=5699"}],"curies":[{"name":"wp","href":"https:\/\/api.w.org\/{rel}","templated":true}]}}