{"id":5706,"date":"2025-09-24T19:41:29","date_gmt":"2025-09-24T19:41:29","guid":{"rendered":"https:\/\/modest-napier.216-250-124-103.plesk.page\/index.php\/producto\/gotas-una-de-gato-c-40-ml-dina\/"},"modified":"2025-09-24T20:45:08","modified_gmt":"2025-09-24T20:45:08","slug":"gotas-una-de-gato-c-40-ml-dina","status":"publish","type":"product","link":"https:\/\/modest-napier.216-250-124-103.plesk.page\/index.php\/producto\/gotas-una-de-gato-c-40-ml-dina\/","title":{"rendered":"Gotas de U\u00f1a de Gato con Vitamina A 40 ml Dina"},"content":{"rendered":"<p data-mce-fragment=\"1\"><strong data-mce-fragment=\"1\">Descripci\u00f3n:<\/strong><\/p>\n<p data-mce-fragment=\"1\"><span>La <strong>soluci\u00f3n en gotas U\u00f1a de Gato<\/strong> (reforzadas con vitamina A) es un auxiliar indicado para la conjuntivitis, carnosidad, cataratas, ojos rojizos, flebitis\u00a0e infecciones leves. Limpia los ojos. Ayuda a los ojos cansados.<\/span><\/p>\n<p data-mce-fragment=\"1\"><span>Esta soluci\u00f3n en gotas no solo limpia tus ojos, sino que tambi\u00e9n act\u00faa como un auxiliar poderoso en diversas afecciones oculares. Desde la conjuntivitis hasta la carnosidad, pasando por cataratas y ojos rojizos, estas gotas ofrecen alivio y apoyo. La inclusi\u00f3n de la Vitamina A refuerza a\u00fan m\u00e1s su capacidad para rejuvenecer y revitalizar tus ojos. \u00bfOjos cansados despu\u00e9s de un d\u00eda largo? <em>Las Gotas Naturistas U\u00f1a de Gato est\u00e1n aqu\u00ed para brindar alivio y refrescar tus ojos cansados<\/em>.<\/span><\/p>\n<p data-mce-fragment=\"1\"><strong data-mce-fragment=\"1\">Modo de uso:<\/strong><\/p>\n<p data-mce-fragment=\"1\"><span>Aplicar de 2 a 3 gotas en cada ojo, cuantas veces lo requiera.<\/span><\/p>\n<p data-mce-fragment=\"1\"><strong data-mce-fragment=\"1\">Contenido:<\/strong><\/p>\n<p data-mce-fragment=\"1\">40\u00a0ml.<\/p>\n","protected":false},"excerpt":{"rendered":"<p>Descripci\u00f3n: La soluci\u00f3n en gotas U\u00f1a de Gato (reforzadas con vitamina A) es un auxiliar indicado para la conjuntivitis, carnosidad, cataratas, ojos rojizos, flebitis\u00a0e infecciones leves. Limpia los ojos. Ayuda [&hellip;]<\/p>\n","protected":false},"featured_media":2233,"comment_status":"open","ping_status":"closed","template":"","meta":[],"product_brand":[396],"product_cat":[301,337,318],"product_tag":[192],"class_list":{"0":"post-5706","1":"product","2":"type-product","3":"status-publish","4":"has-post-thumbnail","6":"product_brand-dina","7":"product_cat-gotas-para-los-ojos","8":"product_cat-productos","9":"product_cat-salud","10":"product_tag-una-de-gato","12":"first","13":"instock","14":"shipping-taxable","15":"purchasable","16":"product-type-simple"},"_links":{"self":[{"href":"https:\/\/modest-napier.216-250-124-103.plesk.page\/index.php\/wp-json\/wp\/v2\/product\/5706","targetHints":{"allow":["GET"]}}],"collection":[{"href":"https:\/\/modest-napier.216-250-124-103.plesk.page\/index.php\/wp-json\/wp\/v2\/product"}],"about":[{"href":"https:\/\/modest-napier.216-250-124-103.plesk.page\/index.php\/wp-json\/wp\/v2\/types\/product"}],"replies":[{"embeddable":true,"href":"https:\/\/modest-napier.216-250-124-103.plesk.page\/index.php\/wp-json\/wp\/v2\/comments?post=5706"}],"wp:featuredmedia":[{"embeddable":true,"href":"https:\/\/modest-napier.216-250-124-103.plesk.page\/index.php\/wp-json\/wp\/v2\/media\/2233"}],"wp:attachment":[{"href":"https:\/\/modest-napier.216-250-124-103.plesk.page\/index.php\/wp-json\/wp\/v2\/media?parent=5706"}],"wp:term":[{"taxonomy":"product_brand","embeddable":true,"href":"https:\/\/modest-napier.216-250-124-103.plesk.page\/index.php\/wp-json\/wp\/v2\/product_brand?post=5706"},{"taxonomy":"product_cat","embeddable":true,"href":"https:\/\/modest-napier.216-250-124-103.plesk.page\/index.php\/wp-json\/wp\/v2\/product_cat?post=5706"},{"taxonomy":"product_tag","embeddable":true,"href":"https:\/\/modest-napier.216-250-124-103.plesk.page\/index.php\/wp-json\/wp\/v2\/product_tag?post=5706"}],"curies":[{"name":"wp","href":"https:\/\/api.w.org\/{rel}","templated":true}]}}