{"id":5708,"date":"2025-09-24T19:41:31","date_gmt":"2025-09-24T19:41:31","guid":{"rendered":"https:\/\/modest-napier.216-250-124-103.plesk.page\/index.php\/producto\/gragea-de-witt-morado-c-100\/"},"modified":"2025-09-24T20:46:25","modified_gmt":"2025-09-24T20:46:25","slug":"gragea-de-witt-morado-c-100","status":"publish","type":"product","link":"https:\/\/modest-napier.216-250-124-103.plesk.page\/index.php\/producto\/gragea-de-witt-morado-c-100\/","title":{"rendered":"De Witt&#8217;s Morado 10 grageas Umma Natural"},"content":{"rendered":"<p><strong>Descripci\u00f3n:<\/strong><\/p>\n<ul>\n<li>Reduce el \u00e1cido \u00farico.<\/li>\n<li>Regenera los ri\u00f1ones.<\/li>\n<li>Alivia dolores reum\u00e1ticos.<\/li>\n<\/ul>\n<p><strong>Modo de uso:<\/strong><\/p>\n<p>Tomar 2 grageas antes de los alimentos.<\/p>\n<p><strong>Contenido:<\/strong><\/p>\n<p>100 grageas.<\/p>\n","protected":false},"excerpt":{"rendered":"<p>Descripci\u00f3n: Reduce el \u00e1cido \u00farico. Regenera los ri\u00f1ones. Alivia dolores reum\u00e1ticos. Modo de uso: Tomar 2 grageas antes de los alimentos. Contenido: 100 grageas.<\/p>\n","protected":false},"featured_media":2235,"comment_status":"open","ping_status":"closed","template":"","meta":[],"product_brand":[352],"product_cat":[337,318,321],"product_tag":[],"class_list":{"0":"post-5708","1":"product","2":"type-product","3":"status-publish","4":"has-post-thumbnail","6":"product_brand-natuzem","7":"product_cat-productos","8":"product_cat-salud","9":"product_cat-salud-de-los-rinones","11":"first","12":"outofstock","13":"shipping-taxable","14":"purchasable","15":"product-type-simple"},"_links":{"self":[{"href":"https:\/\/modest-napier.216-250-124-103.plesk.page\/index.php\/wp-json\/wp\/v2\/product\/5708","targetHints":{"allow":["GET"]}}],"collection":[{"href":"https:\/\/modest-napier.216-250-124-103.plesk.page\/index.php\/wp-json\/wp\/v2\/product"}],"about":[{"href":"https:\/\/modest-napier.216-250-124-103.plesk.page\/index.php\/wp-json\/wp\/v2\/types\/product"}],"replies":[{"embeddable":true,"href":"https:\/\/modest-napier.216-250-124-103.plesk.page\/index.php\/wp-json\/wp\/v2\/comments?post=5708"}],"wp:featuredmedia":[{"embeddable":true,"href":"https:\/\/modest-napier.216-250-124-103.plesk.page\/index.php\/wp-json\/wp\/v2\/media\/2235"}],"wp:attachment":[{"href":"https:\/\/modest-napier.216-250-124-103.plesk.page\/index.php\/wp-json\/wp\/v2\/media?parent=5708"}],"wp:term":[{"taxonomy":"product_brand","embeddable":true,"href":"https:\/\/modest-napier.216-250-124-103.plesk.page\/index.php\/wp-json\/wp\/v2\/product_brand?post=5708"},{"taxonomy":"product_cat","embeddable":true,"href":"https:\/\/modest-napier.216-250-124-103.plesk.page\/index.php\/wp-json\/wp\/v2\/product_cat?post=5708"},{"taxonomy":"product_tag","embeddable":true,"href":"https:\/\/modest-napier.216-250-124-103.plesk.page\/index.php\/wp-json\/wp\/v2\/product_tag?post=5708"}],"curies":[{"name":"wp","href":"https:\/\/api.w.org\/{rel}","templated":true}]}}