{"id":5709,"date":"2025-09-24T19:41:34","date_gmt":"2025-09-24T19:41:34","guid":{"rendered":"https:\/\/modest-napier.216-250-124-103.plesk.page\/index.php\/producto\/grageas-acido-folico-c-90-anahuac\/"},"modified":"2025-09-24T20:46:47","modified_gmt":"2025-09-24T20:46:47","slug":"cap-acido-folico-c-90-anahuac","status":"publish","type":"product","link":"https:\/\/modest-napier.216-250-124-103.plesk.page\/index.php\/producto\/cap-acido-folico-c-90-anahuac\/","title":{"rendered":"\u00c1cido F\u00f3lico 90 grageas An\u00e1huac"},"content":{"rendered":"<p data-mce-fragment=\"1\"><strong data-mce-fragment=\"1\">Descripci\u00f3n:<\/strong><\/p>\n<p data-mce-fragment=\"1\">El <strong>\u00e1cido f\u00f3lico<\/strong> es ideal para mujeres embarazadas o que planean embarazarse, obtiene la energ\u00eda\u00a0mental que su cerebro necesita gran fuente en <a href=\"https:\/\/natuzem.com\/blogs\/salud-natural\/vitaminas-salud-mujer\">vitaminas<\/a>.<\/p>\n<p data-mce-fragment=\"1\"><strong data-mce-fragment=\"1\">Modo de uso:<\/strong><\/p>\n<p data-mce-fragment=\"1\"><span>Tomar 1 gragea al\u00a0<\/span>d\u00eda.<\/p>\n<p data-mce-fragment=\"1\"><strong data-mce-fragment=\"1\">Contenido:<\/strong><\/p>\n<p data-mce-fragment=\"1\">90\u00a0grageas.\u00a0<\/p>\n","protected":false},"excerpt":{"rendered":"<p>Descripci\u00f3n: El \u00e1cido f\u00f3lico es ideal para mujeres embarazadas o que planean embarazarse, obtiene la energ\u00eda\u00a0mental que su cerebro necesita gran fuente en vitaminas. Modo de uso: Tomar 1 gragea [&hellip;]<\/p>\n","protected":false},"featured_media":2236,"comment_status":"open","ping_status":"closed","template":"","meta":[],"product_brand":[363],"product_cat":[337,318,329,335],"product_tag":[169],"class_list":{"0":"post-5709","1":"product","2":"type-product","3":"status-publish","4":"has-post-thumbnail","6":"product_brand-anahuac","7":"product_cat-productos","8":"product_cat-salud","9":"product_cat-suplementos-para-la-mujer","10":"product_cat-vitaminas-y-minerales","11":"product_tag-acido-folico","13":"first","14":"instock","15":"shipping-taxable","16":"purchasable","17":"product-type-simple"},"_links":{"self":[{"href":"https:\/\/modest-napier.216-250-124-103.plesk.page\/index.php\/wp-json\/wp\/v2\/product\/5709","targetHints":{"allow":["GET"]}}],"collection":[{"href":"https:\/\/modest-napier.216-250-124-103.plesk.page\/index.php\/wp-json\/wp\/v2\/product"}],"about":[{"href":"https:\/\/modest-napier.216-250-124-103.plesk.page\/index.php\/wp-json\/wp\/v2\/types\/product"}],"replies":[{"embeddable":true,"href":"https:\/\/modest-napier.216-250-124-103.plesk.page\/index.php\/wp-json\/wp\/v2\/comments?post=5709"}],"wp:featuredmedia":[{"embeddable":true,"href":"https:\/\/modest-napier.216-250-124-103.plesk.page\/index.php\/wp-json\/wp\/v2\/media\/2236"}],"wp:attachment":[{"href":"https:\/\/modest-napier.216-250-124-103.plesk.page\/index.php\/wp-json\/wp\/v2\/media?parent=5709"}],"wp:term":[{"taxonomy":"product_brand","embeddable":true,"href":"https:\/\/modest-napier.216-250-124-103.plesk.page\/index.php\/wp-json\/wp\/v2\/product_brand?post=5709"},{"taxonomy":"product_cat","embeddable":true,"href":"https:\/\/modest-napier.216-250-124-103.plesk.page\/index.php\/wp-json\/wp\/v2\/product_cat?post=5709"},{"taxonomy":"product_tag","embeddable":true,"href":"https:\/\/modest-napier.216-250-124-103.plesk.page\/index.php\/wp-json\/wp\/v2\/product_tag?post=5709"}],"curies":[{"name":"wp","href":"https:\/\/api.w.org\/{rel}","templated":true}]}}