{"id":5710,"date":"2025-09-24T19:41:35","date_gmt":"2025-09-24T19:41:35","guid":{"rendered":"https:\/\/modest-napier.216-250-124-103.plesk.page\/index.php\/producto\/grageas-fer-y-greco-fenogreco-omega-369-c-60-fuerza-y-vida\/"},"modified":"2025-09-24T20:46:25","modified_gmt":"2025-09-24T20:46:25","slug":"grageas-fer-y-greco-fenogreco-omega-3-6-9-c-60-fuerza-y-vida","status":"publish","type":"product","link":"https:\/\/modest-napier.216-250-124-103.plesk.page\/index.php\/producto\/grageas-fer-y-greco-fenogreco-omega-3-6-9-c-60-fuerza-y-vida\/","title":{"rendered":"Fer&#038;Greco Omega 3, 6, 9 60 grageas Fuerza y Vida"},"content":{"rendered":"<p><strong>Descripci\u00f3n:<\/strong><\/p>\n<p><strong>Fer&amp;Greco Omega 3, 6 y 9<\/strong> es una inversi\u00f3n en tu bienestar a largo plazo. Estas grageas te proporcionan una combinaci\u00f3n de \u00e1cidos grasos esenciales que son fundamentales para mantener una salud \u00f3ptima. Desde ayudar en el control de \u00falceras y colitis hasta corregir desequilibrios diet\u00e9ticos comunes en la vida moderna, estas grageas son un complemento esencial para tu rutina diaria. Su riqueza en \u00e1cidos grasos omega 3 contribuye a la reducci\u00f3n del riesgo de enfermedades cr\u00f3nicas, como enfermedades card\u00edacas y c\u00e1ncer, mientras que tambi\u00e9n trabaja para mantener tus niveles de colesterol bajo control. Con <em>Fer&amp;Greco Omega 3, 6 y 9<\/em>, est\u00e1s fortaleciendo tu salud y bienestar con cada gragea que tomas. \u00a1Invierte en tu salud hoy y experimenta los beneficios duraderos de este excepcional suplemento!<\/p>\n<h3>Beneficios de Fer&amp;Greco<br \/>\n<\/h3>\n<ul>\n<li><span>Auxiliar en el control de \u00falceras y colitis.\u00a0<\/span><\/li>\n<li><span>Corrigen los desequilibrios en las dietas modernas que acarrean problemas de salud. Una alimentaci\u00f3n rica en \u00e1cidos grasos omega-3 puede ayudar a reducir el riesgo de enfermedades cr\u00f3nicas; por ejemplo, enfermedades coronarias, accidentes cerebrovasculares y c\u00e1ncer; tambi\u00e9n reduce el colesterol LDL o \u00abmalo\u00bb.<\/span><\/li>\n<\/ul>\n<p><strong>Modo de uso:<\/strong><\/p>\n<p>Tomar 2 grageas con los alimentos.<\/p>\n<p><strong>Contenido:<\/strong><\/p>\n<p>60 grageas.<\/p>\n","protected":false},"excerpt":{"rendered":"<p>Descripci\u00f3n: Fer&amp;Greco Omega 3, 6 y 9 es una inversi\u00f3n en tu bienestar a largo plazo. Estas grageas te proporcionan una combinaci\u00f3n de \u00e1cidos grasos esenciales que son fundamentales para [&hellip;]<\/p>\n","protected":false},"featured_media":2237,"comment_status":"open","ping_status":"closed","template":"","meta":[],"product_brand":[600],"product_cat":[337,318,319],"product_tag":[42,133],"class_list":{"0":"post-5710","1":"product","2":"type-product","3":"status-publish","4":"has-post-thumbnail","6":"product_brand-fuerza-y-vida","7":"product_cat-productos","8":"product_cat-salud","9":"product_cat-salud-cardiovascular","10":"product_tag-fenogreco","11":"product_tag-omega-3-6-9","13":"first","14":"instock","15":"shipping-taxable","16":"purchasable","17":"product-type-simple"},"_links":{"self":[{"href":"https:\/\/modest-napier.216-250-124-103.plesk.page\/index.php\/wp-json\/wp\/v2\/product\/5710","targetHints":{"allow":["GET"]}}],"collection":[{"href":"https:\/\/modest-napier.216-250-124-103.plesk.page\/index.php\/wp-json\/wp\/v2\/product"}],"about":[{"href":"https:\/\/modest-napier.216-250-124-103.plesk.page\/index.php\/wp-json\/wp\/v2\/types\/product"}],"replies":[{"embeddable":true,"href":"https:\/\/modest-napier.216-250-124-103.plesk.page\/index.php\/wp-json\/wp\/v2\/comments?post=5710"}],"wp:featuredmedia":[{"embeddable":true,"href":"https:\/\/modest-napier.216-250-124-103.plesk.page\/index.php\/wp-json\/wp\/v2\/media\/2237"}],"wp:attachment":[{"href":"https:\/\/modest-napier.216-250-124-103.plesk.page\/index.php\/wp-json\/wp\/v2\/media?parent=5710"}],"wp:term":[{"taxonomy":"product_brand","embeddable":true,"href":"https:\/\/modest-napier.216-250-124-103.plesk.page\/index.php\/wp-json\/wp\/v2\/product_brand?post=5710"},{"taxonomy":"product_cat","embeddable":true,"href":"https:\/\/modest-napier.216-250-124-103.plesk.page\/index.php\/wp-json\/wp\/v2\/product_cat?post=5710"},{"taxonomy":"product_tag","embeddable":true,"href":"https:\/\/modest-napier.216-250-124-103.plesk.page\/index.php\/wp-json\/wp\/v2\/product_tag?post=5710"}],"curies":[{"name":"wp","href":"https:\/\/api.w.org\/{rel}","templated":true}]}}