{"id":5724,"date":"2025-09-24T19:41:58","date_gmt":"2025-09-24T19:41:58","guid":{"rendered":"https:\/\/modest-napier.216-250-124-103.plesk.page\/index.php\/producto\/henna-en-sobres-c-60-grs-aly\/"},"modified":"2025-09-24T20:46:04","modified_gmt":"2025-09-24T20:46:04","slug":"henna-en-sobres-c-60-grs-aly","status":"publish","type":"product","link":"https:\/\/modest-napier.216-250-124-103.plesk.page\/index.php\/producto\/henna-en-sobres-c-60-grs-aly\/","title":{"rendered":"Henna en Sobres Tinte 100% Natural 60 Aly"},"content":{"rendered":"<p data-mce-fragment=\"1\"><strong data-mce-fragment=\"1\">Descripci\u00f3n:<\/strong><\/p>\n<p data-mce-fragment=\"1\">La\u00a0henna\u00a0es un producto natural que se utiliza\u00a0para\u00a0te\u00f1ir el pelo (y tambi\u00e9n la piel) desde hace siglos. Adem\u00e1s de ayudar a cubrir las canas, la\u00a0henna\u00a0tiene otros beneficios: fortalece el cabello y le aporta brillo.<\/p>\n<p data-mce-fragment=\"1\"><span data-mce-fragment=\"1\"><\/span><span data-mce-fragment=\"1\"><\/span><strong data-mce-fragment=\"1\">Modo de uso:<\/strong><\/p>\n<p data-mce-fragment=\"1\"><span>A\u00f1ade agua hirviendo a una peque\u00f1a cantidad de\u00a0<\/span><b>henna<\/b><span>\u00a0en un recipiente resistente al calor y usa guantes de goma para aplicarla en un mech\u00f3n de cabello de alrededor de 1 cm de ancho. Deja la\u00a0<\/span><b>henna<\/b><span>\u00a0aplicada entre 1 hora y un m\u00e1ximo de tres horas y, a continuaci\u00f3n, lava el cabello con champ\u00fa y enjuaga.<\/span><\/p>\n<p data-mce-fragment=\"1\"><span data-mce-fragment=\"1\"><\/span><span data-mce-fragment=\"1\"><\/span><strong data-mce-fragment=\"1\">Contenido:<\/strong><\/p>\n<p data-mce-fragment=\"1\">60 Grs.<\/p>\n","protected":false},"excerpt":{"rendered":"<p>Descripci\u00f3n: La\u00a0henna\u00a0es un producto natural que se utiliza\u00a0para\u00a0te\u00f1ir el pelo (y tambi\u00e9n la piel) desde hace siglos. Adem\u00e1s de ayudar a cubrir las canas, la\u00a0henna\u00a0tiene otros beneficios: fortalece el cabello [&hellip;]<\/p>\n","protected":false},"featured_media":2252,"comment_status":"open","ping_status":"closed","template":"","meta":[],"product_brand":[374],"product_cat":[289,337,334],"product_tag":[],"class_list":{"0":"post-5724","1":"product","2":"type-product","3":"status-publish","4":"has-post-thumbnail","6":"product_brand-aly","7":"product_cat-belleza","8":"product_cat-productos","9":"product_cat-tintes-para-cabello","11":"first","12":"outofstock","13":"shipping-taxable","14":"purchasable","15":"product-type-simple"},"_links":{"self":[{"href":"https:\/\/modest-napier.216-250-124-103.plesk.page\/index.php\/wp-json\/wp\/v2\/product\/5724","targetHints":{"allow":["GET"]}}],"collection":[{"href":"https:\/\/modest-napier.216-250-124-103.plesk.page\/index.php\/wp-json\/wp\/v2\/product"}],"about":[{"href":"https:\/\/modest-napier.216-250-124-103.plesk.page\/index.php\/wp-json\/wp\/v2\/types\/product"}],"replies":[{"embeddable":true,"href":"https:\/\/modest-napier.216-250-124-103.plesk.page\/index.php\/wp-json\/wp\/v2\/comments?post=5724"}],"wp:featuredmedia":[{"embeddable":true,"href":"https:\/\/modest-napier.216-250-124-103.plesk.page\/index.php\/wp-json\/wp\/v2\/media\/2252"}],"wp:attachment":[{"href":"https:\/\/modest-napier.216-250-124-103.plesk.page\/index.php\/wp-json\/wp\/v2\/media?parent=5724"}],"wp:term":[{"taxonomy":"product_brand","embeddable":true,"href":"https:\/\/modest-napier.216-250-124-103.plesk.page\/index.php\/wp-json\/wp\/v2\/product_brand?post=5724"},{"taxonomy":"product_cat","embeddable":true,"href":"https:\/\/modest-napier.216-250-124-103.plesk.page\/index.php\/wp-json\/wp\/v2\/product_cat?post=5724"},{"taxonomy":"product_tag","embeddable":true,"href":"https:\/\/modest-napier.216-250-124-103.plesk.page\/index.php\/wp-json\/wp\/v2\/product_tag?post=5724"}],"curies":[{"name":"wp","href":"https:\/\/api.w.org\/{rel}","templated":true}]}}