{"id":5725,"date":"2025-09-24T19:41:59","date_gmt":"2025-09-24T19:41:59","guid":{"rendered":"https:\/\/modest-napier.216-250-124-103.plesk.page\/index.php\/producto\/hojas-de-guanabana-100gr\/"},"modified":"2025-09-24T20:46:24","modified_gmt":"2025-09-24T20:46:24","slug":"hojas-de-guanabana-100gr","status":"publish","type":"product","link":"https:\/\/modest-napier.216-250-124-103.plesk.page\/index.php\/producto\/hojas-de-guanabana-100gr\/","title":{"rendered":"Hojas de Guan\u00e1bana 100 g"},"content":{"rendered":"<p data-mce-fragment=\"1\"><strong data-mce-fragment=\"1\">Descripci\u00f3n:<\/strong><\/p>\n<p data-mce-fragment=\"1\"><span>Las <strong>hojas de guan\u00e1bana<\/strong> tienen un gran potencial quimiopreventivo y terap\u00e9utico con compuestos para impedir el avance de diferentes tipos de c\u00e1ncer, tumores as\u00ed como prevenir su aparici\u00f3n.<\/span><\/p>\n<p data-mce-fragment=\"1\"><span>Ayuda a las enfermedades infecciosas por las propiedades antiparasitarias y microbianas, as\u00ed como infecciones estomacales.<\/p>\n<p>Regula los niveles de az\u00facar en la sangre y ayuda a dilatar los vasos sangu\u00edneos regulando la presi\u00f3n arterial.<\/p>\n<p>\u00a0Contiene de \u00e1cido linol\u00e9nico\u00a0ayudan a bajar de peso, ya que desintoxica y limpian el sistema digestivo.<\/p>\n<p>Reducen la ansiedad por comer, al mismo tiempo que reduce los triglic\u00e9ridos.<\/span><\/p>\n<p data-mce-fragment=\"1\"><strong data-mce-fragment=\"1\">Modo de uso:<\/strong><\/p>\n<p data-mce-fragment=\"1\"><span>1. Poner agua a hervir.<\/span><br \/><span>2. Llenar colocar 3 hojas de guan\u00e1bana por taza (1.25gr) o 12 hojas para 1 lt agua.<\/span><br \/><span>3. Dejar reposar 5min.<\/span><br \/><span>4. Colar y vaciar en una taza o jarra.<\/span><\/p>\n<p data-mce-fragment=\"1\"><strong data-mce-fragment=\"1\">Contenido:<\/strong><\/p>\n<p data-mce-fragment=\"1\">100 gr.<\/p>\n","protected":false},"excerpt":{"rendered":"<p>Descripci\u00f3n: Las hojas de guan\u00e1bana tienen un gran potencial quimiopreventivo y terap\u00e9utico con compuestos para impedir el avance de diferentes tipos de c\u00e1ncer, tumores as\u00ed como prevenir su aparici\u00f3n. Ayuda [&hellip;]<\/p>\n","protected":false},"featured_media":2253,"comment_status":"open","ping_status":"closed","template":"","meta":[],"product_brand":[352],"product_cat":[310,337,318],"product_tag":[175],"class_list":{"0":"post-5725","1":"product","2":"type-product","3":"status-publish","4":"has-post-thumbnail","6":"product_brand-natuzem","7":"product_cat-padecimientos-cronicos","8":"product_cat-productos","9":"product_cat-salud","10":"product_tag-guanabana","12":"first","13":"outofstock","14":"shipping-taxable","15":"purchasable","16":"product-type-simple"},"_links":{"self":[{"href":"https:\/\/modest-napier.216-250-124-103.plesk.page\/index.php\/wp-json\/wp\/v2\/product\/5725","targetHints":{"allow":["GET"]}}],"collection":[{"href":"https:\/\/modest-napier.216-250-124-103.plesk.page\/index.php\/wp-json\/wp\/v2\/product"}],"about":[{"href":"https:\/\/modest-napier.216-250-124-103.plesk.page\/index.php\/wp-json\/wp\/v2\/types\/product"}],"replies":[{"embeddable":true,"href":"https:\/\/modest-napier.216-250-124-103.plesk.page\/index.php\/wp-json\/wp\/v2\/comments?post=5725"}],"wp:featuredmedia":[{"embeddable":true,"href":"https:\/\/modest-napier.216-250-124-103.plesk.page\/index.php\/wp-json\/wp\/v2\/media\/2253"}],"wp:attachment":[{"href":"https:\/\/modest-napier.216-250-124-103.plesk.page\/index.php\/wp-json\/wp\/v2\/media?parent=5725"}],"wp:term":[{"taxonomy":"product_brand","embeddable":true,"href":"https:\/\/modest-napier.216-250-124-103.plesk.page\/index.php\/wp-json\/wp\/v2\/product_brand?post=5725"},{"taxonomy":"product_cat","embeddable":true,"href":"https:\/\/modest-napier.216-250-124-103.plesk.page\/index.php\/wp-json\/wp\/v2\/product_cat?post=5725"},{"taxonomy":"product_tag","embeddable":true,"href":"https:\/\/modest-napier.216-250-124-103.plesk.page\/index.php\/wp-json\/wp\/v2\/product_tag?post=5725"}],"curies":[{"name":"wp","href":"https:\/\/api.w.org\/{rel}","templated":true}]}}