{"id":5726,"date":"2025-09-24T19:42:00","date_gmt":"2025-09-24T19:42:00","guid":{"rendered":"https:\/\/modest-napier.216-250-124-103.plesk.page\/index.php\/producto\/hojas-selectas-de-guanabana-o-graviola-c-50-g-la-herbonaturista\/"},"modified":"2025-09-24T20:43:40","modified_gmt":"2025-09-24T20:43:40","slug":"hojas-selectas-de-guanabana","status":"publish","type":"product","link":"https:\/\/modest-napier.216-250-124-103.plesk.page\/index.php\/producto\/hojas-selectas-de-guanabana\/","title":{"rendered":"Hojas selectas de guan\u00e1bana 50 g La Herbonaturista"},"content":{"rendered":"<p><strong>Descripci\u00f3n:<\/strong><br \/>Tienen un gran potencial quimiopreventivo y terap\u00e9utico con compuestos para impedir el avance de diferentes tipos de c\u00e1ncer, tumores, as\u00ed como prevenir su aparici\u00f3n.<\/p>\n<p>Ayuda a las enfermedades infecciosas por las propiedades antiparasitarias y microbianas, as\u00ed como infecciones estomacales.<\/p>\n<p>Regula los niveles de az\u00facar en la sangre y ayuda a dilatar los vasos sangu\u00edneos regulando la presi\u00f3n arterial.<\/p>\n<p>Contiene de \u00e1cido linol\u00e9nico ayudan a bajar de peso, ya que desintoxica y limpian el sistema digestivo.<\/p>\n<p>Reducen la ansiedad por comer, al mismo tiempo que reduce los triglic\u00e9ridos.<\/p>\n<p><strong>Modo de uso:<\/strong><\/p>\n<ol>\n<li>Poner agua a hervir.<\/li>\n<li>Llenar colocar 3 hojas de guan\u00e1bana por taza (1.25gr) o 12 hojas para 1 lt agua.<\/li>\n<li>Dejar reposar 5min.<\/li>\n<li>Colar y vaciar en una taza o jarra.<\/li>\n<\/ol>\n<p><strong>Contenido:<\/strong><br \/> 50 G.<\/p>\n","protected":false},"excerpt":{"rendered":"<p>Descripci\u00f3n:Tienen un gran potencial quimiopreventivo y terap\u00e9utico con compuestos para impedir el avance de diferentes tipos de c\u00e1ncer, tumores, as\u00ed como prevenir su aparici\u00f3n. Ayuda a las enfermedades infecciosas por [&hellip;]<\/p>\n","protected":false},"featured_media":2254,"comment_status":"open","ping_status":"closed","template":"","meta":[],"product_brand":[466],"product_cat":[310,337,318],"product_tag":[175],"class_list":{"0":"post-5726","1":"product","2":"type-product","3":"status-publish","4":"has-post-thumbnail","6":"product_brand-la-herbonaturista","7":"product_cat-padecimientos-cronicos","8":"product_cat-productos","9":"product_cat-salud","10":"product_tag-guanabana","12":"first","13":"instock","14":"shipping-taxable","15":"purchasable","16":"product-type-simple"},"_links":{"self":[{"href":"https:\/\/modest-napier.216-250-124-103.plesk.page\/index.php\/wp-json\/wp\/v2\/product\/5726","targetHints":{"allow":["GET"]}}],"collection":[{"href":"https:\/\/modest-napier.216-250-124-103.plesk.page\/index.php\/wp-json\/wp\/v2\/product"}],"about":[{"href":"https:\/\/modest-napier.216-250-124-103.plesk.page\/index.php\/wp-json\/wp\/v2\/types\/product"}],"replies":[{"embeddable":true,"href":"https:\/\/modest-napier.216-250-124-103.plesk.page\/index.php\/wp-json\/wp\/v2\/comments?post=5726"}],"wp:featuredmedia":[{"embeddable":true,"href":"https:\/\/modest-napier.216-250-124-103.plesk.page\/index.php\/wp-json\/wp\/v2\/media\/2254"}],"wp:attachment":[{"href":"https:\/\/modest-napier.216-250-124-103.plesk.page\/index.php\/wp-json\/wp\/v2\/media?parent=5726"}],"wp:term":[{"taxonomy":"product_brand","embeddable":true,"href":"https:\/\/modest-napier.216-250-124-103.plesk.page\/index.php\/wp-json\/wp\/v2\/product_brand?post=5726"},{"taxonomy":"product_cat","embeddable":true,"href":"https:\/\/modest-napier.216-250-124-103.plesk.page\/index.php\/wp-json\/wp\/v2\/product_cat?post=5726"},{"taxonomy":"product_tag","embeddable":true,"href":"https:\/\/modest-napier.216-250-124-103.plesk.page\/index.php\/wp-json\/wp\/v2\/product_tag?post=5726"}],"curies":[{"name":"wp","href":"https:\/\/api.w.org\/{rel}","templated":true}]}}