{"id":5731,"date":"2025-09-24T19:42:07","date_gmt":"2025-09-24T19:42:07","guid":{"rendered":"https:\/\/modest-napier.216-250-124-103.plesk.page\/index.php\/producto\/incienso-manzana-canela-almael-c-20-almael\/"},"modified":"2025-09-24T20:43:38","modified_gmt":"2025-09-24T20:43:38","slug":"incienso-manzana-canela-almael","status":"publish","type":"product","link":"https:\/\/modest-napier.216-250-124-103.plesk.page\/index.php\/producto\/incienso-manzana-canela-almael\/","title":{"rendered":"Incienso de Manzana Canela 20 varitas Almael"},"content":{"rendered":"<p><strong>Descripci\u00f3n:<\/strong><br data-mce-fragment=\"1\">Favorece las energ\u00edas del \u00e9xito, la felicidad y serenidad.<\/p>\n<p><strong>Modo de uso:<\/strong><br data-mce-fragment=\"1\">Encienda y disfrute de su aroma.<\/p>\n<p><strong>Contenido:<\/strong><br data-mce-fragment=\"1\">20 varitas.<\/p>\n","protected":false},"excerpt":{"rendered":"<p>Descripci\u00f3n:Favorece las energ\u00edas del \u00e9xito, la felicidad y serenidad. Modo de uso:Encienda y disfrute de su aroma. Contenido:20 varitas.<\/p>\n","protected":false},"featured_media":2259,"comment_status":"open","ping_status":"closed","template":"","meta":[],"product_brand":[462],"product_cat":[337,318],"product_tag":[31,240],"class_list":{"0":"post-5731","1":"product","2":"type-product","3":"status-publish","4":"has-post-thumbnail","6":"product_brand-almael","7":"product_cat-productos","8":"product_cat-salud","9":"product_tag-canela","10":"product_tag-manzana","12":"first","13":"instock","14":"shipping-taxable","15":"purchasable","16":"product-type-simple"},"_links":{"self":[{"href":"https:\/\/modest-napier.216-250-124-103.plesk.page\/index.php\/wp-json\/wp\/v2\/product\/5731","targetHints":{"allow":["GET"]}}],"collection":[{"href":"https:\/\/modest-napier.216-250-124-103.plesk.page\/index.php\/wp-json\/wp\/v2\/product"}],"about":[{"href":"https:\/\/modest-napier.216-250-124-103.plesk.page\/index.php\/wp-json\/wp\/v2\/types\/product"}],"replies":[{"embeddable":true,"href":"https:\/\/modest-napier.216-250-124-103.plesk.page\/index.php\/wp-json\/wp\/v2\/comments?post=5731"}],"wp:featuredmedia":[{"embeddable":true,"href":"https:\/\/modest-napier.216-250-124-103.plesk.page\/index.php\/wp-json\/wp\/v2\/media\/2259"}],"wp:attachment":[{"href":"https:\/\/modest-napier.216-250-124-103.plesk.page\/index.php\/wp-json\/wp\/v2\/media?parent=5731"}],"wp:term":[{"taxonomy":"product_brand","embeddable":true,"href":"https:\/\/modest-napier.216-250-124-103.plesk.page\/index.php\/wp-json\/wp\/v2\/product_brand?post=5731"},{"taxonomy":"product_cat","embeddable":true,"href":"https:\/\/modest-napier.216-250-124-103.plesk.page\/index.php\/wp-json\/wp\/v2\/product_cat?post=5731"},{"taxonomy":"product_tag","embeddable":true,"href":"https:\/\/modest-napier.216-250-124-103.plesk.page\/index.php\/wp-json\/wp\/v2\/product_tag?post=5731"}],"curies":[{"name":"wp","href":"https:\/\/api.w.org\/{rel}","templated":true}]}}