{"id":5733,"date":"2025-09-24T19:42:10","date_gmt":"2025-09-24T19:42:10","guid":{"rendered":"https:\/\/modest-napier.216-250-124-103.plesk.page\/index.php\/producto\/jabon-arcilla-c-120-grs-azteca\/"},"modified":"2025-09-24T20:45:07","modified_gmt":"2025-09-24T20:45:07","slug":"jabon-arcilla-c-120-grs-azteca","status":"publish","type":"product","link":"https:\/\/modest-napier.216-250-124-103.plesk.page\/index.php\/producto\/jabon-arcilla-c-120-grs-azteca\/","title":{"rendered":"Jab\u00f3n de Tocador con Arcilla 120 g Azteca"},"content":{"rendered":"<p data-mce-fragment=\"1\"><strong data-mce-fragment=\"1\">Descripci\u00f3n:<\/strong><\/p>\n<p data-mce-fragment=\"1\"><span>Limpia en profundidad las pieles m\u00e1s grasas dej\u00e1ndolas libres\u00a0<\/span>de\u00a0brillos.<\/p>\n<p data-mce-fragment=\"1\"><strong data-mce-fragment=\"1\">Modo de uso:<\/strong><\/p>\n<p data-mce-fragment=\"1\"><span>D\u00e9 firmes masajes en forma circular en las a\u00e9reas\u00a0que desea mejorar la piel. Enjuague\u00a0con abundante agua. \u00daselo diariamente.<\/span><\/p>\n<p data-mce-fragment=\"1\"><strong data-mce-fragment=\"1\">Contenido:<\/strong><\/p>\n<p data-mce-fragment=\"1\">120 GRS.<\/p>\n","protected":false},"excerpt":{"rendered":"<p>Descripci\u00f3n: Limpia en profundidad las pieles m\u00e1s grasas dej\u00e1ndolas libres\u00a0de\u00a0brillos. Modo de uso: D\u00e9 firmes masajes en forma circular en las a\u00e9reas\u00a0que desea mejorar la piel. Enjuague\u00a0con abundante agua. \u00daselo [&hellip;]<\/p>\n","protected":false},"featured_media":2261,"comment_status":"open","ping_status":"closed","template":"","meta":[],"product_brand":[360],"product_cat":[289,304,337],"product_tag":[241],"class_list":{"0":"post-5733","1":"product","2":"type-product","3":"status-publish","4":"has-post-thumbnail","6":"product_brand-azteca","7":"product_cat-belleza","8":"product_cat-jabones-naturales","9":"product_cat-productos","10":"product_tag-arcilla","12":"first","13":"outofstock","14":"shipping-taxable","15":"purchasable","16":"product-type-simple"},"_links":{"self":[{"href":"https:\/\/modest-napier.216-250-124-103.plesk.page\/index.php\/wp-json\/wp\/v2\/product\/5733","targetHints":{"allow":["GET"]}}],"collection":[{"href":"https:\/\/modest-napier.216-250-124-103.plesk.page\/index.php\/wp-json\/wp\/v2\/product"}],"about":[{"href":"https:\/\/modest-napier.216-250-124-103.plesk.page\/index.php\/wp-json\/wp\/v2\/types\/product"}],"replies":[{"embeddable":true,"href":"https:\/\/modest-napier.216-250-124-103.plesk.page\/index.php\/wp-json\/wp\/v2\/comments?post=5733"}],"wp:featuredmedia":[{"embeddable":true,"href":"https:\/\/modest-napier.216-250-124-103.plesk.page\/index.php\/wp-json\/wp\/v2\/media\/2261"}],"wp:attachment":[{"href":"https:\/\/modest-napier.216-250-124-103.plesk.page\/index.php\/wp-json\/wp\/v2\/media?parent=5733"}],"wp:term":[{"taxonomy":"product_brand","embeddable":true,"href":"https:\/\/modest-napier.216-250-124-103.plesk.page\/index.php\/wp-json\/wp\/v2\/product_brand?post=5733"},{"taxonomy":"product_cat","embeddable":true,"href":"https:\/\/modest-napier.216-250-124-103.plesk.page\/index.php\/wp-json\/wp\/v2\/product_cat?post=5733"},{"taxonomy":"product_tag","embeddable":true,"href":"https:\/\/modest-napier.216-250-124-103.plesk.page\/index.php\/wp-json\/wp\/v2\/product_tag?post=5733"}],"curies":[{"name":"wp","href":"https:\/\/api.w.org\/{rel}","templated":true}]}}