{"id":5734,"date":"2025-09-24T19:42:12","date_gmt":"2025-09-24T19:42:12","guid":{"rendered":"https:\/\/modest-napier.216-250-124-103.plesk.page\/index.php\/producto\/jabon-artesanal-colageno-c-100-gr-shanaturals\/"},"modified":"2025-09-24T20:43:59","modified_gmt":"2025-09-24T20:43:59","slug":"jabon-artesanal-colageno-c-100-gr-shanaturals","status":"publish","type":"product","link":"https:\/\/modest-napier.216-250-124-103.plesk.page\/index.php\/producto\/jabon-artesanal-colageno-c-100-gr-shanaturals\/","title":{"rendered":"Jab\u00f3n Artesanal de Col\u00e1geno 100 g Shanatural&#8217;s"},"content":{"rendered":"<p><strong>Descripci\u00f3n:<\/strong><\/p>\n<p>El <strong>jab\u00f3n artesanal de col\u00e1geno<\/strong> ayuda a humectar e hidratar la piel previniendo el envejecimiento prematuro brindando firmeza y elasticidad a la piel.<\/p>\n<p><strong>Modo de uso:<\/strong><\/p>\n<p>D\u00e9 firmes masajes en forma circular en las \u00e1reas que desea mejorar la piel. Enjuague con abundante agua. \u00daselo diariamente.\u00a0<\/p>\n<p><strong> Contenido:<\/strong><\/p>\n<p>100 g.<\/p>\n","protected":false},"excerpt":{"rendered":"<p>Descripci\u00f3n: El jab\u00f3n artesanal de col\u00e1geno ayuda a humectar e hidratar la piel previniendo el envejecimiento prematuro brindando firmeza y elasticidad a la piel. Modo de uso: D\u00e9 firmes masajes [&hellip;]<\/p>\n","protected":false},"featured_media":2262,"comment_status":"open","ping_status":"closed","template":"","meta":[],"product_brand":[362],"product_cat":[289,304,337,318],"product_tag":[77],"class_list":{"0":"post-5734","1":"product","2":"type-product","3":"status-publish","4":"has-post-thumbnail","6":"product_brand-shanaturals","7":"product_cat-belleza","8":"product_cat-jabones-naturales","9":"product_cat-productos","10":"product_cat-salud","11":"product_tag-colageno","13":"first","14":"instock","15":"shipping-taxable","16":"purchasable","17":"product-type-simple"},"_links":{"self":[{"href":"https:\/\/modest-napier.216-250-124-103.plesk.page\/index.php\/wp-json\/wp\/v2\/product\/5734","targetHints":{"allow":["GET"]}}],"collection":[{"href":"https:\/\/modest-napier.216-250-124-103.plesk.page\/index.php\/wp-json\/wp\/v2\/product"}],"about":[{"href":"https:\/\/modest-napier.216-250-124-103.plesk.page\/index.php\/wp-json\/wp\/v2\/types\/product"}],"replies":[{"embeddable":true,"href":"https:\/\/modest-napier.216-250-124-103.plesk.page\/index.php\/wp-json\/wp\/v2\/comments?post=5734"}],"wp:featuredmedia":[{"embeddable":true,"href":"https:\/\/modest-napier.216-250-124-103.plesk.page\/index.php\/wp-json\/wp\/v2\/media\/2262"}],"wp:attachment":[{"href":"https:\/\/modest-napier.216-250-124-103.plesk.page\/index.php\/wp-json\/wp\/v2\/media?parent=5734"}],"wp:term":[{"taxonomy":"product_brand","embeddable":true,"href":"https:\/\/modest-napier.216-250-124-103.plesk.page\/index.php\/wp-json\/wp\/v2\/product_brand?post=5734"},{"taxonomy":"product_cat","embeddable":true,"href":"https:\/\/modest-napier.216-250-124-103.plesk.page\/index.php\/wp-json\/wp\/v2\/product_cat?post=5734"},{"taxonomy":"product_tag","embeddable":true,"href":"https:\/\/modest-napier.216-250-124-103.plesk.page\/index.php\/wp-json\/wp\/v2\/product_tag?post=5734"}],"curies":[{"name":"wp","href":"https:\/\/api.w.org\/{rel}","templated":true}]}}