{"id":5735,"date":"2025-09-24T19:42:13","date_gmt":"2025-09-24T19:42:13","guid":{"rendered":"https:\/\/modest-napier.216-250-124-103.plesk.page\/index.php\/producto\/jabon-artesanal-vibora-c-100-gr-shanaturals\/"},"modified":"2025-09-24T20:44:34","modified_gmt":"2025-09-24T20:44:34","slug":"jabon-artesanal-vibora-c-100-gr-shanaturals","status":"publish","type":"product","link":"https:\/\/modest-napier.216-250-124-103.plesk.page\/index.php\/producto\/jabon-artesanal-vibora-c-100-gr-shanaturals\/","title":{"rendered":"Jab\u00f3n Artesanal V\u00edbora 100 g Shanatural&#8217;s"},"content":{"rendered":"<p data-mce-fragment=\"1\"><strong data-mce-fragment=\"1\">Descripci\u00f3n:<\/strong><\/p>\n<p data-mce-fragment=\"1\">El <strong>jab\u00f3n artesanal de v\u00edbora<\/strong> ayuda a eliminar acn\u00e9, manchas en la piel, urticaria, llagas, piquetes de mosco y tratamiento para salpullido.<\/p>\n<p data-mce-fragment=\"1\"><strong data-mce-fragment=\"1\">Modo de uso:<\/strong><\/p>\n<p data-mce-fragment=\"1\">Aplicar sobre la piel h\u00fameda dando un suave masaje circular, eliminar con suficiente agua.<\/p>\n<p data-mce-fragment=\"1\"><strong data-mce-fragment=\"1\">Contenido:<\/strong><\/p>\n<p data-mce-fragment=\"1\">100 gr.<\/p>\n","protected":false},"excerpt":{"rendered":"<p>Descripci\u00f3n: El jab\u00f3n artesanal de v\u00edbora ayuda a eliminar acn\u00e9, manchas en la piel, urticaria, llagas, piquetes de mosco y tratamiento para salpullido. Modo de uso: Aplicar sobre la piel [&hellip;]<\/p>\n","protected":false},"featured_media":2264,"comment_status":"open","ping_status":"closed","template":"","meta":[],"product_brand":[362],"product_cat":[289,302,304,337,318],"product_tag":[63],"class_list":{"0":"post-5735","1":"product","2":"type-product","3":"status-publish","4":"has-post-thumbnail","6":"product_brand-shanaturals","7":"product_cat-belleza","8":"product_cat-higiene-personal","9":"product_cat-jabones-naturales","10":"product_cat-productos","11":"product_cat-salud","12":"product_tag-vibora","14":"first","15":"instock","16":"shipping-taxable","17":"purchasable","18":"product-type-simple"},"_links":{"self":[{"href":"https:\/\/modest-napier.216-250-124-103.plesk.page\/index.php\/wp-json\/wp\/v2\/product\/5735","targetHints":{"allow":["GET"]}}],"collection":[{"href":"https:\/\/modest-napier.216-250-124-103.plesk.page\/index.php\/wp-json\/wp\/v2\/product"}],"about":[{"href":"https:\/\/modest-napier.216-250-124-103.plesk.page\/index.php\/wp-json\/wp\/v2\/types\/product"}],"replies":[{"embeddable":true,"href":"https:\/\/modest-napier.216-250-124-103.plesk.page\/index.php\/wp-json\/wp\/v2\/comments?post=5735"}],"wp:featuredmedia":[{"embeddable":true,"href":"https:\/\/modest-napier.216-250-124-103.plesk.page\/index.php\/wp-json\/wp\/v2\/media\/2264"}],"wp:attachment":[{"href":"https:\/\/modest-napier.216-250-124-103.plesk.page\/index.php\/wp-json\/wp\/v2\/media?parent=5735"}],"wp:term":[{"taxonomy":"product_brand","embeddable":true,"href":"https:\/\/modest-napier.216-250-124-103.plesk.page\/index.php\/wp-json\/wp\/v2\/product_brand?post=5735"},{"taxonomy":"product_cat","embeddable":true,"href":"https:\/\/modest-napier.216-250-124-103.plesk.page\/index.php\/wp-json\/wp\/v2\/product_cat?post=5735"},{"taxonomy":"product_tag","embeddable":true,"href":"https:\/\/modest-napier.216-250-124-103.plesk.page\/index.php\/wp-json\/wp\/v2\/product_tag?post=5735"}],"curies":[{"name":"wp","href":"https:\/\/api.w.org\/{rel}","templated":true}]}}