{"id":5740,"date":"2025-09-24T19:42:19","date_gmt":"2025-09-24T19:42:19","guid":{"rendered":"https:\/\/modest-napier.216-250-124-103.plesk.page\/index.php\/producto\/jabon-bergamota-citrus-bergamia-c-125-gr-del-indio-papago\/"},"modified":"2025-09-24T20:44:07","modified_gmt":"2025-09-24T20:44:07","slug":"jabon-bergamota-citrus-bergamia-c-125-gr-del-indio-papago","status":"publish","type":"product","link":"https:\/\/modest-napier.216-250-124-103.plesk.page\/index.php\/producto\/jabon-bergamota-citrus-bergamia-c-125-gr-del-indio-papago\/","title":{"rendered":"Jab\u00f3n Bergamota Citrus Bergamia 125 g Indio Papago"},"content":{"rendered":"<style type=\"text\/css\" data-mce-fragment=\"1\"><!--\ntd {border: 1px solid #cccccc;}br {mso-data-placement:same-cell;}\n--><\/style>\n<p><span data-sheets-value='{\"1\":2,\"2\":\"Descripci\u00f3n:nMantiene la piel limpia y libre de grasa, esto permite que crezca la barba sin ning\u00fan contratiempo y aporta al vello un delicioso aroma y un brillo incre\u00edblennn Modo de uso:nn\u00dasalo diario en cara y cuerpo, de preferencia \u00fasalo durante las noches para limpiar el exceso de grasa e impurezas en el rostro.nnContenido:nn125 GR\"}' data-sheets-userformat='{\"2\":15299,\"3\":{\"1\":0},\"4\":{\"1\":3,\"3\":2},\"9\":1,\"10\":0,\"11\":4,\"12\":0,\"14\":{\"1\":2,\"2\":0},\"15\":\"Arial\",\"16\":9}' data-mce-fragment=\"1\"><strong>Descripci\u00f3n:<\/strong><\/span><\/p>\n<p><span data-sheets-value='{\"1\":2,\"2\":\"Descripci\u00f3n:nMantiene la piel limpia y libre de grasa, esto permite que crezca la barba sin ning\u00fan contratiempo y aporta al vello un delicioso aroma y un brillo incre\u00edblennn Modo de uso:nn\u00dasalo diario en cara y cuerpo, de preferencia \u00fasalo durante las noches para limpiar el exceso de grasa e impurezas en el rostro.nnContenido:nn125 GR\"}' data-sheets-userformat='{\"2\":15299,\"3\":{\"1\":0},\"4\":{\"1\":3,\"3\":2},\"9\":1,\"10\":0,\"11\":4,\"12\":0,\"14\":{\"1\":2,\"2\":0},\"15\":\"Arial\",\"16\":9}' data-mce-fragment=\"1\">El <strong>jab\u00f3n de bergamota<\/strong> mantiene la piel limpia y libre de grasa, esto permite que <a href=\"https:\/\/natuzem.com\/blogs\/salud-natural\/bergamota-cuidado-cabello\">crezca la barba<\/a> sin ning\u00fan contratiempo y aporta al vello un delicioso aroma y un brillo incre\u00edble.<\/span><\/p>\n<p><span data-sheets-value='{\"1\":2,\"2\":\"Descripci\u00f3n:nMantiene la piel limpia y libre de grasa, esto permite que crezca la barba sin ning\u00fan contratiempo y aporta al vello un delicioso aroma y un brillo incre\u00edblennn Modo de uso:nn\u00dasalo diario en cara y cuerpo, de preferencia \u00fasalo durante las noches para limpiar el exceso de grasa e impurezas en el rostro.nnContenido:nn125 GR\"}' data-sheets-userformat='{\"2\":15299,\"3\":{\"1\":0},\"4\":{\"1\":3,\"3\":2},\"9\":1,\"10\":0,\"11\":4,\"12\":0,\"14\":{\"1\":2,\"2\":0},\"15\":\"Arial\",\"16\":9}' data-mce-fragment=\"1\"><strong>Modo de uso:<\/strong><br data-mce-fragment=\"1\"><br data-mce-fragment=\"1\">\u00dasalo diario en cara y cuerpo, de preferencia \u00fasalo durante las noches para limpiar el exceso de grasa e impurezas en el rostro.<br data-mce-fragment=\"1\"><br data-mce-fragment=\"1\"><strong>Contenido:<\/strong><br data-mce-fragment=\"1\"><br data-mce-fragment=\"1\">125 g.<\/span><\/p>\n","protected":false},"excerpt":{"rendered":"<p>Descripci\u00f3n: El jab\u00f3n de bergamota mantiene la piel limpia y libre de grasa, esto permite que crezca la barba sin ning\u00fan contratiempo y aporta al vello un delicioso aroma y [&hellip;]<\/p>\n","protected":false},"featured_media":2270,"comment_status":"open","ping_status":"closed","template":"","meta":[],"product_brand":[490],"product_cat":[294,304,337,318],"product_tag":[30],"class_list":{"0":"post-5740","1":"product","2":"type-product","3":"status-publish","4":"has-post-thumbnail","6":"product_brand-del-indio-papago","7":"product_cat-cuidado-de-la-barba","8":"product_cat-jabones-naturales","9":"product_cat-productos","10":"product_cat-salud","11":"product_tag-bergamota","13":"first","14":"instock","15":"shipping-taxable","16":"purchasable","17":"product-type-simple"},"_links":{"self":[{"href":"https:\/\/modest-napier.216-250-124-103.plesk.page\/index.php\/wp-json\/wp\/v2\/product\/5740","targetHints":{"allow":["GET"]}}],"collection":[{"href":"https:\/\/modest-napier.216-250-124-103.plesk.page\/index.php\/wp-json\/wp\/v2\/product"}],"about":[{"href":"https:\/\/modest-napier.216-250-124-103.plesk.page\/index.php\/wp-json\/wp\/v2\/types\/product"}],"replies":[{"embeddable":true,"href":"https:\/\/modest-napier.216-250-124-103.plesk.page\/index.php\/wp-json\/wp\/v2\/comments?post=5740"}],"wp:featuredmedia":[{"embeddable":true,"href":"https:\/\/modest-napier.216-250-124-103.plesk.page\/index.php\/wp-json\/wp\/v2\/media\/2270"}],"wp:attachment":[{"href":"https:\/\/modest-napier.216-250-124-103.plesk.page\/index.php\/wp-json\/wp\/v2\/media?parent=5740"}],"wp:term":[{"taxonomy":"product_brand","embeddable":true,"href":"https:\/\/modest-napier.216-250-124-103.plesk.page\/index.php\/wp-json\/wp\/v2\/product_brand?post=5740"},{"taxonomy":"product_cat","embeddable":true,"href":"https:\/\/modest-napier.216-250-124-103.plesk.page\/index.php\/wp-json\/wp\/v2\/product_cat?post=5740"},{"taxonomy":"product_tag","embeddable":true,"href":"https:\/\/modest-napier.216-250-124-103.plesk.page\/index.php\/wp-json\/wp\/v2\/product_tag?post=5740"}],"curies":[{"name":"wp","href":"https:\/\/api.w.org\/{rel}","templated":true}]}}