{"id":5742,"date":"2025-09-24T19:42:21","date_gmt":"2025-09-24T19:42:21","guid":{"rendered":"https:\/\/modest-napier.216-250-124-103.plesk.page\/index.php\/producto\/jabon-cacahuananche-dermolimpiador-neutro-c-125-gr-del-indio-papago\/"},"modified":"2025-09-24T20:44:37","modified_gmt":"2025-09-24T20:44:37","slug":"jabon-cacahuananche-dermolimpiador-neutro-c-125-gr-del-indio-papago","status":"publish","type":"product","link":"https:\/\/modest-napier.216-250-124-103.plesk.page\/index.php\/producto\/jabon-cacahuananche-dermolimpiador-neutro-c-125-gr-del-indio-papago\/","title":{"rendered":"Jab\u00f3n Cacahuananche Dermolimpiador Neutro 125 g"},"content":{"rendered":"<p data-mce-fragment=\"1\"><strong data-mce-fragment=\"1\">Descripci\u00f3n:<\/strong><\/p>\n<p data-mce-fragment=\"1\">El jab\u00f3n de cacahuananche para cuidado dermatol\u00f3gico evita la ca\u00edda del cabello y\u00a0 funciona para prevenir otras afecciones comunes como la seborrea y la caspa.<\/p>\n<p data-mce-fragment=\"1\"><strong data-mce-fragment=\"1\">Modo de uso:<\/strong><\/p>\n<p data-mce-fragment=\"1\">Uso diario durante el ba\u00f1o dejando actuar de 1 a 2 min. Enjuagar con suficiente agua.<\/p>\n<p data-mce-fragment=\"1\"><strong data-mce-fragment=\"1\">Contenido:<\/strong><\/p>\n<p data-mce-fragment=\"1\">125 g.<\/p>\n","protected":false},"excerpt":{"rendered":"<p>Descripci\u00f3n: El jab\u00f3n de cacahuananche para cuidado dermatol\u00f3gico evita la ca\u00edda del cabello y\u00a0 funciona para prevenir otras afecciones comunes como la seborrea y la caspa. Modo de uso: Uso [&hellip;]<\/p>\n","protected":false},"featured_media":2272,"comment_status":"open","ping_status":"closed","template":"","meta":[],"product_brand":[490],"product_cat":[289,295,337,318],"product_tag":[242],"class_list":{"0":"post-5742","1":"product","2":"type-product","3":"status-publish","4":"has-post-thumbnail","6":"product_brand-del-indio-papago","7":"product_cat-belleza","8":"product_cat-cuidado-del-cabello","9":"product_cat-productos","10":"product_cat-salud","11":"product_tag-cacahuanche","13":"first","14":"instock","15":"shipping-taxable","16":"purchasable","17":"product-type-simple"},"_links":{"self":[{"href":"https:\/\/modest-napier.216-250-124-103.plesk.page\/index.php\/wp-json\/wp\/v2\/product\/5742","targetHints":{"allow":["GET"]}}],"collection":[{"href":"https:\/\/modest-napier.216-250-124-103.plesk.page\/index.php\/wp-json\/wp\/v2\/product"}],"about":[{"href":"https:\/\/modest-napier.216-250-124-103.plesk.page\/index.php\/wp-json\/wp\/v2\/types\/product"}],"replies":[{"embeddable":true,"href":"https:\/\/modest-napier.216-250-124-103.plesk.page\/index.php\/wp-json\/wp\/v2\/comments?post=5742"}],"wp:featuredmedia":[{"embeddable":true,"href":"https:\/\/modest-napier.216-250-124-103.plesk.page\/index.php\/wp-json\/wp\/v2\/media\/2272"}],"wp:attachment":[{"href":"https:\/\/modest-napier.216-250-124-103.plesk.page\/index.php\/wp-json\/wp\/v2\/media?parent=5742"}],"wp:term":[{"taxonomy":"product_brand","embeddable":true,"href":"https:\/\/modest-napier.216-250-124-103.plesk.page\/index.php\/wp-json\/wp\/v2\/product_brand?post=5742"},{"taxonomy":"product_cat","embeddable":true,"href":"https:\/\/modest-napier.216-250-124-103.plesk.page\/index.php\/wp-json\/wp\/v2\/product_cat?post=5742"},{"taxonomy":"product_tag","embeddable":true,"href":"https:\/\/modest-napier.216-250-124-103.plesk.page\/index.php\/wp-json\/wp\/v2\/product_tag?post=5742"}],"curies":[{"name":"wp","href":"https:\/\/api.w.org\/{rel}","templated":true}]}}