{"id":5744,"date":"2025-09-24T19:42:25","date_gmt":"2025-09-24T19:42:25","guid":{"rendered":"https:\/\/modest-napier.216-250-124-103.plesk.page\/index.php\/producto\/jabon-carbon-activado-120grs-salud-es-primero\/"},"modified":"2025-09-24T20:46:22","modified_gmt":"2025-09-24T20:46:22","slug":"jabon-carbon-activado-120grs-salud-es-primero","status":"publish","type":"product","link":"https:\/\/modest-napier.216-250-124-103.plesk.page\/index.php\/producto\/jabon-carbon-activado-120grs-salud-es-primero\/","title":{"rendered":"Jab\u00f3n Carb\u00f3n Activado 120 g La Salud Es Primero"},"content":{"rendered":"<p><strong>Descripci\u00f3n:<\/strong><\/p>\n<p>El <strong>jab\u00f3n con carb\u00f3n activado<\/strong> tiene los siguientes beneficios:<\/p>\n<ul>\n<li>Combate\u00a0el\u00a0acn\u00e9\u00a0y las\u00a0espinillas.<\/li>\n<li>Limpia y exfolia profundamente, as\u00ed evitas\u00a0puntos negros.<\/li>\n<li>Absorbe las\u00a0impurezas,\u00a0toxinas\u00a0y restos de\u00a0suciedad.<\/li>\n<li>Desintoxica y Purifica tu Piel.<\/li>\n<li>Absorbe\u00a0el\u00a0exceso\u00a0de\u00a0grasa\u00a0de la piel y\u00a0equilibra\u00a0la producci\u00f3n seb\u00e1cea.<\/li>\n<\/ul>\n<p><strong>Modo de uso:<\/strong><\/p>\n<p><span>Lave la cara y deje la espuma de 2 a 3 minutos. Por la ma\u00f1ana y por la noche. Enjuagar con abundante agua<\/span><\/p>\n<p><strong>Contenido:<\/strong><\/p>\n<p>120 g.<\/p>\n","protected":false},"excerpt":{"rendered":"<p>Descripci\u00f3n: El jab\u00f3n con carb\u00f3n activado tiene los siguientes beneficios: Combate\u00a0el\u00a0acn\u00e9\u00a0y las\u00a0espinillas. Limpia y exfolia profundamente, as\u00ed evitas\u00a0puntos negros. Absorbe las\u00a0impurezas,\u00a0toxinas\u00a0y restos de\u00a0suciedad. Desintoxica y Purifica tu Piel. Absorbe\u00a0el\u00a0exceso\u00a0de\u00a0grasa\u00a0de la [&hellip;]<\/p>\n","protected":false},"featured_media":2274,"comment_status":"open","ping_status":"closed","template":"","meta":[],"product_brand":[356],"product_cat":[289,337,318],"product_tag":[126],"class_list":{"0":"post-5744","1":"product","2":"type-product","3":"status-publish","4":"has-post-thumbnail","6":"product_brand-la-salud-es-primero","7":"product_cat-belleza","8":"product_cat-productos","9":"product_cat-salud","10":"product_tag-carbon","12":"first","13":"outofstock","14":"shipping-taxable","15":"purchasable","16":"product-type-simple"},"_links":{"self":[{"href":"https:\/\/modest-napier.216-250-124-103.plesk.page\/index.php\/wp-json\/wp\/v2\/product\/5744","targetHints":{"allow":["GET"]}}],"collection":[{"href":"https:\/\/modest-napier.216-250-124-103.plesk.page\/index.php\/wp-json\/wp\/v2\/product"}],"about":[{"href":"https:\/\/modest-napier.216-250-124-103.plesk.page\/index.php\/wp-json\/wp\/v2\/types\/product"}],"replies":[{"embeddable":true,"href":"https:\/\/modest-napier.216-250-124-103.plesk.page\/index.php\/wp-json\/wp\/v2\/comments?post=5744"}],"wp:featuredmedia":[{"embeddable":true,"href":"https:\/\/modest-napier.216-250-124-103.plesk.page\/index.php\/wp-json\/wp\/v2\/media\/2274"}],"wp:attachment":[{"href":"https:\/\/modest-napier.216-250-124-103.plesk.page\/index.php\/wp-json\/wp\/v2\/media?parent=5744"}],"wp:term":[{"taxonomy":"product_brand","embeddable":true,"href":"https:\/\/modest-napier.216-250-124-103.plesk.page\/index.php\/wp-json\/wp\/v2\/product_brand?post=5744"},{"taxonomy":"product_cat","embeddable":true,"href":"https:\/\/modest-napier.216-250-124-103.plesk.page\/index.php\/wp-json\/wp\/v2\/product_cat?post=5744"},{"taxonomy":"product_tag","embeddable":true,"href":"https:\/\/modest-napier.216-250-124-103.plesk.page\/index.php\/wp-json\/wp\/v2\/product_tag?post=5744"}],"curies":[{"name":"wp","href":"https:\/\/api.w.org\/{rel}","templated":true}]}}