{"id":5745,"date":"2025-09-24T19:42:26","date_gmt":"2025-09-24T19:42:26","guid":{"rendered":"https:\/\/modest-napier.216-250-124-103.plesk.page\/index.php\/producto\/jabon-carbon-activado-c-110-grs-herba-teotleliminado\/"},"modified":"2025-09-24T19:42:27","modified_gmt":"2025-09-24T19:42:27","slug":"jabon-carbon-activado-c-110-grs-herba-teotleliminado","status":"publish","type":"product","link":"https:\/\/modest-napier.216-250-124-103.plesk.page\/index.php\/producto\/jabon-carbon-activado-c-110-grs-herba-teotleliminado\/","title":{"rendered":"JABON CARBON ACTIVADO C\/110 GRS HERBA TEOTL(ELIMINADO)"},"content":{"rendered":"<p data-mce-fragment=\"1\"><strong data-mce-fragment=\"1\">Descripci\u00f3n:<\/strong><\/p>\n<ul>\n<li>Combate el acn\u00e9 y evita su aparici\u00f3n gracias a sus propiedades antibacterianas<\/li>\n<li>Limpia y exfolia, al mismo tiempo que absorbe las impurezas, toxinas y restos de<span>\u00a0suciedad.<\/span>\n<\/li>\n<li>Desintoxica y purifica, combate la contaminaci\u00f3n de la piel, u.n factor que favorece la aparici\u00f3n de los radicales libres que envejecen la dermis<\/li>\n<li>Al eliminar la suciedad o los puntos negros aporta luminosidad, equilibra el tono y la textura del cutis, d\u00e1ndole al rostro un aspecto m\u00e1s saludable.<\/li>\n<li>Especialmente beneficios para piel sea grasas y mixtas. Absorbe el exceso de grasa de la piel y equilibra la producci\u00f3n seb\u00e1cea.<\/li>\n<li>Disminuye el tama\u00f1o de los poros al eliminar la suciedad que los obstruye.<\/li>\n<\/ul>\n<p data-mce-fragment=\"1\"><strong data-mce-fragment=\"1\">Modo de uso:<\/strong><\/p>\n<ul>\n<li>Lave la cara y deje la espuma de 2 a 3 minutos. Por la ma\u00f1ana y por la noche. Enjuagar con abundante agua.<\/li>\n<\/ul>\n<p data-mce-fragment=\"1\"><strong data-mce-fragment=\"1\">Contenido:<\/strong><\/p>\n<p data-mce-fragment=\"1\">110 gr.<\/p>\n","protected":false},"excerpt":{"rendered":"<p>Descripci\u00f3n: Combate el acn\u00e9 y evita su aparici\u00f3n gracias a sus propiedades antibacterianas Limpia y exfolia, al mismo tiempo que absorbe las impurezas, toxinas y restos de\u00a0suciedad. Desintoxica y purifica, [&hellip;]<\/p>\n","protected":false},"featured_media":2275,"comment_status":"open","ping_status":"closed","template":"","meta":[],"product_brand":[],"product_cat":[337],"product_tag":[],"class_list":{"0":"post-5745","1":"product","2":"type-product","3":"status-publish","4":"has-post-thumbnail","6":"product_cat-productos","8":"first","9":"outofstock","10":"shipping-taxable","11":"purchasable","12":"product-type-simple"},"_links":{"self":[{"href":"https:\/\/modest-napier.216-250-124-103.plesk.page\/index.php\/wp-json\/wp\/v2\/product\/5745","targetHints":{"allow":["GET"]}}],"collection":[{"href":"https:\/\/modest-napier.216-250-124-103.plesk.page\/index.php\/wp-json\/wp\/v2\/product"}],"about":[{"href":"https:\/\/modest-napier.216-250-124-103.plesk.page\/index.php\/wp-json\/wp\/v2\/types\/product"}],"replies":[{"embeddable":true,"href":"https:\/\/modest-napier.216-250-124-103.plesk.page\/index.php\/wp-json\/wp\/v2\/comments?post=5745"}],"wp:featuredmedia":[{"embeddable":true,"href":"https:\/\/modest-napier.216-250-124-103.plesk.page\/index.php\/wp-json\/wp\/v2\/media\/2275"}],"wp:attachment":[{"href":"https:\/\/modest-napier.216-250-124-103.plesk.page\/index.php\/wp-json\/wp\/v2\/media?parent=5745"}],"wp:term":[{"taxonomy":"product_brand","embeddable":true,"href":"https:\/\/modest-napier.216-250-124-103.plesk.page\/index.php\/wp-json\/wp\/v2\/product_brand?post=5745"},{"taxonomy":"product_cat","embeddable":true,"href":"https:\/\/modest-napier.216-250-124-103.plesk.page\/index.php\/wp-json\/wp\/v2\/product_cat?post=5745"},{"taxonomy":"product_tag","embeddable":true,"href":"https:\/\/modest-napier.216-250-124-103.plesk.page\/index.php\/wp-json\/wp\/v2\/product_tag?post=5745"}],"curies":[{"name":"wp","href":"https:\/\/api.w.org\/{rel}","templated":true}]}}