{"id":5747,"date":"2025-09-24T19:42:28","date_gmt":"2025-09-24T19:42:28","guid":{"rendered":"https:\/\/modest-napier.216-250-124-103.plesk.page\/index.php\/producto\/jabon-curcuma-artesanal-c-120-gr-ross-natural-productos-naturales\/"},"modified":"2025-09-24T20:43:28","modified_gmt":"2025-09-24T20:43:28","slug":"jabon-curcuma-artesanal","status":"publish","type":"product","link":"https:\/\/modest-napier.216-250-124-103.plesk.page\/index.php\/producto\/jabon-curcuma-artesanal\/","title":{"rendered":"Jab\u00f3n C\u00farcuma Artesanal 120 g Ross Natural"},"content":{"rendered":"<p><strong>Descripci\u00f3n: <\/strong><\/p>\n<p>Ayuda a reducir cicatrices e inflamaci\u00f3n y unifica el tono de la piel.\u00a0<\/p>\n<p><strong>Modo de uso: <\/strong><\/p>\n<p>Lavar y dejar reposar un par de minutos, enjuagar posteriormente con abundante agua. Usar por la ma\u00f1ana y por la noche.\u00a0<\/p>\n<p><strong>Contenido: <\/strong><\/p>\n<p>120 g.<\/p>\n","protected":false},"excerpt":{"rendered":"<p>Descripci\u00f3n: Ayuda a reducir cicatrices e inflamaci\u00f3n y unifica el tono de la piel.\u00a0 Modo de uso: Lavar y dejar reposar un par de minutos, enjuagar posteriormente con abundante agua. [&hellip;]<\/p>\n","protected":false},"featured_media":2277,"comment_status":"open","ping_status":"closed","template":"","meta":[],"product_brand":[443],"product_cat":[289,307,337],"product_tag":[151],"class_list":{"0":"post-5747","1":"product","2":"type-product","3":"status-publish","4":"has-post-thumbnail","6":"product_brand-ross-natural","7":"product_cat-belleza","8":"product_cat-nuevos","9":"product_cat-productos","10":"product_tag-curcuma","12":"first","13":"instock","14":"shipping-taxable","15":"purchasable","16":"product-type-simple"},"_links":{"self":[{"href":"https:\/\/modest-napier.216-250-124-103.plesk.page\/index.php\/wp-json\/wp\/v2\/product\/5747","targetHints":{"allow":["GET"]}}],"collection":[{"href":"https:\/\/modest-napier.216-250-124-103.plesk.page\/index.php\/wp-json\/wp\/v2\/product"}],"about":[{"href":"https:\/\/modest-napier.216-250-124-103.plesk.page\/index.php\/wp-json\/wp\/v2\/types\/product"}],"replies":[{"embeddable":true,"href":"https:\/\/modest-napier.216-250-124-103.plesk.page\/index.php\/wp-json\/wp\/v2\/comments?post=5747"}],"wp:featuredmedia":[{"embeddable":true,"href":"https:\/\/modest-napier.216-250-124-103.plesk.page\/index.php\/wp-json\/wp\/v2\/media\/2277"}],"wp:attachment":[{"href":"https:\/\/modest-napier.216-250-124-103.plesk.page\/index.php\/wp-json\/wp\/v2\/media?parent=5747"}],"wp:term":[{"taxonomy":"product_brand","embeddable":true,"href":"https:\/\/modest-napier.216-250-124-103.plesk.page\/index.php\/wp-json\/wp\/v2\/product_brand?post=5747"},{"taxonomy":"product_cat","embeddable":true,"href":"https:\/\/modest-napier.216-250-124-103.plesk.page\/index.php\/wp-json\/wp\/v2\/product_cat?post=5747"},{"taxonomy":"product_tag","embeddable":true,"href":"https:\/\/modest-napier.216-250-124-103.plesk.page\/index.php\/wp-json\/wp\/v2\/product_tag?post=5747"}],"curies":[{"name":"wp","href":"https:\/\/api.w.org\/{rel}","templated":true}]}}