{"id":5753,"date":"2025-09-24T19:42:36","date_gmt":"2025-09-24T19:42:36","guid":{"rendered":"https:\/\/modest-napier.216-250-124-103.plesk.page\/index.php\/producto\/jabon-de-concha-nacar-c-100-gr-yazmin\/"},"modified":"2025-09-24T20:44:19","modified_gmt":"2025-09-24T20:44:19","slug":"jabon-de-concha-nacar-c-100-gr-yazmin","status":"publish","type":"product","link":"https:\/\/modest-napier.216-250-124-103.plesk.page\/index.php\/producto\/jabon-de-concha-nacar-c-100-gr-yazmin\/","title":{"rendered":"Jab\u00f3n de Concha N\u00e1car 100 g Yazmin"},"content":{"rendered":"<p><strong>Descripci\u00f3n:<\/strong> <br \/>El <strong>jab\u00f3n de concha n\u00e1car<\/strong> aclara, unifica el tono y suaviza la piel. Es ideal para todo tipo de piel.<\/p>\n<p><strong>Modo de uso:<\/strong> <br \/>Humectar el jab\u00f3n y frotar hasta formar espuma. Aplicar el jab\u00f3n de forma como lo har\u00eda com\u00fanmente sobre el cuerpo. Se recomienda dar masajes circulares sobre la piel. Enjuague el jab\u00f3n\u00a0 y deje secar. Evite el contacto con los ojos.<\/p>\n<p><strong>Contenido:<\/strong> <br \/>100 g.<\/p>\n","protected":false},"excerpt":{"rendered":"<p>Descripci\u00f3n: El jab\u00f3n de concha n\u00e1car aclara, unifica el tono y suaviza la piel. Es ideal para todo tipo de piel. Modo de uso: Humectar el jab\u00f3n y frotar hasta [&hellip;]<\/p>\n","protected":false},"featured_media":2285,"comment_status":"open","ping_status":"closed","template":"","meta":[],"product_brand":[408],"product_cat":[289,302,304,337,318],"product_tag":[221],"class_list":{"0":"post-5753","1":"product","2":"type-product","3":"status-publish","4":"has-post-thumbnail","6":"product_brand-yazmin","7":"product_cat-belleza","8":"product_cat-higiene-personal","9":"product_cat-jabones-naturales","10":"product_cat-productos","11":"product_cat-salud","12":"product_tag-concha-nacar","14":"first","15":"instock","16":"shipping-taxable","17":"purchasable","18":"product-type-simple"},"_links":{"self":[{"href":"https:\/\/modest-napier.216-250-124-103.plesk.page\/index.php\/wp-json\/wp\/v2\/product\/5753","targetHints":{"allow":["GET"]}}],"collection":[{"href":"https:\/\/modest-napier.216-250-124-103.plesk.page\/index.php\/wp-json\/wp\/v2\/product"}],"about":[{"href":"https:\/\/modest-napier.216-250-124-103.plesk.page\/index.php\/wp-json\/wp\/v2\/types\/product"}],"replies":[{"embeddable":true,"href":"https:\/\/modest-napier.216-250-124-103.plesk.page\/index.php\/wp-json\/wp\/v2\/comments?post=5753"}],"wp:featuredmedia":[{"embeddable":true,"href":"https:\/\/modest-napier.216-250-124-103.plesk.page\/index.php\/wp-json\/wp\/v2\/media\/2285"}],"wp:attachment":[{"href":"https:\/\/modest-napier.216-250-124-103.plesk.page\/index.php\/wp-json\/wp\/v2\/media?parent=5753"}],"wp:term":[{"taxonomy":"product_brand","embeddable":true,"href":"https:\/\/modest-napier.216-250-124-103.plesk.page\/index.php\/wp-json\/wp\/v2\/product_brand?post=5753"},{"taxonomy":"product_cat","embeddable":true,"href":"https:\/\/modest-napier.216-250-124-103.plesk.page\/index.php\/wp-json\/wp\/v2\/product_cat?post=5753"},{"taxonomy":"product_tag","embeddable":true,"href":"https:\/\/modest-napier.216-250-124-103.plesk.page\/index.php\/wp-json\/wp\/v2\/product_tag?post=5753"}],"curies":[{"name":"wp","href":"https:\/\/api.w.org\/{rel}","templated":true}]}}