{"id":5755,"date":"2025-09-24T19:42:39","date_gmt":"2025-09-24T19:42:39","guid":{"rendered":"https:\/\/modest-napier.216-250-124-103.plesk.page\/index.php\/producto\/jabon-de-tepezcohuite-100-gr-yazmin\/"},"modified":"2025-09-24T20:47:25","modified_gmt":"2025-09-24T20:47:25","slug":"jabon-de-tepezcohuite-100-gr-yazmin","status":"publish","type":"product","link":"https:\/\/modest-napier.216-250-124-103.plesk.page\/index.php\/producto\/jabon-de-tepezcohuite-100-gr-yazmin\/","title":{"rendered":"Jab\u00f3n de Tepezocohuite 100 g Yazmin"},"content":{"rendered":"<p data-mce-fragment=\"1\"><strong data-mce-fragment=\"1\">Descripci\u00f3n:<\/strong><\/p>\n<p data-mce-fragment=\"1\">El uso del\u00a0<strong>jab\u00f3n de tepezcohuite<\/strong>\u00a0contribuye a eliminar los agentes infecciosos que provocan el acn\u00e9 y favorece la cicatrizaci\u00f3n y eliminaci\u00f3n de las marcas. Por eso es recomendable usarlo antes y despu\u00e9s del maquillaje.<\/p>\n<p data-mce-fragment=\"1\"><span data-mce-fragment=\"1\"><\/span><strong data-mce-fragment=\"1\">Modo de uso:<\/strong><\/p>\n<p data-mce-fragment=\"1\">Lave el \u00e1rea recomendada dando un suave masaje, \u00faselo diariamente.<\/p>\n<p data-mce-fragment=\"1\"><strong data-mce-fragment=\"1\">Contenido:<\/strong><\/p>\n<p data-mce-fragment=\"1\">100 g.<\/p>\n","protected":false},"excerpt":{"rendered":"<p>Descripci\u00f3n: El uso del\u00a0jab\u00f3n de tepezcohuite\u00a0contribuye a eliminar los agentes infecciosos que provocan el acn\u00e9 y favorece la cicatrizaci\u00f3n y eliminaci\u00f3n de las marcas. Por eso es recomendable usarlo antes [&hellip;]<\/p>\n","protected":false},"featured_media":2288,"comment_status":"open","ping_status":"closed","template":"","meta":[],"product_brand":[408],"product_cat":[289,302,304,337],"product_tag":[150],"class_list":{"0":"post-5755","1":"product","2":"type-product","3":"status-publish","4":"has-post-thumbnail","6":"product_brand-yazmin","7":"product_cat-belleza","8":"product_cat-higiene-personal","9":"product_cat-jabones-naturales","10":"product_cat-productos","11":"product_tag-tepezcohuite","13":"first","14":"instock","15":"shipping-taxable","16":"purchasable","17":"product-type-simple"},"_links":{"self":[{"href":"https:\/\/modest-napier.216-250-124-103.plesk.page\/index.php\/wp-json\/wp\/v2\/product\/5755","targetHints":{"allow":["GET"]}}],"collection":[{"href":"https:\/\/modest-napier.216-250-124-103.plesk.page\/index.php\/wp-json\/wp\/v2\/product"}],"about":[{"href":"https:\/\/modest-napier.216-250-124-103.plesk.page\/index.php\/wp-json\/wp\/v2\/types\/product"}],"replies":[{"embeddable":true,"href":"https:\/\/modest-napier.216-250-124-103.plesk.page\/index.php\/wp-json\/wp\/v2\/comments?post=5755"}],"wp:featuredmedia":[{"embeddable":true,"href":"https:\/\/modest-napier.216-250-124-103.plesk.page\/index.php\/wp-json\/wp\/v2\/media\/2288"}],"wp:attachment":[{"href":"https:\/\/modest-napier.216-250-124-103.plesk.page\/index.php\/wp-json\/wp\/v2\/media?parent=5755"}],"wp:term":[{"taxonomy":"product_brand","embeddable":true,"href":"https:\/\/modest-napier.216-250-124-103.plesk.page\/index.php\/wp-json\/wp\/v2\/product_brand?post=5755"},{"taxonomy":"product_cat","embeddable":true,"href":"https:\/\/modest-napier.216-250-124-103.plesk.page\/index.php\/wp-json\/wp\/v2\/product_cat?post=5755"},{"taxonomy":"product_tag","embeddable":true,"href":"https:\/\/modest-napier.216-250-124-103.plesk.page\/index.php\/wp-json\/wp\/v2\/product_tag?post=5755"}],"curies":[{"name":"wp","href":"https:\/\/api.w.org\/{rel}","templated":true}]}}