{"id":5765,"date":"2025-09-24T19:42:52","date_gmt":"2025-09-24T19:42:52","guid":{"rendered":"https:\/\/modest-napier.216-250-124-103.plesk.page\/index.php\/producto\/jabon-esponjabon-pepino-melon-120-grs-t-taio\/"},"modified":"2025-09-24T20:46:20","modified_gmt":"2025-09-24T20:46:20","slug":"jabon-esponjabon-pepino-melon-120-grs-t-taio","status":"publish","type":"product","link":"https:\/\/modest-napier.216-250-124-103.plesk.page\/index.php\/producto\/jabon-esponjabon-pepino-melon-120-grs-t-taio\/","title":{"rendered":"Jab\u00f3n Esponjab\u00f3n Pepino-Mel\u00f3n 120 g T.Taio"},"content":{"rendered":"<p><strong>Descripci\u00f3n:<\/strong><\/p>\n<p>El <strong>Esponjab\u00f3n de pepino-mel\u00f3n<\/strong> con efecto hidratante se recomienda para todo tipo de piel. Limpia, hidrata y refresca.<\/p>\n<p><strong>Modo de uso:<\/strong><\/p>\n<p>Humectar el jab\u00f3n con esponja y frotar hasta formar espuma. Aplicar el jab\u00f3n con esponja de forma como lo har\u00eda comunmente sobre el cuerpo. Se recomienda dar masajes circulares sobre la piel. Enjuague el jab\u00f3n con esponja y deje secar. Evite el contacto con los ojos.<\/p>\n<p><strong>Contenido:<\/strong><\/p>\n<p>120 g.<\/p>\n","protected":false},"excerpt":{"rendered":"<p>Descripci\u00f3n: El Esponjab\u00f3n de pepino-mel\u00f3n con efecto hidratante se recomienda para todo tipo de piel. Limpia, hidrata y refresca. Modo de uso: Humectar el jab\u00f3n con esponja y frotar hasta [&hellip;]<\/p>\n","protected":false},"featured_media":2298,"comment_status":"open","ping_status":"closed","template":"","meta":[],"product_brand":[597],"product_cat":[289,302,304,337],"product_tag":[246,247],"class_list":{"0":"post-5765","1":"product","2":"type-product","3":"status-publish","4":"has-post-thumbnail","6":"product_brand-t-taio","7":"product_cat-belleza","8":"product_cat-higiene-personal","9":"product_cat-jabones-naturales","10":"product_cat-productos","11":"product_tag-melon","12":"product_tag-pepino","14":"first","15":"instock","16":"shipping-taxable","17":"purchasable","18":"product-type-simple"},"_links":{"self":[{"href":"https:\/\/modest-napier.216-250-124-103.plesk.page\/index.php\/wp-json\/wp\/v2\/product\/5765","targetHints":{"allow":["GET"]}}],"collection":[{"href":"https:\/\/modest-napier.216-250-124-103.plesk.page\/index.php\/wp-json\/wp\/v2\/product"}],"about":[{"href":"https:\/\/modest-napier.216-250-124-103.plesk.page\/index.php\/wp-json\/wp\/v2\/types\/product"}],"replies":[{"embeddable":true,"href":"https:\/\/modest-napier.216-250-124-103.plesk.page\/index.php\/wp-json\/wp\/v2\/comments?post=5765"}],"wp:featuredmedia":[{"embeddable":true,"href":"https:\/\/modest-napier.216-250-124-103.plesk.page\/index.php\/wp-json\/wp\/v2\/media\/2298"}],"wp:attachment":[{"href":"https:\/\/modest-napier.216-250-124-103.plesk.page\/index.php\/wp-json\/wp\/v2\/media?parent=5765"}],"wp:term":[{"taxonomy":"product_brand","embeddable":true,"href":"https:\/\/modest-napier.216-250-124-103.plesk.page\/index.php\/wp-json\/wp\/v2\/product_brand?post=5765"},{"taxonomy":"product_cat","embeddable":true,"href":"https:\/\/modest-napier.216-250-124-103.plesk.page\/index.php\/wp-json\/wp\/v2\/product_cat?post=5765"},{"taxonomy":"product_tag","embeddable":true,"href":"https:\/\/modest-napier.216-250-124-103.plesk.page\/index.php\/wp-json\/wp\/v2\/product_tag?post=5765"}],"curies":[{"name":"wp","href":"https:\/\/api.w.org\/{rel}","templated":true}]}}