{"id":5766,"date":"2025-09-24T19:42:53","date_gmt":"2025-09-24T19:42:53","guid":{"rendered":"https:\/\/modest-napier.216-250-124-103.plesk.page\/index.php\/producto\/jabon-esponjabon-sabila-c-120-grs-t-taio\/"},"modified":"2025-09-24T20:46:20","modified_gmt":"2025-09-24T20:46:20","slug":"jabon-esponjabon-sabila-c-120-grs-t-taio","status":"publish","type":"product","link":"https:\/\/modest-napier.216-250-124-103.plesk.page\/index.php\/producto\/jabon-esponjabon-sabila-c-120-grs-t-taio\/","title":{"rendered":"Jab\u00f3n Esponjab\u00f3n Humectante S\u00e1bila 120 g T.Taio"},"content":{"rendered":"<p><strong>Descripci\u00f3n:<\/strong><\/p>\n<p>El <strong>Esponjab\u00f3n de S\u00e1bila<\/strong> con efecto humectante se recomienda para todo tipo de piel. Calma, suaviza e humecta. Previene el acn\u00e9.<\/p>\n<p><strong>Modo de uso:<\/strong><\/p>\n<p>Humectar el jab\u00f3n con esponja y frotar hasta formar espuma. Aplicar el jab\u00f3n con esponja de forma como lo har\u00eda comunmente sobre el cuerpo. Se recomienda dar masajes circulares sobre la piel. Enjuague el jab\u00f3n con esponja y deje secar. Evite el contacto con los ojos.<\/p>\n<p><strong>Contenido:<\/strong><\/p>\n<p>120 g.<\/p>\n","protected":false},"excerpt":{"rendered":"<p>Descripci\u00f3n: El Esponjab\u00f3n de S\u00e1bila con efecto humectante se recomienda para todo tipo de piel. Calma, suaviza e humecta. Previene el acn\u00e9. Modo de uso: Humectar el jab\u00f3n con esponja [&hellip;]<\/p>\n","protected":false},"featured_media":2299,"comment_status":"open","ping_status":"closed","template":"","meta":[],"product_brand":[597],"product_cat":[302,304,337],"product_tag":[60],"class_list":{"0":"post-5766","1":"product","2":"type-product","3":"status-publish","4":"has-post-thumbnail","6":"product_brand-t-taio","7":"product_cat-higiene-personal","8":"product_cat-jabones-naturales","9":"product_cat-productos","10":"product_tag-sabila","12":"first","13":"instock","14":"shipping-taxable","15":"purchasable","16":"product-type-simple"},"_links":{"self":[{"href":"https:\/\/modest-napier.216-250-124-103.plesk.page\/index.php\/wp-json\/wp\/v2\/product\/5766","targetHints":{"allow":["GET"]}}],"collection":[{"href":"https:\/\/modest-napier.216-250-124-103.plesk.page\/index.php\/wp-json\/wp\/v2\/product"}],"about":[{"href":"https:\/\/modest-napier.216-250-124-103.plesk.page\/index.php\/wp-json\/wp\/v2\/types\/product"}],"replies":[{"embeddable":true,"href":"https:\/\/modest-napier.216-250-124-103.plesk.page\/index.php\/wp-json\/wp\/v2\/comments?post=5766"}],"wp:featuredmedia":[{"embeddable":true,"href":"https:\/\/modest-napier.216-250-124-103.plesk.page\/index.php\/wp-json\/wp\/v2\/media\/2299"}],"wp:attachment":[{"href":"https:\/\/modest-napier.216-250-124-103.plesk.page\/index.php\/wp-json\/wp\/v2\/media?parent=5766"}],"wp:term":[{"taxonomy":"product_brand","embeddable":true,"href":"https:\/\/modest-napier.216-250-124-103.plesk.page\/index.php\/wp-json\/wp\/v2\/product_brand?post=5766"},{"taxonomy":"product_cat","embeddable":true,"href":"https:\/\/modest-napier.216-250-124-103.plesk.page\/index.php\/wp-json\/wp\/v2\/product_cat?post=5766"},{"taxonomy":"product_tag","embeddable":true,"href":"https:\/\/modest-napier.216-250-124-103.plesk.page\/index.php\/wp-json\/wp\/v2\/product_tag?post=5766"}],"curies":[{"name":"wp","href":"https:\/\/api.w.org\/{rel}","templated":true}]}}