{"id":5767,"date":"2025-09-24T19:42:54","date_gmt":"2025-09-24T19:42:54","guid":{"rendered":"https:\/\/modest-napier.216-250-124-103.plesk.page\/index.php\/producto\/jabon-facial-la-tia-mana-120-gr-caja-verde\/"},"modified":"2025-09-24T20:47:25","modified_gmt":"2025-09-24T20:47:25","slug":"jabon-facial-la-tia-mana-120-gr-caja-verde","status":"publish","type":"product","link":"https:\/\/modest-napier.216-250-124-103.plesk.page\/index.php\/producto\/jabon-facial-la-tia-mana-120-gr-caja-verde\/","title":{"rendered":"Jab\u00f3n Facial La T\u00eda Mana Dermolimpiador 120 g"},"content":{"rendered":"<p data-mce-fragment=\"1\"><strong data-mce-fragment=\"1\">Descripci\u00f3n:<\/strong><\/p>\n<p data-mce-fragment=\"1\">El\u00a0jab\u00f3n de la t\u00eda\u00a0m\u00e1na es el complemento de la crema, ayuda a eliminar m\u00e1s r\u00e1pidamente esas manchitas provocadas por el sol.<\/p>\n<p data-mce-fragment=\"1\"><span data-mce-fragment=\"1\"><\/span><strong data-mce-fragment=\"1\">Modo de uso:<\/strong><\/p>\n<p data-mce-fragment=\"1\">Lave el \u00e1rea recomendada dando un suave masaje, \u00faselo diariamente.<\/p>\n<p data-mce-fragment=\"1\"><strong data-mce-fragment=\"1\">Contenido:<\/strong><\/p>\n<p data-mce-fragment=\"1\">120 gr.<\/p>\n","protected":false},"excerpt":{"rendered":"<p>Descripci\u00f3n: El\u00a0jab\u00f3n de la t\u00eda\u00a0m\u00e1na es el complemento de la crema, ayuda a eliminar m\u00e1s r\u00e1pidamente esas manchitas provocadas por el sol. Modo de uso: Lave el \u00e1rea recomendada dando [&hellip;]<\/p>\n","protected":false},"featured_media":2300,"comment_status":"open","ping_status":"closed","template":"","meta":[],"product_brand":[352],"product_cat":[289,302,304,337],"product_tag":[],"class_list":{"0":"post-5767","1":"product","2":"type-product","3":"status-publish","4":"has-post-thumbnail","6":"product_brand-natuzem","7":"product_cat-belleza","8":"product_cat-higiene-personal","9":"product_cat-jabones-naturales","10":"product_cat-productos","12":"first","13":"outofstock","14":"shipping-taxable","15":"purchasable","16":"product-type-simple"},"_links":{"self":[{"href":"https:\/\/modest-napier.216-250-124-103.plesk.page\/index.php\/wp-json\/wp\/v2\/product\/5767","targetHints":{"allow":["GET"]}}],"collection":[{"href":"https:\/\/modest-napier.216-250-124-103.plesk.page\/index.php\/wp-json\/wp\/v2\/product"}],"about":[{"href":"https:\/\/modest-napier.216-250-124-103.plesk.page\/index.php\/wp-json\/wp\/v2\/types\/product"}],"replies":[{"embeddable":true,"href":"https:\/\/modest-napier.216-250-124-103.plesk.page\/index.php\/wp-json\/wp\/v2\/comments?post=5767"}],"wp:featuredmedia":[{"embeddable":true,"href":"https:\/\/modest-napier.216-250-124-103.plesk.page\/index.php\/wp-json\/wp\/v2\/media\/2300"}],"wp:attachment":[{"href":"https:\/\/modest-napier.216-250-124-103.plesk.page\/index.php\/wp-json\/wp\/v2\/media?parent=5767"}],"wp:term":[{"taxonomy":"product_brand","embeddable":true,"href":"https:\/\/modest-napier.216-250-124-103.plesk.page\/index.php\/wp-json\/wp\/v2\/product_brand?post=5767"},{"taxonomy":"product_cat","embeddable":true,"href":"https:\/\/modest-napier.216-250-124-103.plesk.page\/index.php\/wp-json\/wp\/v2\/product_cat?post=5767"},{"taxonomy":"product_tag","embeddable":true,"href":"https:\/\/modest-napier.216-250-124-103.plesk.page\/index.php\/wp-json\/wp\/v2\/product_tag?post=5767"}],"curies":[{"name":"wp","href":"https:\/\/api.w.org\/{rel}","templated":true}]}}