{"id":5769,"date":"2025-09-24T19:42:57","date_gmt":"2025-09-24T19:42:57","guid":{"rendered":"https:\/\/modest-napier.216-250-124-103.plesk.page\/index.php\/producto\/jabon-hongosin-c-100-grs-yazmin\/"},"modified":"2025-09-24T20:46:20","modified_gmt":"2025-09-24T20:46:20","slug":"jabon-hongosin-c-100-grs-yazmin","status":"publish","type":"product","link":"https:\/\/modest-napier.216-250-124-103.plesk.page\/index.php\/producto\/jabon-hongosin-c-100-grs-yazmin\/","title":{"rendered":"Jab\u00f3n Hongosin 100 g Yazmin"},"content":{"rendered":"<p data-mce-fragment=\"1\"><strong data-mce-fragment=\"1\">Descripci\u00f3n:<\/strong><\/p>\n<ul>\n<li>Mata\u00a0los\u00a0Hongos\u00a0en la\u00a0Piel<\/li>\n<li>Combate\u00a0los\u00a0Hongos\u00a0de los\u00a0Pies,\u00a0Empeines,\u00a0Pie de atleta<\/li>\n<li>Efectivo\u00a0contra Hongos\u00a0en\u00a0Axilas,\u00a0Espalda,\u00a0Cabeza,\u00a0Cuerpo<\/li>\n<li>Auxiliar\u00a0contra la comez\u00f3n<\/li>\n<li>cuero cabelludo\u00a0nutri\u00e9ndolo y reforzando el fol\u00edculo, evitando su ca\u00edda<\/li>\n<\/ul>\n<p data-mce-fragment=\"1\"><strong data-mce-fragment=\"1\">Modo de uso:<\/strong><\/p>\n<p data-mce-fragment=\"1\"><span>Lave las partes afectadas frotando de 1 a 2 minutos diariamente, enjuague con abundante agua.<\/span><\/p>\n<p data-mce-fragment=\"1\"><strong data-mce-fragment=\"1\">Contenido:<\/strong><\/p>\n<p data-mce-fragment=\"1\">100 gr.<\/p>\n","protected":false},"excerpt":{"rendered":"<p>Descripci\u00f3n: Mata\u00a0los\u00a0Hongos\u00a0en la\u00a0Piel Combate\u00a0los\u00a0Hongos\u00a0de los\u00a0Pies,\u00a0Empeines,\u00a0Pie de atleta Efectivo\u00a0contra Hongos\u00a0en\u00a0Axilas,\u00a0Espalda,\u00a0Cabeza,\u00a0Cuerpo Auxiliar\u00a0contra la comez\u00f3n cuero cabelludo\u00a0nutri\u00e9ndolo y reforzando el fol\u00edculo, evitando su ca\u00edda Modo de uso: Lave las partes afectadas frotando de [&hellip;]<\/p>\n","protected":false},"featured_media":2302,"comment_status":"open","ping_status":"closed","template":"","meta":[],"product_brand":[408],"product_cat":[289,337,318],"product_tag":[],"class_list":{"0":"post-5769","1":"product","2":"type-product","3":"status-publish","4":"has-post-thumbnail","6":"product_brand-yazmin","7":"product_cat-belleza","8":"product_cat-productos","9":"product_cat-salud","11":"first","12":"outofstock","13":"shipping-taxable","14":"purchasable","15":"product-type-simple"},"_links":{"self":[{"href":"https:\/\/modest-napier.216-250-124-103.plesk.page\/index.php\/wp-json\/wp\/v2\/product\/5769","targetHints":{"allow":["GET"]}}],"collection":[{"href":"https:\/\/modest-napier.216-250-124-103.plesk.page\/index.php\/wp-json\/wp\/v2\/product"}],"about":[{"href":"https:\/\/modest-napier.216-250-124-103.plesk.page\/index.php\/wp-json\/wp\/v2\/types\/product"}],"replies":[{"embeddable":true,"href":"https:\/\/modest-napier.216-250-124-103.plesk.page\/index.php\/wp-json\/wp\/v2\/comments?post=5769"}],"wp:featuredmedia":[{"embeddable":true,"href":"https:\/\/modest-napier.216-250-124-103.plesk.page\/index.php\/wp-json\/wp\/v2\/media\/2302"}],"wp:attachment":[{"href":"https:\/\/modest-napier.216-250-124-103.plesk.page\/index.php\/wp-json\/wp\/v2\/media?parent=5769"}],"wp:term":[{"taxonomy":"product_brand","embeddable":true,"href":"https:\/\/modest-napier.216-250-124-103.plesk.page\/index.php\/wp-json\/wp\/v2\/product_brand?post=5769"},{"taxonomy":"product_cat","embeddable":true,"href":"https:\/\/modest-napier.216-250-124-103.plesk.page\/index.php\/wp-json\/wp\/v2\/product_cat?post=5769"},{"taxonomy":"product_tag","embeddable":true,"href":"https:\/\/modest-napier.216-250-124-103.plesk.page\/index.php\/wp-json\/wp\/v2\/product_tag?post=5769"}],"curies":[{"name":"wp","href":"https:\/\/api.w.org\/{rel}","templated":true}]}}