{"id":5775,"date":"2025-09-24T19:43:06","date_gmt":"2025-09-24T19:43:06","guid":{"rendered":"https:\/\/modest-napier.216-250-124-103.plesk.page\/index.php\/producto\/jabon-tepezcohuite-avena-miel-yazmin\/"},"modified":"2025-09-24T20:46:19","modified_gmt":"2025-09-24T20:46:19","slug":"jabon-tepezcohuite-avena-miel-yazmin","status":"publish","type":"product","link":"https:\/\/modest-napier.216-250-124-103.plesk.page\/index.php\/producto\/jabon-tepezcohuite-avena-miel-yazmin\/","title":{"rendered":"Jab\u00f3n Tepezcohuite con Avena y Miel 100 g Yazmin"},"content":{"rendered":"<p data-mce-fragment=\"1\"><strong data-mce-fragment=\"1\">Descripci\u00f3n:<\/strong><\/p>\n<ul>\n<li>Promueve la hidrataci\u00f3n y la cicatrizaci\u00f3n de la piel<\/li>\n<li>Ayuda a la regeneraci\u00f3n celular<\/li>\n<li>Auxiliar en quemaduras<\/li>\n<li>Contiene propiedades antiinflamatorias,<br \/>antibacterianas, bent\u00f3nicas e hidratantes<\/li>\n<li>Elimina c\u00e9lulas muertas e impurezas<\/li>\n<li>Humecta y suaviza la piel<\/li>\n<li>Combate el acn\u00e9 y las espinillas<\/li>\n<\/ul>\n<p data-mce-fragment=\"1\"><strong data-mce-fragment=\"1\">Modo de uso:<\/strong><\/p>\n<ul>\n<li>Lave la cara o el cuerpo con suave masaje. Enjuague con abundante agua. \u00daselo diariamente.<\/li>\n<\/ul>\n<p data-mce-fragment=\"1\"><strong data-mce-fragment=\"1\">Contenido:<\/strong><\/p>\n<p data-mce-fragment=\"1\">100 GRS.<\/p>\n","protected":false},"excerpt":{"rendered":"<p>Descripci\u00f3n: Promueve la hidrataci\u00f3n y la cicatrizaci\u00f3n de la piel Ayuda a la regeneraci\u00f3n celular Auxiliar en quemaduras Contiene propiedades antiinflamatorias,antibacterianas, bent\u00f3nicas e hidratantes Elimina c\u00e9lulas muertas e impurezas Humecta [&hellip;]<\/p>\n","protected":false},"featured_media":2309,"comment_status":"open","ping_status":"closed","template":"","meta":[],"product_brand":[408],"product_cat":[289,304,337,318],"product_tag":[131,83,150],"class_list":{"0":"post-5775","1":"product","2":"type-product","3":"status-publish","4":"has-post-thumbnail","6":"product_brand-yazmin","7":"product_cat-belleza","8":"product_cat-jabones-naturales","9":"product_cat-productos","10":"product_cat-salud","11":"product_tag-avena","12":"product_tag-miel-de-abeja","13":"product_tag-tepezcohuite","15":"first","16":"instock","17":"shipping-taxable","18":"purchasable","19":"product-type-simple"},"_links":{"self":[{"href":"https:\/\/modest-napier.216-250-124-103.plesk.page\/index.php\/wp-json\/wp\/v2\/product\/5775","targetHints":{"allow":["GET"]}}],"collection":[{"href":"https:\/\/modest-napier.216-250-124-103.plesk.page\/index.php\/wp-json\/wp\/v2\/product"}],"about":[{"href":"https:\/\/modest-napier.216-250-124-103.plesk.page\/index.php\/wp-json\/wp\/v2\/types\/product"}],"replies":[{"embeddable":true,"href":"https:\/\/modest-napier.216-250-124-103.plesk.page\/index.php\/wp-json\/wp\/v2\/comments?post=5775"}],"wp:featuredmedia":[{"embeddable":true,"href":"https:\/\/modest-napier.216-250-124-103.plesk.page\/index.php\/wp-json\/wp\/v2\/media\/2309"}],"wp:attachment":[{"href":"https:\/\/modest-napier.216-250-124-103.plesk.page\/index.php\/wp-json\/wp\/v2\/media?parent=5775"}],"wp:term":[{"taxonomy":"product_brand","embeddable":true,"href":"https:\/\/modest-napier.216-250-124-103.plesk.page\/index.php\/wp-json\/wp\/v2\/product_brand?post=5775"},{"taxonomy":"product_cat","embeddable":true,"href":"https:\/\/modest-napier.216-250-124-103.plesk.page\/index.php\/wp-json\/wp\/v2\/product_cat?post=5775"},{"taxonomy":"product_tag","embeddable":true,"href":"https:\/\/modest-napier.216-250-124-103.plesk.page\/index.php\/wp-json\/wp\/v2\/product_tag?post=5775"}],"curies":[{"name":"wp","href":"https:\/\/api.w.org\/{rel}","templated":true}]}}