{"id":5779,"date":"2025-09-24T19:43:11","date_gmt":"2025-09-24T19:43:11","guid":{"rendered":"https:\/\/modest-napier.216-250-124-103.plesk.page\/index.php\/producto\/jabon-vibora-c-100-gr-la-salud-es-primero\/"},"modified":"2025-09-24T20:46:17","modified_gmt":"2025-09-24T20:46:17","slug":"jabon-vibora-c-100-gr-la-salud-es-primero","status":"publish","type":"product","link":"https:\/\/modest-napier.216-250-124-103.plesk.page\/index.php\/producto\/jabon-vibora-c-100-gr-la-salud-es-primero\/","title":{"rendered":"Jab\u00f3n V\u00edbora 100 g La Salud es Primero"},"content":{"rendered":"<p data-mce-fragment=\"1\"><strong data-mce-fragment=\"1\">Descripci\u00f3n:<\/strong><\/p>\n<p data-mce-fragment=\"1\"><span>Su uso continuo puede disminuir imperfecciones como barros, espinillas, pa\u00f1o, manchas; si se usa en el cuero cabelludo es auxiliar para control de caspa<\/span><\/p>\n<p data-mce-fragment=\"1\"><strong data-mce-fragment=\"1\">Modo de uso:<\/strong><\/p>\n<p data-mce-fragment=\"1\"><span>Lavar perfectamente la parte afectada y poner espuma de jab\u00f3n durante 5 minutos, despu\u00e9s enjuagar, repetir la operaci\u00f3n ma\u00f1ana y noche<\/span><\/p>\n<p data-mce-fragment=\"1\"><strong data-mce-fragment=\"1\">Contenido:<\/strong><\/p>\n<p data-mce-fragment=\"1\">100 GRS<\/p>\n","protected":false},"excerpt":{"rendered":"<p>Descripci\u00f3n: Su uso continuo puede disminuir imperfecciones como barros, espinillas, pa\u00f1o, manchas; si se usa en el cuero cabelludo es auxiliar para control de caspa Modo de uso: Lavar perfectamente [&hellip;]<\/p>\n","protected":false},"featured_media":2313,"comment_status":"open","ping_status":"closed","template":"","meta":[],"product_brand":[356],"product_cat":[289,302,304,337],"product_tag":[63],"class_list":{"0":"post-5779","1":"product","2":"type-product","3":"status-publish","4":"has-post-thumbnail","6":"product_brand-la-salud-es-primero","7":"product_cat-belleza","8":"product_cat-higiene-personal","9":"product_cat-jabones-naturales","10":"product_cat-productos","11":"product_tag-vibora","13":"first","14":"outofstock","15":"shipping-taxable","16":"purchasable","17":"product-type-simple"},"_links":{"self":[{"href":"https:\/\/modest-napier.216-250-124-103.plesk.page\/index.php\/wp-json\/wp\/v2\/product\/5779","targetHints":{"allow":["GET"]}}],"collection":[{"href":"https:\/\/modest-napier.216-250-124-103.plesk.page\/index.php\/wp-json\/wp\/v2\/product"}],"about":[{"href":"https:\/\/modest-napier.216-250-124-103.plesk.page\/index.php\/wp-json\/wp\/v2\/types\/product"}],"replies":[{"embeddable":true,"href":"https:\/\/modest-napier.216-250-124-103.plesk.page\/index.php\/wp-json\/wp\/v2\/comments?post=5779"}],"wp:featuredmedia":[{"embeddable":true,"href":"https:\/\/modest-napier.216-250-124-103.plesk.page\/index.php\/wp-json\/wp\/v2\/media\/2313"}],"wp:attachment":[{"href":"https:\/\/modest-napier.216-250-124-103.plesk.page\/index.php\/wp-json\/wp\/v2\/media?parent=5779"}],"wp:term":[{"taxonomy":"product_brand","embeddable":true,"href":"https:\/\/modest-napier.216-250-124-103.plesk.page\/index.php\/wp-json\/wp\/v2\/product_brand?post=5779"},{"taxonomy":"product_cat","embeddable":true,"href":"https:\/\/modest-napier.216-250-124-103.plesk.page\/index.php\/wp-json\/wp\/v2\/product_cat?post=5779"},{"taxonomy":"product_tag","embeddable":true,"href":"https:\/\/modest-napier.216-250-124-103.plesk.page\/index.php\/wp-json\/wp\/v2\/product_tag?post=5779"}],"curies":[{"name":"wp","href":"https:\/\/api.w.org\/{rel}","templated":true}]}}