{"id":5785,"date":"2025-09-24T19:43:19","date_gmt":"2025-09-24T19:43:19","guid":{"rendered":"https:\/\/modest-napier.216-250-124-103.plesk.page\/index.php\/producto\/jarabe-bacaomax-340-ml-prosa\/"},"modified":"2025-09-24T20:46:17","modified_gmt":"2025-09-24T20:46:17","slug":"jarabe-bacaomax-340-ml-prosa","status":"publish","type":"product","link":"https:\/\/modest-napier.216-250-124-103.plesk.page\/index.php\/producto\/jarabe-bacaomax-340-ml-prosa\/","title":{"rendered":"Bacaomax Extracto H\u00edgado de Bacalao 340 ml Prosa"},"content":{"rendered":"<p data-mce-fragment=\"1\"><strong data-mce-fragment=\"1\">Descripci\u00f3n:<\/strong><\/p>\n<p data-mce-fragment=\"1\"><span>El <strong>jarabe con extracto de h\u00edgado de bacalao Bacaomax<\/strong> es auxiliar para estimular el sistema <\/span>inmunol\u00f3gico, previene la anemia, raquitismo, estimula el apetito, fortalece los huesos, dientes, incrementa las defensas, y previene afecciones broncopulmonares.<\/p>\n<p data-mce-fragment=\"1\"><strong data-mce-fragment=\"1\">Modo de uso:<\/strong><\/p>\n<p data-mce-fragment=\"1\"><span>Adultos: tomar 15 ml 2 veces al d\u00eda\u00a0con los alimentos.<\/span><br \/><span>J\u00f3venes: tomar 15 ml 3 veces al d\u00eda\u00a0con los alimentos.<\/span><br \/><span>Ni\u00f1os: tomar 7.5 ml 2 veces al d\u00eda\u00a0con los alimentos.<\/span><\/p>\n<p data-mce-fragment=\"1\"><strong data-mce-fragment=\"1\">Contenido:<\/strong><\/p>\n<p data-mce-fragment=\"1\">340 ml.<\/p>\n","protected":false},"excerpt":{"rendered":"<p>Descripci\u00f3n: El jarabe con extracto de h\u00edgado de bacalao Bacaomax es auxiliar para estimular el sistema inmunol\u00f3gico, previene la anemia, raquitismo, estimula el apetito, fortalece los huesos, dientes, incrementa las [&hellip;]<\/p>\n","protected":false},"featured_media":2319,"comment_status":"open","ping_status":"closed","template":"","meta":[],"product_brand":[475],"product_cat":[308,337],"product_tag":[100],"class_list":{"0":"post-5785","1":"product","2":"type-product","3":"status-publish","4":"has-post-thumbnail","6":"product_brand-prosa","7":"product_cat-nutricion","8":"product_cat-productos","9":"product_tag-aceite-de-higado-de-bacalao","11":"first","12":"instock","13":"shipping-taxable","14":"purchasable","15":"product-type-simple"},"_links":{"self":[{"href":"https:\/\/modest-napier.216-250-124-103.plesk.page\/index.php\/wp-json\/wp\/v2\/product\/5785","targetHints":{"allow":["GET"]}}],"collection":[{"href":"https:\/\/modest-napier.216-250-124-103.plesk.page\/index.php\/wp-json\/wp\/v2\/product"}],"about":[{"href":"https:\/\/modest-napier.216-250-124-103.plesk.page\/index.php\/wp-json\/wp\/v2\/types\/product"}],"replies":[{"embeddable":true,"href":"https:\/\/modest-napier.216-250-124-103.plesk.page\/index.php\/wp-json\/wp\/v2\/comments?post=5785"}],"wp:featuredmedia":[{"embeddable":true,"href":"https:\/\/modest-napier.216-250-124-103.plesk.page\/index.php\/wp-json\/wp\/v2\/media\/2319"}],"wp:attachment":[{"href":"https:\/\/modest-napier.216-250-124-103.plesk.page\/index.php\/wp-json\/wp\/v2\/media?parent=5785"}],"wp:term":[{"taxonomy":"product_brand","embeddable":true,"href":"https:\/\/modest-napier.216-250-124-103.plesk.page\/index.php\/wp-json\/wp\/v2\/product_brand?post=5785"},{"taxonomy":"product_cat","embeddable":true,"href":"https:\/\/modest-napier.216-250-124-103.plesk.page\/index.php\/wp-json\/wp\/v2\/product_cat?post=5785"},{"taxonomy":"product_tag","embeddable":true,"href":"https:\/\/modest-napier.216-250-124-103.plesk.page\/index.php\/wp-json\/wp\/v2\/product_tag?post=5785"}],"curies":[{"name":"wp","href":"https:\/\/api.w.org\/{rel}","templated":true}]}}