{"id":5786,"date":"2025-09-24T19:43:20","date_gmt":"2025-09-24T19:43:20","guid":{"rendered":"https:\/\/modest-napier.216-250-124-103.plesk.page\/index.php\/producto\/jarabe-cuatecomate-240-ml-cosmo-natural\/"},"modified":"2025-09-24T20:46:17","modified_gmt":"2025-09-24T20:46:17","slug":"jarabe-cuatecomate","status":"publish","type":"product","link":"https:\/\/modest-napier.216-250-124-103.plesk.page\/index.php\/producto\/jarabe-cuatecomate\/","title":{"rendered":"Jarabe Cuatecomate 240 ml Cosmo Natural"},"content":{"rendered":"<p data-mce-fragment=\"1\">El <strong>Jarabe Cuatecomate<\/strong> a<span data-mce-fragment=\"1\">\u00a0natural a<\/span>yuda a aliviar y tratar diversas afecciones respiratorias,<span>\u00a0<\/span>Tambi\u00e9n posee propiedades que ayudan a aliviar diversos malestares generales, como inflamaci\u00f3n, diarrea, insomnio, estr\u00e9s y tensi\u00f3n.<\/p>\n","protected":false},"excerpt":{"rendered":"<p>El Jarabe Cuatecomate a\u00a0natural ayuda a aliviar y tratar diversas afecciones respiratorias,\u00a0Tambi\u00e9n posee propiedades que ayudan a aliviar diversos malestares generales, como inflamaci\u00f3n, diarrea, insomnio, estr\u00e9s y tensi\u00f3n.<\/p>\n","protected":false},"featured_media":2320,"comment_status":"open","ping_status":"closed","template":"","meta":[],"product_brand":[537],"product_cat":[337,318,327],"product_tag":[248,64,82,48,83,86],"class_list":{"0":"post-5786","1":"product","2":"type-product","3":"status-publish","4":"has-post-thumbnail","6":"product_brand-cosmo-natural","7":"product_cat-productos","8":"product_cat-salud","9":"product_cat-sistema-respiratorio","10":"product_tag-cuatecomate","11":"product_tag-eucalipto","12":"product_tag-gordolobo","13":"product_tag-menta","14":"product_tag-miel-de-abeja","15":"product_tag-vitamina-c","17":"first","18":"instock","19":"shipping-taxable","20":"purchasable","21":"product-type-simple"},"_links":{"self":[{"href":"https:\/\/modest-napier.216-250-124-103.plesk.page\/index.php\/wp-json\/wp\/v2\/product\/5786","targetHints":{"allow":["GET"]}}],"collection":[{"href":"https:\/\/modest-napier.216-250-124-103.plesk.page\/index.php\/wp-json\/wp\/v2\/product"}],"about":[{"href":"https:\/\/modest-napier.216-250-124-103.plesk.page\/index.php\/wp-json\/wp\/v2\/types\/product"}],"replies":[{"embeddable":true,"href":"https:\/\/modest-napier.216-250-124-103.plesk.page\/index.php\/wp-json\/wp\/v2\/comments?post=5786"}],"wp:featuredmedia":[{"embeddable":true,"href":"https:\/\/modest-napier.216-250-124-103.plesk.page\/index.php\/wp-json\/wp\/v2\/media\/2320"}],"wp:attachment":[{"href":"https:\/\/modest-napier.216-250-124-103.plesk.page\/index.php\/wp-json\/wp\/v2\/media?parent=5786"}],"wp:term":[{"taxonomy":"product_brand","embeddable":true,"href":"https:\/\/modest-napier.216-250-124-103.plesk.page\/index.php\/wp-json\/wp\/v2\/product_brand?post=5786"},{"taxonomy":"product_cat","embeddable":true,"href":"https:\/\/modest-napier.216-250-124-103.plesk.page\/index.php\/wp-json\/wp\/v2\/product_cat?post=5786"},{"taxonomy":"product_tag","embeddable":true,"href":"https:\/\/modest-napier.216-250-124-103.plesk.page\/index.php\/wp-json\/wp\/v2\/product_tag?post=5786"}],"curies":[{"name":"wp","href":"https:\/\/api.w.org\/{rel}","templated":true}]}}