{"id":5787,"date":"2025-09-24T19:43:21","date_gmt":"2025-09-24T19:43:21","guid":{"rendered":"https:\/\/modest-napier.216-250-124-103.plesk.page\/index.php\/producto\/jarabe-de-rabano-yodado-c-340-ml\/"},"modified":"2025-09-24T20:44:51","modified_gmt":"2025-09-24T20:44:51","slug":"jarabe-de-rabano-yodado-340-ml","status":"publish","type":"product","link":"https:\/\/modest-napier.216-250-124-103.plesk.page\/index.php\/producto\/jarabe-de-rabano-yodado-340-ml\/","title":{"rendered":"Jarabe de Extracto de R\u00e1bano Yodado 340 ml"},"content":{"rendered":"<p data-mce-fragment=\"1\"><strong data-mce-fragment=\"1\">Descripci\u00f3n:<\/strong><\/p>\n<p data-mce-fragment=\"1\"><span>El <strong>extracto de R\u00e1bano Yodado<\/strong> es auxiliar en las molestias de las v\u00edas respiratorias, tales como tos y resfriado com\u00fan.<\/span><br data-mce-fragment=\"1\"><\/p>\n<p data-mce-fragment=\"1\"><strong data-mce-fragment=\"1\">Modo de uso:<\/strong><\/p>\n<p data-mce-fragment=\"1\"><span>Ni\u00f1os: 7.5ml 2 veces al d\u00eda con alimentos.<\/span><\/p>\n<p data-mce-fragment=\"1\"><span>Adultos: 15ml 2 veces al d\u00eda con alimentos.<\/span><\/p>\n<p data-mce-fragment=\"1\"><strong data-mce-fragment=\"1\">Contenido:<\/strong><\/p>\n<p data-mce-fragment=\"1\">340 ml.<\/p>\n","protected":false},"excerpt":{"rendered":"<p>Descripci\u00f3n: El extracto de R\u00e1bano Yodado es auxiliar en las molestias de las v\u00edas respiratorias, tales como tos y resfriado com\u00fan. Modo de uso: Ni\u00f1os: 7.5ml 2 veces al d\u00eda [&hellip;]<\/p>\n","protected":false},"featured_media":2321,"comment_status":"open","ping_status":"closed","template":"","meta":[],"product_brand":[475],"product_cat":[337,318,327],"product_tag":[249],"class_list":{"0":"post-5787","1":"product","2":"type-product","3":"status-publish","4":"has-post-thumbnail","6":"product_brand-prosa","7":"product_cat-productos","8":"product_cat-salud","9":"product_cat-sistema-respiratorio","10":"product_tag-rabano","12":"first","13":"instock","14":"shipping-taxable","15":"purchasable","16":"product-type-simple"},"_links":{"self":[{"href":"https:\/\/modest-napier.216-250-124-103.plesk.page\/index.php\/wp-json\/wp\/v2\/product\/5787","targetHints":{"allow":["GET"]}}],"collection":[{"href":"https:\/\/modest-napier.216-250-124-103.plesk.page\/index.php\/wp-json\/wp\/v2\/product"}],"about":[{"href":"https:\/\/modest-napier.216-250-124-103.plesk.page\/index.php\/wp-json\/wp\/v2\/types\/product"}],"replies":[{"embeddable":true,"href":"https:\/\/modest-napier.216-250-124-103.plesk.page\/index.php\/wp-json\/wp\/v2\/comments?post=5787"}],"wp:featuredmedia":[{"embeddable":true,"href":"https:\/\/modest-napier.216-250-124-103.plesk.page\/index.php\/wp-json\/wp\/v2\/media\/2321"}],"wp:attachment":[{"href":"https:\/\/modest-napier.216-250-124-103.plesk.page\/index.php\/wp-json\/wp\/v2\/media?parent=5787"}],"wp:term":[{"taxonomy":"product_brand","embeddable":true,"href":"https:\/\/modest-napier.216-250-124-103.plesk.page\/index.php\/wp-json\/wp\/v2\/product_brand?post=5787"},{"taxonomy":"product_cat","embeddable":true,"href":"https:\/\/modest-napier.216-250-124-103.plesk.page\/index.php\/wp-json\/wp\/v2\/product_cat?post=5787"},{"taxonomy":"product_tag","embeddable":true,"href":"https:\/\/modest-napier.216-250-124-103.plesk.page\/index.php\/wp-json\/wp\/v2\/product_tag?post=5787"}],"curies":[{"name":"wp","href":"https:\/\/api.w.org\/{rel}","templated":true}]}}