{"id":5789,"date":"2025-09-24T19:43:24","date_gmt":"2025-09-24T19:43:24","guid":{"rendered":"https:\/\/modest-napier.216-250-124-103.plesk.page\/index.php\/producto\/jarabe-eucalin-240-ml-salud-natural\/"},"modified":"2025-09-24T20:47:24","modified_gmt":"2025-09-24T20:47:24","slug":"jarabe-eucalin-240-ml-salud-natural","status":"publish","type":"product","link":"https:\/\/modest-napier.216-250-124-103.plesk.page\/index.php\/producto\/jarabe-eucalin-240-ml-salud-natural\/","title":{"rendered":"Jarabe Eucal\u00edn 240 ml Salud Natural"},"content":{"rendered":"<p>El\u00a0<em><strong>jarabe Eucal\u00edn<\/strong><\/em> es un remedio herbolario elaborado con una mezcla de plantas y prop\u00f3leo. Es auxiliar en el tratamiento de la tos seca, la tos con flemas, el resfriado com\u00fan y la tos de fumador. Ayuda a descongestiona nariz y pecho.<\/p>\n","protected":false},"excerpt":{"rendered":"<p>El\u00a0jarabe Eucal\u00edn es un remedio herbolario elaborado con una mezcla de plantas y prop\u00f3leo. Es auxiliar en el tratamiento de la tos seca, la tos con flemas, el resfriado com\u00fan [&hellip;]<\/p>\n","protected":false},"featured_media":2323,"comment_status":"open","ping_status":"closed","template":"","meta":[],"product_brand":[579],"product_cat":[337,318,327],"product_tag":[64,82,217,83,251,84,252],"class_list":{"0":"post-5789","1":"product","2":"type-product","3":"status-publish","4":"has-post-thumbnail","6":"product_brand-salud-natural","7":"product_cat-productos","8":"product_cat-salud","9":"product_cat-sistema-respiratorio","10":"product_tag-eucalipto","11":"product_tag-gordolobo","12":"product_tag-mentol","13":"product_tag-miel-de-abeja","14":"product_tag-mirra","15":"product_tag-propoleo","16":"product_tag-sauco","18":"first","19":"instock","20":"shipping-taxable","21":"purchasable","22":"product-type-simple"},"_links":{"self":[{"href":"https:\/\/modest-napier.216-250-124-103.plesk.page\/index.php\/wp-json\/wp\/v2\/product\/5789","targetHints":{"allow":["GET"]}}],"collection":[{"href":"https:\/\/modest-napier.216-250-124-103.plesk.page\/index.php\/wp-json\/wp\/v2\/product"}],"about":[{"href":"https:\/\/modest-napier.216-250-124-103.plesk.page\/index.php\/wp-json\/wp\/v2\/types\/product"}],"replies":[{"embeddable":true,"href":"https:\/\/modest-napier.216-250-124-103.plesk.page\/index.php\/wp-json\/wp\/v2\/comments?post=5789"}],"wp:featuredmedia":[{"embeddable":true,"href":"https:\/\/modest-napier.216-250-124-103.plesk.page\/index.php\/wp-json\/wp\/v2\/media\/2323"}],"wp:attachment":[{"href":"https:\/\/modest-napier.216-250-124-103.plesk.page\/index.php\/wp-json\/wp\/v2\/media?parent=5789"}],"wp:term":[{"taxonomy":"product_brand","embeddable":true,"href":"https:\/\/modest-napier.216-250-124-103.plesk.page\/index.php\/wp-json\/wp\/v2\/product_brand?post=5789"},{"taxonomy":"product_cat","embeddable":true,"href":"https:\/\/modest-napier.216-250-124-103.plesk.page\/index.php\/wp-json\/wp\/v2\/product_cat?post=5789"},{"taxonomy":"product_tag","embeddable":true,"href":"https:\/\/modest-napier.216-250-124-103.plesk.page\/index.php\/wp-json\/wp\/v2\/product_tag?post=5789"}],"curies":[{"name":"wp","href":"https:\/\/api.w.org\/{rel}","templated":true}]}}