{"id":5790,"date":"2025-09-24T19:43:25","date_gmt":"2025-09-24T19:43:25","guid":{"rendered":"https:\/\/modest-napier.216-250-124-103.plesk.page\/index.php\/producto\/jarabe-eucatol-240ml-nolisan\/"},"modified":"2025-09-24T20:47:24","modified_gmt":"2025-09-24T20:47:24","slug":"jarabe-eucatol-240ml-nolisan","status":"publish","type":"product","link":"https:\/\/modest-napier.216-250-124-103.plesk.page\/index.php\/producto\/jarabe-eucatol-240ml-nolisan\/","title":{"rendered":"Eucatol Jarabe con Prop\u00f3leo 240 ml Nolisan"},"content":{"rendered":"<p data-mce-fragment=\"1\"><strong data-mce-fragment=\"1\">Descripci\u00f3n:<\/strong><\/p>\n<p data-mce-fragment=\"1\"><span data-mce-fragment=\"1\">El <strong>jarabe Eucatol<\/strong> ayuda a suprimir la tos, controlar la mucosidad, limpiar las v\u00edas respiratorias y reducir la irritaci\u00f3n e inflamaci\u00f3n que la tos provoca en la garganta.<\/span><\/p>\n<p data-mce-fragment=\"1\"><strong>Ingredientes:<\/strong><\/p>\n<p data-mce-fragment=\"1\"><span data-mce-fragment=\"1\">Miel de abeja, prop\u00f3leo, eucalipto, gordolobo, menta, borraja, sauco, vitamina C, bugambilia.<\/span><\/p>\n<p data-mce-fragment=\"1\"><strong data-mce-fragment=\"1\">Modo de uso:<\/strong><\/p>\n<p data-mce-fragment=\"1\">Adultos: tomar 10 ml,\u00a0<span data-mce-fragment=\"1\">del vaso dosificador cada 4 horas.<\/span><\/p>\n<p data-mce-fragment=\"1\">Ni\u00f1os mayores de 6 a\u00f1os: tomar 5 ml, del vaso dosificador cada 4 horas.<\/p>\n<p data-mce-fragment=\"1\"><strong data-mce-fragment=\"1\">Contenido:<\/strong><\/p>\n<p data-mce-fragment=\"1\">240 ml.<\/p>\n","protected":false},"excerpt":{"rendered":"<p>Descripci\u00f3n: El jarabe Eucatol ayuda a suprimir la tos, controlar la mucosidad, limpiar las v\u00edas respiratorias y reducir la irritaci\u00f3n e inflamaci\u00f3n que la tos provoca en la garganta. Ingredientes: [&hellip;]<\/p>\n","protected":false},"featured_media":2324,"comment_status":"open","ping_status":"closed","template":"","meta":[],"product_brand":[368],"product_cat":[337,318,327],"product_tag":[64,82,48,83,84,252,86],"class_list":{"0":"post-5790","1":"product","2":"type-product","3":"status-publish","4":"has-post-thumbnail","6":"product_brand-nolisan","7":"product_cat-productos","8":"product_cat-salud","9":"product_cat-sistema-respiratorio","10":"product_tag-eucalipto","11":"product_tag-gordolobo","12":"product_tag-menta","13":"product_tag-miel-de-abeja","14":"product_tag-propoleo","15":"product_tag-sauco","16":"product_tag-vitamina-c","18":"first","19":"instock","20":"shipping-taxable","21":"purchasable","22":"product-type-simple"},"_links":{"self":[{"href":"https:\/\/modest-napier.216-250-124-103.plesk.page\/index.php\/wp-json\/wp\/v2\/product\/5790","targetHints":{"allow":["GET"]}}],"collection":[{"href":"https:\/\/modest-napier.216-250-124-103.plesk.page\/index.php\/wp-json\/wp\/v2\/product"}],"about":[{"href":"https:\/\/modest-napier.216-250-124-103.plesk.page\/index.php\/wp-json\/wp\/v2\/types\/product"}],"replies":[{"embeddable":true,"href":"https:\/\/modest-napier.216-250-124-103.plesk.page\/index.php\/wp-json\/wp\/v2\/comments?post=5790"}],"wp:featuredmedia":[{"embeddable":true,"href":"https:\/\/modest-napier.216-250-124-103.plesk.page\/index.php\/wp-json\/wp\/v2\/media\/2324"}],"wp:attachment":[{"href":"https:\/\/modest-napier.216-250-124-103.plesk.page\/index.php\/wp-json\/wp\/v2\/media?parent=5790"}],"wp:term":[{"taxonomy":"product_brand","embeddable":true,"href":"https:\/\/modest-napier.216-250-124-103.plesk.page\/index.php\/wp-json\/wp\/v2\/product_brand?post=5790"},{"taxonomy":"product_cat","embeddable":true,"href":"https:\/\/modest-napier.216-250-124-103.plesk.page\/index.php\/wp-json\/wp\/v2\/product_cat?post=5790"},{"taxonomy":"product_tag","embeddable":true,"href":"https:\/\/modest-napier.216-250-124-103.plesk.page\/index.php\/wp-json\/wp\/v2\/product_tag?post=5790"}],"curies":[{"name":"wp","href":"https:\/\/api.w.org\/{rel}","templated":true}]}}