{"id":5791,"date":"2025-09-24T19:43:27","date_gmt":"2025-09-24T19:43:27","guid":{"rendered":"https:\/\/modest-napier.216-250-124-103.plesk.page\/index.php\/producto\/jarabe-neurocerebryl-240ml-geysson\/"},"modified":"2025-09-24T20:46:17","modified_gmt":"2025-09-24T20:46:17","slug":"jarabe-neurocerebryl-240ml-geysson","status":"publish","type":"product","link":"https:\/\/modest-napier.216-250-124-103.plesk.page\/index.php\/producto\/jarabe-neurocerebryl-240ml-geysson\/","title":{"rendered":"Neurocerebryl Compuesto Jarabe 240 ml Geysson"},"content":{"rendered":"<p data-mce-fragment=\"1\"><strong data-mce-fragment=\"1\">Descripci\u00f3n:<\/strong><\/p>\n<p data-mce-fragment=\"1\">El <strong>jarabe Neurocebryl Compuesto<\/strong> favorece el rendimiento diario. Ayuda a combatir las anemias perniciosas y macroc\u00edticas, al contener las vitaminas del complejo B. Es de gran utilidad en las convalecencias post operatorias. Adem\u00e1s, reduce el estr\u00e9s, cansancio, debilidad. Es auxiliar para las deficiencias de las vitaminas presentes en la f\u00f3rmula.<\/p>\n<p data-mce-fragment=\"1\"><strong>Ingredientes:<\/strong><\/p>\n<p data-mce-fragment=\"1\">Glicerofosfato de Sodio, Glicerofosfato de Calcio, \u00c1cido Glut\u00e1mico, Niacinamida, \u00c1cido Asc\u00f3rbico, Tiamina, Riboflavina, \u00c1cido Pantot\u00e9nico, Piridoxina, \u00c1cido F\u00f3lico, Cianocobalamina.<\/p>\n<p data-mce-fragment=\"1\"><strong data-mce-fragment=\"1\">Modo de uso:<\/strong><\/p>\n<p data-mce-fragment=\"1\"><span>Ni\u00f1os: tomar 1\/2 copita al d\u00eda.<\/span><br \/><span>Adultos: tomar una copita al d\u00eda.<\/span><\/p>\n<p data-mce-fragment=\"1\"><strong data-mce-fragment=\"1\">Contenido:<\/strong><\/p>\n<p data-mce-fragment=\"1\">240 ml.<\/p>\n","protected":false},"excerpt":{"rendered":"<p>Descripci\u00f3n: El jarabe Neurocebryl Compuesto favorece el rendimiento diario. Ayuda a combatir las anemias perniciosas y macroc\u00edticas, al contener las vitaminas del complejo B. Es de gran utilidad en las [&hellip;]<\/p>\n","protected":false},"featured_media":2325,"comment_status":"open","ping_status":"closed","template":"","meta":[],"product_brand":[583],"product_cat":[308,337,317,318],"product_tag":[81,193,148,86],"class_list":{"0":"post-5791","1":"product","2":"type-product","3":"status-publish","4":"has-post-thumbnail","6":"product_brand-geysson","7":"product_cat-nutricion","8":"product_cat-productos","9":"product_cat-rendimiento-fisico-y-mental","10":"product_cat-salud","11":"product_tag-acido-glutamico","12":"product_tag-calcio","13":"product_tag-complejo-b","14":"product_tag-vitamina-c","16":"first","17":"instock","18":"shipping-taxable","19":"purchasable","20":"product-type-simple"},"_links":{"self":[{"href":"https:\/\/modest-napier.216-250-124-103.plesk.page\/index.php\/wp-json\/wp\/v2\/product\/5791","targetHints":{"allow":["GET"]}}],"collection":[{"href":"https:\/\/modest-napier.216-250-124-103.plesk.page\/index.php\/wp-json\/wp\/v2\/product"}],"about":[{"href":"https:\/\/modest-napier.216-250-124-103.plesk.page\/index.php\/wp-json\/wp\/v2\/types\/product"}],"replies":[{"embeddable":true,"href":"https:\/\/modest-napier.216-250-124-103.plesk.page\/index.php\/wp-json\/wp\/v2\/comments?post=5791"}],"wp:featuredmedia":[{"embeddable":true,"href":"https:\/\/modest-napier.216-250-124-103.plesk.page\/index.php\/wp-json\/wp\/v2\/media\/2325"}],"wp:attachment":[{"href":"https:\/\/modest-napier.216-250-124-103.plesk.page\/index.php\/wp-json\/wp\/v2\/media?parent=5791"}],"wp:term":[{"taxonomy":"product_brand","embeddable":true,"href":"https:\/\/modest-napier.216-250-124-103.plesk.page\/index.php\/wp-json\/wp\/v2\/product_brand?post=5791"},{"taxonomy":"product_cat","embeddable":true,"href":"https:\/\/modest-napier.216-250-124-103.plesk.page\/index.php\/wp-json\/wp\/v2\/product_cat?post=5791"},{"taxonomy":"product_tag","embeddable":true,"href":"https:\/\/modest-napier.216-250-124-103.plesk.page\/index.php\/wp-json\/wp\/v2\/product_tag?post=5791"}],"curies":[{"name":"wp","href":"https:\/\/api.w.org\/{rel}","templated":true}]}}