{"id":5792,"date":"2025-09-24T19:43:28","date_gmt":"2025-09-24T19:43:28","guid":{"rendered":"https:\/\/modest-napier.216-250-124-103.plesk.page\/index.php\/producto\/jarabe-pal-sin-stress-220-ml-medicamentos-naturales\/"},"modified":"2025-09-24T20:47:24","modified_gmt":"2025-09-24T20:47:24","slug":"jarabe-pal-sin-stress-220-ml-medicamentos-naturales","status":"publish","type":"product","link":"https:\/\/modest-napier.216-250-124-103.plesk.page\/index.php\/producto\/jarabe-pal-sin-stress-220-ml-medicamentos-naturales\/","title":{"rendered":"Jarabe Pal Sin Stress 220 ml Medicamentos Naturales"},"content":{"rendered":"<p><strong>Descripci\u00f3n:<\/strong><\/p>\n<p>El <strong>jarabe PalSin Stress<\/strong> sirve para control de peso, y para promover la salud del sistema digestivo, el sistema inmunol\u00f3gico, el sistema respiratorio y el sistema \u00f3seo. Contiene vitaminas y minerales. Es anti estr\u00e9s, y ayuda al cerebro y la memoria.<\/p>\n<p><strong>Ingredientes:<\/strong><\/p>\n<p>Valeriana, l\u00fapulo, pasiflora, tila.<\/p>\n<p><strong>Modo de uso:<\/strong><\/p>\n<p>Tomar una copita por la ma\u00f1ana y una por la noche.<\/p>\n<p><strong>Contenido:<\/strong><\/p>\n<p>220 ml.<\/p>\n","protected":false},"excerpt":{"rendered":"<p>Descripci\u00f3n: El jarabe PalSin Stress sirve para control de peso, y para promover la salud del sistema digestivo, el sistema inmunol\u00f3gico, el sistema respiratorio y el sistema \u00f3seo. Contiene vitaminas [&hellip;]<\/p>\n","protected":false},"featured_media":2327,"comment_status":"open","ping_status":"closed","template":"","meta":[],"product_brand":[602],"product_cat":[303,337,318],"product_tag":[78,172,79],"class_list":{"0":"post-5792","1":"product","2":"type-product","3":"status-publish","4":"has-post-thumbnail","6":"product_brand-medicamentos-naturales","7":"product_cat-insomnio-y-ansiedad","8":"product_cat-productos","9":"product_cat-salud","10":"product_tag-pasiflora","11":"product_tag-tila","12":"product_tag-valeriana","14":"first","15":"instock","16":"shipping-taxable","17":"purchasable","18":"product-type-simple"},"_links":{"self":[{"href":"https:\/\/modest-napier.216-250-124-103.plesk.page\/index.php\/wp-json\/wp\/v2\/product\/5792","targetHints":{"allow":["GET"]}}],"collection":[{"href":"https:\/\/modest-napier.216-250-124-103.plesk.page\/index.php\/wp-json\/wp\/v2\/product"}],"about":[{"href":"https:\/\/modest-napier.216-250-124-103.plesk.page\/index.php\/wp-json\/wp\/v2\/types\/product"}],"replies":[{"embeddable":true,"href":"https:\/\/modest-napier.216-250-124-103.plesk.page\/index.php\/wp-json\/wp\/v2\/comments?post=5792"}],"wp:featuredmedia":[{"embeddable":true,"href":"https:\/\/modest-napier.216-250-124-103.plesk.page\/index.php\/wp-json\/wp\/v2\/media\/2327"}],"wp:attachment":[{"href":"https:\/\/modest-napier.216-250-124-103.plesk.page\/index.php\/wp-json\/wp\/v2\/media?parent=5792"}],"wp:term":[{"taxonomy":"product_brand","embeddable":true,"href":"https:\/\/modest-napier.216-250-124-103.plesk.page\/index.php\/wp-json\/wp\/v2\/product_brand?post=5792"},{"taxonomy":"product_cat","embeddable":true,"href":"https:\/\/modest-napier.216-250-124-103.plesk.page\/index.php\/wp-json\/wp\/v2\/product_cat?post=5792"},{"taxonomy":"product_tag","embeddable":true,"href":"https:\/\/modest-napier.216-250-124-103.plesk.page\/index.php\/wp-json\/wp\/v2\/product_tag?post=5792"}],"curies":[{"name":"wp","href":"https:\/\/api.w.org\/{rel}","templated":true}]}}