{"id":5795,"date":"2025-09-24T19:43:32","date_gmt":"2025-09-24T19:43:32","guid":{"rendered":"https:\/\/modest-napier.216-250-124-103.plesk.page\/index.php\/producto\/jarabe-pulmo-calcio-vitaminado-extra-fuerte-240-ml\/"},"modified":"2025-09-24T20:47:24","modified_gmt":"2025-09-24T20:47:24","slug":"jarabe-pulmo-calcio-vitaminado-extra-fuerte-240-ml","status":"publish","type":"product","link":"https:\/\/modest-napier.216-250-124-103.plesk.page\/index.php\/producto\/jarabe-pulmo-calcio-vitaminado-extra-fuerte-240-ml\/","title":{"rendered":"Jarabe Pulmo Calcio Vitaminado Extra Fuerte 240 ml"},"content":{"rendered":"<p data-mce-fragment=\"1\"><span data-mce-fragment=\"1\">Refuerza tus pulmones con el\u00a0<strong>jarabe Pulmo Calcio<\/strong> Vitaminado Extra Fuerte original. Ofrece un r\u00e1pido alivio de la tos y es un efectivo descongestionante bronquial nasal.\u00a0 <\/span><span data-mce-fragment=\"1\">Indicado para el alivio de toses cr\u00f3nicas, tos ferina, asma bronquial, tos seca e irritante, asociada con inflamaci\u00f3n de laringe y bronquitis cr\u00f3nica. Pulmo Calcio e<\/span><span data-mce-fragment=\"1\">s un expectorante relajante,\u00a0 calma la tos nocturna proporcionando alivio r\u00e1pido.<\/span><strong><\/strong><\/p>\n","protected":false},"excerpt":{"rendered":"<p>Refuerza tus pulmones con el\u00a0jarabe Pulmo Calcio Vitaminado Extra Fuerte original. Ofrece un r\u00e1pido alivio de la tos y es un efectivo descongestionante bronquial nasal.\u00a0 Indicado para el alivio de [&hellip;]<\/p>\n","protected":false},"featured_media":2330,"comment_status":"open","ping_status":"closed","template":"","meta":[],"product_brand":[351],"product_cat":[337,318,327],"product_tag":[],"class_list":{"0":"post-5795","1":"product","2":"type-product","3":"status-publish","4":"has-post-thumbnail","6":"product_brand-herbomex","7":"product_cat-productos","8":"product_cat-salud","9":"product_cat-sistema-respiratorio","11":"first","12":"instock","13":"shipping-taxable","14":"purchasable","15":"product-type-simple"},"_links":{"self":[{"href":"https:\/\/modest-napier.216-250-124-103.plesk.page\/index.php\/wp-json\/wp\/v2\/product\/5795","targetHints":{"allow":["GET"]}}],"collection":[{"href":"https:\/\/modest-napier.216-250-124-103.plesk.page\/index.php\/wp-json\/wp\/v2\/product"}],"about":[{"href":"https:\/\/modest-napier.216-250-124-103.plesk.page\/index.php\/wp-json\/wp\/v2\/types\/product"}],"replies":[{"embeddable":true,"href":"https:\/\/modest-napier.216-250-124-103.plesk.page\/index.php\/wp-json\/wp\/v2\/comments?post=5795"}],"wp:featuredmedia":[{"embeddable":true,"href":"https:\/\/modest-napier.216-250-124-103.plesk.page\/index.php\/wp-json\/wp\/v2\/media\/2330"}],"wp:attachment":[{"href":"https:\/\/modest-napier.216-250-124-103.plesk.page\/index.php\/wp-json\/wp\/v2\/media?parent=5795"}],"wp:term":[{"taxonomy":"product_brand","embeddable":true,"href":"https:\/\/modest-napier.216-250-124-103.plesk.page\/index.php\/wp-json\/wp\/v2\/product_brand?post=5795"},{"taxonomy":"product_cat","embeddable":true,"href":"https:\/\/modest-napier.216-250-124-103.plesk.page\/index.php\/wp-json\/wp\/v2\/product_cat?post=5795"},{"taxonomy":"product_tag","embeddable":true,"href":"https:\/\/modest-napier.216-250-124-103.plesk.page\/index.php\/wp-json\/wp\/v2\/product_tag?post=5795"}],"curies":[{"name":"wp","href":"https:\/\/api.w.org\/{rel}","templated":true}]}}