{"id":5802,"date":"2025-09-24T19:43:41","date_gmt":"2025-09-24T19:43:41","guid":{"rendered":"https:\/\/modest-napier.216-250-124-103.plesk.page\/index.php\/producto\/jarabe-t-kita-estres-reforzado-c-melatonina-c-250-ml-dina\/"},"modified":"2025-09-24T20:44:01","modified_gmt":"2025-09-24T20:44:01","slug":"jarabe-t-kita-estres-reforzado-c-melatonina-c-250-ml-dina","status":"publish","type":"product","link":"https:\/\/modest-napier.216-250-124-103.plesk.page\/index.php\/producto\/jarabe-t-kita-estres-reforzado-c-melatonina-c-250-ml-dina\/","title":{"rendered":"Jarabe T-KITA estres reforzado con melatonina de 250ml DINA"},"content":{"rendered":"<style type=\"text\/css\"><!--\ntd {border: 1px solid #cccccc;}br {mso-data-placement:same-cell;}\n--><\/style>\n<p><span data-sheets-userformat='{\"2\":14913,\"3\":{\"1\":0},\"9\":1,\"12\":0,\"14\":{\"1\":2,\"2\":2173750},\"15\":\"Arial\",\"16\":9}' data-sheets-value='{\"1\":2,\"2\":\"Descripci\u00f3n:n Ayuda a controlar el estres, la tension nerviosa, ansiedad, irritabilidad, depresion, dolor de cabeza y falta de sue\u00f1o.n.nModo de uso:nnTomar una copita por la noche antes de dormir. nnContenido:nn250 ML.\"}'><strong>Descripci\u00f3n:\u00a0<\/strong><\/span><\/p>\n<p><span data-sheets-userformat='{\"2\":14913,\"3\":{\"1\":0},\"9\":1,\"12\":0,\"14\":{\"1\":2,\"2\":2173750},\"15\":\"Arial\",\"16\":9}' data-sheets-value='{\"1\":2,\"2\":\"Descripci\u00f3n:n Ayuda a controlar el estres, la tension nerviosa, ansiedad, irritabilidad, depresion, dolor de cabeza y falta de sue\u00f1o.n.nModo de uso:nnTomar una copita por la noche antes de dormir. nnContenido:nn250 ML.\"}'>Ayuda a controlar el estr\u00e9s, la tensi\u00f3n nerviosa, ansiedad, irritabilidad, depresi\u00f3n, dolor de cabeza y falta de sue\u00f1o.<\/span><span data-sheets-userformat='{\"2\":14913,\"3\":{\"1\":0},\"9\":1,\"12\":0,\"14\":{\"1\":2,\"2\":2173750},\"15\":\"Arial\",\"16\":9}' data-sheets-value='{\"1\":2,\"2\":\"Descripci\u00f3n:n Ayuda a controlar el estres, la tension nerviosa, ansiedad, irritabilidad, depresion, dolor de cabeza y falta de sue\u00f1o.n.nModo de uso:nnTomar una copita por la noche antes de dormir. nnContenido:nn250 ML.\"}'><\/p>\n<p><strong>Modo de uso:\u00a0<\/strong><\/span><\/p>\n<p><span data-sheets-userformat='{\"2\":14913,\"3\":{\"1\":0},\"9\":1,\"12\":0,\"14\":{\"1\":2,\"2\":2173750},\"15\":\"Arial\",\"16\":9}' data-sheets-value='{\"1\":2,\"2\":\"Descripci\u00f3n:n Ayuda a controlar el estres, la tension nerviosa, ansiedad, irritabilidad, depresion, dolor de cabeza y falta de sue\u00f1o.n.nModo de uso:nnTomar una copita por la noche antes de dormir. nnContenido:nn250 ML.\"}'>Tomar una copita por la noche antes de dormir. <\/p>\n<p><strong>Contenido:\u00a0<\/strong><\/span><\/p>\n<p><span data-sheets-userformat='{\"2\":14913,\"3\":{\"1\":0},\"9\":1,\"12\":0,\"14\":{\"1\":2,\"2\":2173750},\"15\":\"Arial\",\"16\":9}' data-sheets-value='{\"1\":2,\"2\":\"Descripci\u00f3n:n Ayuda a controlar el estres, la tension nerviosa, ansiedad, irritabilidad, depresion, dolor de cabeza y falta de sue\u00f1o.n.nModo de uso:nnTomar una copita por la noche antes de dormir. nnContenido:nn250 ML.\"}'>250 ML.<\/span><\/p>\n","protected":false},"excerpt":{"rendered":"<p>Descripci\u00f3n:\u00a0 Ayuda a controlar el estr\u00e9s, la tensi\u00f3n nerviosa, ansiedad, irritabilidad, depresi\u00f3n, dolor de cabeza y falta de sue\u00f1o. Modo de uso:\u00a0 Tomar una copita por la noche antes de [&hellip;]<\/p>\n","protected":false},"featured_media":2337,"comment_status":"open","ping_status":"closed","template":"","meta":[],"product_brand":[396],"product_cat":[303,337,318],"product_tag":[173],"class_list":{"0":"post-5802","1":"product","2":"type-product","3":"status-publish","4":"has-post-thumbnail","6":"product_brand-dina","7":"product_cat-insomnio-y-ansiedad","8":"product_cat-productos","9":"product_cat-salud","10":"product_tag-melatonina","12":"first","13":"instock","14":"shipping-taxable","15":"purchasable","16":"product-type-simple"},"_links":{"self":[{"href":"https:\/\/modest-napier.216-250-124-103.plesk.page\/index.php\/wp-json\/wp\/v2\/product\/5802","targetHints":{"allow":["GET"]}}],"collection":[{"href":"https:\/\/modest-napier.216-250-124-103.plesk.page\/index.php\/wp-json\/wp\/v2\/product"}],"about":[{"href":"https:\/\/modest-napier.216-250-124-103.plesk.page\/index.php\/wp-json\/wp\/v2\/types\/product"}],"replies":[{"embeddable":true,"href":"https:\/\/modest-napier.216-250-124-103.plesk.page\/index.php\/wp-json\/wp\/v2\/comments?post=5802"}],"wp:featuredmedia":[{"embeddable":true,"href":"https:\/\/modest-napier.216-250-124-103.plesk.page\/index.php\/wp-json\/wp\/v2\/media\/2337"}],"wp:attachment":[{"href":"https:\/\/modest-napier.216-250-124-103.plesk.page\/index.php\/wp-json\/wp\/v2\/media?parent=5802"}],"wp:term":[{"taxonomy":"product_brand","embeddable":true,"href":"https:\/\/modest-napier.216-250-124-103.plesk.page\/index.php\/wp-json\/wp\/v2\/product_brand?post=5802"},{"taxonomy":"product_cat","embeddable":true,"href":"https:\/\/modest-napier.216-250-124-103.plesk.page\/index.php\/wp-json\/wp\/v2\/product_cat?post=5802"},{"taxonomy":"product_tag","embeddable":true,"href":"https:\/\/modest-napier.216-250-124-103.plesk.page\/index.php\/wp-json\/wp\/v2\/product_tag?post=5802"}],"curies":[{"name":"wp","href":"https:\/\/api.w.org\/{rel}","templated":true}]}}