{"id":5803,"date":"2025-09-24T19:43:42","date_gmt":"2025-09-24T19:43:42","guid":{"rendered":"https:\/\/modest-napier.216-250-124-103.plesk.page\/index.php\/producto\/jarabe-zorritone-con-balsamo-y-mentol-120-ml-ancalmo\/"},"modified":"2025-09-24T20:47:23","modified_gmt":"2025-09-24T20:47:23","slug":"jarabe-zorritone-con-balsamo-y-mentol-120-ml-ancalmo","status":"publish","type":"product","link":"https:\/\/modest-napier.216-250-124-103.plesk.page\/index.php\/producto\/jarabe-zorritone-con-balsamo-y-mentol-120-ml-ancalmo\/","title":{"rendered":"Jarabe Zorritone B\u00e1lsamo y Mentol 120 ml Ancalmo"},"content":{"rendered":"<p data-mce-fragment=\"1\"><strong data-mce-fragment=\"1\">Descripci\u00f3n:<\/strong><\/p>\n<p data-mce-fragment=\"1\"><strong>Jarabe zorritone<\/strong>, enriquecido con vitaminas A y D, Ayuda a aliviar el dolor de garganta y la picaz\u00f3n, Mejora s\u00edntomas menores de resfriado, Sabor a menta.<\/p>\n<p data-mce-fragment=\"1\"><span>Sus componentes naturales trabajan en conjunto para suavizar la garganta, reduciendo la irritaci\u00f3n y proporcionan un alivio reconfortante para la tos. Adem\u00e1s,\u00a0Ayudan a despejar las v\u00edas respiratorias, aliviando la congesti\u00f3n\u00a0<\/span><\/p>\n<p data-mce-fragment=\"1\"><span> Es un aliado efectivo para los problemas respiratorios, <em>ofreciendo alivio tanto a nivel de las v\u00edas respiratorias como en la garganta<\/em>, brindando una sensaci\u00f3n de bienestar general.<\/span><\/p>\n<p data-mce-fragment=\"1\"><strong>Ingredientes:\u00a0<\/strong><\/p>\n<p><span data-mce-fragment=\"1\">Sacarosa, Agua, B\u00e1lsamo de el Salvador, Mentol, Gomenol, Goma Xantana, Metilparabeno, propilparabeno, Vitamina A, Vitamina D, Benzoato de Sodio.<\/span><\/p>\n<p data-mce-fragment=\"1\"><strong data-mce-fragment=\"1\">Modo de uso:<\/strong><\/p>\n<p data-mce-fragment=\"1\">Ni\u00f1os de 4 a 6 a\u00f1os: tomar 1\/2 cucharada cada 8 horas.<\/p>\n<p data-mce-fragment=\"1\"><span>Ni\u00f1os de 8 a 12 a\u00f1os: tomar 1\/2 cucharada cada 6 horas.<\/span><\/p>\n<p data-mce-fragment=\"1\">Adultos: tomar 1 cucharada cada 2<span data-mce-fragment=\"1\">\u00a0horas.<\/span><\/p>\n<p data-mce-fragment=\"1\"><strong data-mce-fragment=\"1\">Contenido:<\/strong><\/p>\n<p data-mce-fragment=\"1\">120 ML.<\/p>\n","protected":false},"excerpt":{"rendered":"<p>Descripci\u00f3n: Jarabe zorritone, enriquecido con vitaminas A y D, Ayuda a aliviar el dolor de garganta y la picaz\u00f3n, Mejora s\u00edntomas menores de resfriado, Sabor a menta. Sus componentes naturales [&hellip;]<\/p>\n","protected":false},"featured_media":2338,"comment_status":"open","ping_status":"closed","template":"","meta":[],"product_brand":[424],"product_cat":[337,318,327],"product_tag":[],"class_list":{"0":"post-5803","1":"product","2":"type-product","3":"status-publish","4":"has-post-thumbnail","6":"product_brand-ancalmo","7":"product_cat-productos","8":"product_cat-salud","9":"product_cat-sistema-respiratorio","11":"first","12":"instock","13":"shipping-taxable","14":"purchasable","15":"product-type-simple"},"_links":{"self":[{"href":"https:\/\/modest-napier.216-250-124-103.plesk.page\/index.php\/wp-json\/wp\/v2\/product\/5803","targetHints":{"allow":["GET"]}}],"collection":[{"href":"https:\/\/modest-napier.216-250-124-103.plesk.page\/index.php\/wp-json\/wp\/v2\/product"}],"about":[{"href":"https:\/\/modest-napier.216-250-124-103.plesk.page\/index.php\/wp-json\/wp\/v2\/types\/product"}],"replies":[{"embeddable":true,"href":"https:\/\/modest-napier.216-250-124-103.plesk.page\/index.php\/wp-json\/wp\/v2\/comments?post=5803"}],"wp:featuredmedia":[{"embeddable":true,"href":"https:\/\/modest-napier.216-250-124-103.plesk.page\/index.php\/wp-json\/wp\/v2\/media\/2338"}],"wp:attachment":[{"href":"https:\/\/modest-napier.216-250-124-103.plesk.page\/index.php\/wp-json\/wp\/v2\/media?parent=5803"}],"wp:term":[{"taxonomy":"product_brand","embeddable":true,"href":"https:\/\/modest-napier.216-250-124-103.plesk.page\/index.php\/wp-json\/wp\/v2\/product_brand?post=5803"},{"taxonomy":"product_cat","embeddable":true,"href":"https:\/\/modest-napier.216-250-124-103.plesk.page\/index.php\/wp-json\/wp\/v2\/product_cat?post=5803"},{"taxonomy":"product_tag","embeddable":true,"href":"https:\/\/modest-napier.216-250-124-103.plesk.page\/index.php\/wp-json\/wp\/v2\/product_tag?post=5803"}],"curies":[{"name":"wp","href":"https:\/\/api.w.org\/{rel}","templated":true}]}}