{"id":5806,"date":"2025-09-24T19:43:46","date_gmt":"2025-09-24T19:43:46","guid":{"rendered":"https:\/\/modest-napier.216-250-124-103.plesk.page\/index.php\/producto\/jugo-de-maguey-jalisco-c-1l-strong-natural\/"},"modified":"2025-09-24T20:44:37","modified_gmt":"2025-09-24T20:44:37","slug":"jugo-de-maguey-c-1l-vive-natural","status":"publish","type":"product","link":"https:\/\/modest-napier.216-250-124-103.plesk.page\/index.php\/producto\/jugo-de-maguey-c-1l-vive-natural\/","title":{"rendered":"Jugo de Maguey Jalisco 1 litro Strong Natural"},"content":{"rendered":"<p data-mce-fragment=\"1\">El\u00a0<strong>jugo de maguey Jalisco<\/strong> ayuda a controlar, sanar y prevenir enfermedades como: gastritis, colitis, estre\u00f1imiento, mala digesti\u00f3n, ulceras g\u00e1stricas, reflujo, desinflamatorio intestinal, enfermedades del coraz\u00f3n, baja niveles de colesterol y trigliceridos, puede reducir niveles de az\u00facar en sangre.<strong data-mce-fragment=\"1\"><\/strong><\/p>\n","protected":false},"excerpt":{"rendered":"<p>El\u00a0jugo de maguey Jalisco ayuda a controlar, sanar y prevenir enfermedades como: gastritis, colitis, estre\u00f1imiento, mala digesti\u00f3n, ulceras g\u00e1stricas, reflujo, desinflamatorio intestinal, enfermedades del coraz\u00f3n, baja niveles de colesterol y [&hellip;]<\/p>\n","protected":false},"featured_media":2341,"comment_status":"open","ping_status":"closed","template":"","meta":[],"product_brand":[472],"product_cat":[308,337,318,323],"product_tag":[],"class_list":{"0":"post-5806","1":"product","2":"type-product","3":"status-publish","4":"has-post-thumbnail","6":"product_brand-strong-natural","7":"product_cat-nutricion","8":"product_cat-productos","9":"product_cat-salud","10":"product_cat-salud-intestinal","12":"first","13":"instock","14":"shipping-taxable","15":"purchasable","16":"product-type-simple"},"_links":{"self":[{"href":"https:\/\/modest-napier.216-250-124-103.plesk.page\/index.php\/wp-json\/wp\/v2\/product\/5806","targetHints":{"allow":["GET"]}}],"collection":[{"href":"https:\/\/modest-napier.216-250-124-103.plesk.page\/index.php\/wp-json\/wp\/v2\/product"}],"about":[{"href":"https:\/\/modest-napier.216-250-124-103.plesk.page\/index.php\/wp-json\/wp\/v2\/types\/product"}],"replies":[{"embeddable":true,"href":"https:\/\/modest-napier.216-250-124-103.plesk.page\/index.php\/wp-json\/wp\/v2\/comments?post=5806"}],"wp:featuredmedia":[{"embeddable":true,"href":"https:\/\/modest-napier.216-250-124-103.plesk.page\/index.php\/wp-json\/wp\/v2\/media\/2341"}],"wp:attachment":[{"href":"https:\/\/modest-napier.216-250-124-103.plesk.page\/index.php\/wp-json\/wp\/v2\/media?parent=5806"}],"wp:term":[{"taxonomy":"product_brand","embeddable":true,"href":"https:\/\/modest-napier.216-250-124-103.plesk.page\/index.php\/wp-json\/wp\/v2\/product_brand?post=5806"},{"taxonomy":"product_cat","embeddable":true,"href":"https:\/\/modest-napier.216-250-124-103.plesk.page\/index.php\/wp-json\/wp\/v2\/product_cat?post=5806"},{"taxonomy":"product_tag","embeddable":true,"href":"https:\/\/modest-napier.216-250-124-103.plesk.page\/index.php\/wp-json\/wp\/v2\/product_tag?post=5806"}],"curies":[{"name":"wp","href":"https:\/\/api.w.org\/{rel}","templated":true}]}}