{"id":5811,"date":"2025-09-24T19:43:52","date_gmt":"2025-09-24T19:43:52","guid":{"rendered":"https:\/\/modest-napier.216-250-124-103.plesk.page\/index.php\/producto\/leche-alpiste-mix-500-grs-natural-nolisan\/"},"modified":"2025-09-24T20:46:16","modified_gmt":"2025-09-24T20:46:16","slug":"leche-alpiste-mix-500-grs-natural-nolisan","status":"publish","type":"product","link":"https:\/\/modest-napier.216-250-124-103.plesk.page\/index.php\/producto\/leche-alpiste-mix-500-grs-natural-nolisan\/","title":{"rendered":"Polvo para Leche de Alpiste Mix 500 g Nolisan"},"content":{"rendered":"<ul>\n<li>Ayuda a adelgazar, acelera el metabolismo poniendo en marcha el sistema digestivo activando los intestinos y mejorando la digesti\u00f3n.<\/li>\n<li>Antioxidante. Gran aporte de enzimas que retrasan el envejecimiento.<\/li>\n<li>Elimina los dep\u00f3sitos de grasas de nuestro cuerpo. Indicada para personas con colesterol.<\/li>\n<li>Es diur\u00e9tico y antiinflamatorio. Indicado para las inflamaciones del ri\u00f1\u00f3n, h\u00edgado y p\u00e1ncreas. Inhibe las infecciones bacterianas del tracto urinario.<\/li>\n<li>Combate la cirrosis y la arteriosclerosis.<\/li>\n<li>Indicada para diab\u00e9ticos. Nivela la glucosa en sangre ayudando a los enfermos de p\u00e1ncreas y diab\u00e9ticos.<\/li>\n<\/ul>\n","protected":false},"excerpt":{"rendered":"<p>Ayuda a adelgazar, acelera el metabolismo poniendo en marcha el sistema digestivo activando los intestinos y mejorando la digesti\u00f3n. Antioxidante. Gran aporte de enzimas que retrasan el envejecimiento. Elimina los [&hellip;]<\/p>\n","protected":false},"featured_media":2347,"comment_status":"open","ping_status":"closed","template":"","meta":[],"product_brand":[368],"product_cat":[305,308,337],"product_tag":[],"class_list":{"0":"post-5811","1":"product","2":"type-product","3":"status-publish","4":"has-post-thumbnail","6":"product_brand-nolisan","7":"product_cat-leches-vegetales","8":"product_cat-nutricion","9":"product_cat-productos","11":"first","12":"instock","13":"shipping-taxable","14":"purchasable","15":"product-type-simple"},"_links":{"self":[{"href":"https:\/\/modest-napier.216-250-124-103.plesk.page\/index.php\/wp-json\/wp\/v2\/product\/5811","targetHints":{"allow":["GET"]}}],"collection":[{"href":"https:\/\/modest-napier.216-250-124-103.plesk.page\/index.php\/wp-json\/wp\/v2\/product"}],"about":[{"href":"https:\/\/modest-napier.216-250-124-103.plesk.page\/index.php\/wp-json\/wp\/v2\/types\/product"}],"replies":[{"embeddable":true,"href":"https:\/\/modest-napier.216-250-124-103.plesk.page\/index.php\/wp-json\/wp\/v2\/comments?post=5811"}],"wp:featuredmedia":[{"embeddable":true,"href":"https:\/\/modest-napier.216-250-124-103.plesk.page\/index.php\/wp-json\/wp\/v2\/media\/2347"}],"wp:attachment":[{"href":"https:\/\/modest-napier.216-250-124-103.plesk.page\/index.php\/wp-json\/wp\/v2\/media?parent=5811"}],"wp:term":[{"taxonomy":"product_brand","embeddable":true,"href":"https:\/\/modest-napier.216-250-124-103.plesk.page\/index.php\/wp-json\/wp\/v2\/product_brand?post=5811"},{"taxonomy":"product_cat","embeddable":true,"href":"https:\/\/modest-napier.216-250-124-103.plesk.page\/index.php\/wp-json\/wp\/v2\/product_cat?post=5811"},{"taxonomy":"product_tag","embeddable":true,"href":"https:\/\/modest-napier.216-250-124-103.plesk.page\/index.php\/wp-json\/wp\/v2\/product_tag?post=5811"}],"curies":[{"name":"wp","href":"https:\/\/api.w.org\/{rel}","templated":true}]}}