{"id":5812,"date":"2025-09-24T19:43:53","date_gmt":"2025-09-24T19:43:53","guid":{"rendered":"https:\/\/modest-napier.216-250-124-103.plesk.page\/index.php\/producto\/leche-de-alpiste-reforzada-c-moringa-alcachofa-y-papaya-c-500-gr-natural-life\/"},"modified":"2025-09-24T20:43:34","modified_gmt":"2025-09-24T20:43:34","slug":"leche-de-alpiste-moringa-alcachofa-papaya","status":"publish","type":"product","link":"https:\/\/modest-napier.216-250-124-103.plesk.page\/index.php\/producto\/leche-de-alpiste-moringa-alcachofa-papaya\/","title":{"rendered":"Leche de alpiste, moringa, alcachofa, papaya 500g"},"content":{"rendered":"<p><strong>Descripci\u00f3n:<\/strong><br \/> Excelente fuente de antioxidantes, los cuales previenen el envejecimiento y el desgaste prematuro de la piel, de gran contenido en prote\u00ednas vegetales, las enzimas de esta maravillosa semilla son remedio natural ideal para desinflamar \u00f3rganos internos como el h\u00edgado, los ri\u00f1ones y el p\u00e1ncreas, el alpiste es un regenerador pancre\u00e1tico muy poderoso, ayuda a disipar inflamaci\u00f3n del h\u00edgado y recarga los ri\u00f1ones de enzimas, ayuda a eliminar exceso de l\u00edquidos.<\/p>\n<p><strong>Modo de uso:<\/strong><br \/> Agregar 2 cucharadas soperas en un vaso con agua y consumir por la ma\u00f1ana y por la noche.<\/p>\n<p><strong>Contenido: <\/strong><br \/>500 g.<\/p>\n","protected":false},"excerpt":{"rendered":"<p>Descripci\u00f3n: Excelente fuente de antioxidantes, los cuales previenen el envejecimiento y el desgaste prematuro de la piel, de gran contenido en prote\u00ednas vegetales, las enzimas de esta maravillosa semilla son [&hellip;]<\/p>\n","protected":false},"featured_media":2349,"comment_status":"open","ping_status":"closed","template":"","meta":[],"product_brand":[345],"product_cat":[308,337,318],"product_tag":[],"class_list":{"0":"post-5812","1":"product","2":"type-product","3":"status-publish","4":"has-post-thumbnail","6":"product_brand-natural-life","7":"product_cat-nutricion","8":"product_cat-productos","9":"product_cat-salud","11":"first","12":"instock","13":"shipping-taxable","14":"purchasable","15":"product-type-simple"},"_links":{"self":[{"href":"https:\/\/modest-napier.216-250-124-103.plesk.page\/index.php\/wp-json\/wp\/v2\/product\/5812","targetHints":{"allow":["GET"]}}],"collection":[{"href":"https:\/\/modest-napier.216-250-124-103.plesk.page\/index.php\/wp-json\/wp\/v2\/product"}],"about":[{"href":"https:\/\/modest-napier.216-250-124-103.plesk.page\/index.php\/wp-json\/wp\/v2\/types\/product"}],"replies":[{"embeddable":true,"href":"https:\/\/modest-napier.216-250-124-103.plesk.page\/index.php\/wp-json\/wp\/v2\/comments?post=5812"}],"wp:featuredmedia":[{"embeddable":true,"href":"https:\/\/modest-napier.216-250-124-103.plesk.page\/index.php\/wp-json\/wp\/v2\/media\/2349"}],"wp:attachment":[{"href":"https:\/\/modest-napier.216-250-124-103.plesk.page\/index.php\/wp-json\/wp\/v2\/media?parent=5812"}],"wp:term":[{"taxonomy":"product_brand","embeddable":true,"href":"https:\/\/modest-napier.216-250-124-103.plesk.page\/index.php\/wp-json\/wp\/v2\/product_brand?post=5812"},{"taxonomy":"product_cat","embeddable":true,"href":"https:\/\/modest-napier.216-250-124-103.plesk.page\/index.php\/wp-json\/wp\/v2\/product_cat?post=5812"},{"taxonomy":"product_tag","embeddable":true,"href":"https:\/\/modest-napier.216-250-124-103.plesk.page\/index.php\/wp-json\/wp\/v2\/product_tag?post=5812"}],"curies":[{"name":"wp","href":"https:\/\/api.w.org\/{rel}","templated":true}]}}