{"id":5815,"date":"2025-09-24T19:43:58","date_gmt":"2025-09-24T19:43:58","guid":{"rendered":"https:\/\/modest-napier.216-250-124-103.plesk.page\/index.php\/producto\/leche-de-alpiste-sabor-vainilla-500-gr-nolisan\/"},"modified":"2025-09-24T20:47:20","modified_gmt":"2025-09-24T20:47:20","slug":"polvo-para-preparar-leche-de-alpiste-sabor-vainilla-500-gr-nolisan","status":"publish","type":"product","link":"https:\/\/modest-napier.216-250-124-103.plesk.page\/index.php\/producto\/polvo-para-preparar-leche-de-alpiste-sabor-vainilla-500-gr-nolisan\/","title":{"rendered":"Alpiste Mix en Polvo Sabor Vainilla 500 g Nolisan"},"content":{"rendered":"<p data-mce-fragment=\"1\"><strong data-mce-fragment=\"1\">Descripci\u00f3n:<\/strong><\/p>\n<p><span>El polvo para preparar leche de alpiste\u00a0<strong>Alpiste Mix sabor vainilla\u00a0<\/strong>tiene los siguientes beneficios:<\/span><\/p>\n<ul>\n<li>Ayuda a adelgazar, acelera el metabolismo poniendo en marcha el sistema digestivo activando los intestinos y mejorando la digesti\u00f3n.<\/li>\n<li>Antioxidante. Gran aporte de enzimas que retrasan el envejecimiento.<\/li>\n<li>Elimina los dep\u00f3sitos de grasas de nuestro cuerpo. Indicada para personas con colesterol.<\/li>\n<li>Es diur\u00e9tico y antiinflamatorio. Indicado para las inflamaciones del ri\u00f1\u00f3n, h\u00edgado y p\u00e1ncreas. Inhibe las infecciones bacterianas del tracto urinario.<\/li>\n<li>Combate la cirrosis y la arteriosclerosis.<\/li>\n<li>Indicada para diab\u00e9ticos. Nivela la glucosa en sangre ayudando a los enfermos de p\u00e1ncreas y diab\u00e9ticos.<\/li>\n<\/ul>\n<p data-mce-fragment=\"1\"><strong data-mce-fragment=\"1\">Modo de uso:<\/strong><\/p>\n<p data-mce-fragment=\"1\">Disolver 2 cucharadas en 200 ml de agua.<\/p>\n<p data-mce-fragment=\"1\"><strong data-mce-fragment=\"1\">Contenido:<\/strong><\/p>\n<p data-mce-fragment=\"1\">500 g.<\/p>\n","protected":false},"excerpt":{"rendered":"<p>Descripci\u00f3n: El polvo para preparar leche de alpiste\u00a0Alpiste Mix sabor vainilla\u00a0tiene los siguientes beneficios: Ayuda a adelgazar, acelera el metabolismo poniendo en marcha el sistema digestivo activando los intestinos y [&hellip;]<\/p>\n","protected":false},"featured_media":2354,"comment_status":"open","ping_status":"closed","template":"","meta":[],"product_brand":[368],"product_cat":[305,308,337],"product_tag":[113],"class_list":{"0":"post-5815","1":"product","2":"type-product","3":"status-publish","4":"has-post-thumbnail","6":"product_brand-nolisan","7":"product_cat-leches-vegetales","8":"product_cat-nutricion","9":"product_cat-productos","10":"product_tag-alpiste","12":"first","13":"instock","14":"shipping-taxable","15":"purchasable","16":"product-type-simple"},"_links":{"self":[{"href":"https:\/\/modest-napier.216-250-124-103.plesk.page\/index.php\/wp-json\/wp\/v2\/product\/5815","targetHints":{"allow":["GET"]}}],"collection":[{"href":"https:\/\/modest-napier.216-250-124-103.plesk.page\/index.php\/wp-json\/wp\/v2\/product"}],"about":[{"href":"https:\/\/modest-napier.216-250-124-103.plesk.page\/index.php\/wp-json\/wp\/v2\/types\/product"}],"replies":[{"embeddable":true,"href":"https:\/\/modest-napier.216-250-124-103.plesk.page\/index.php\/wp-json\/wp\/v2\/comments?post=5815"}],"wp:featuredmedia":[{"embeddable":true,"href":"https:\/\/modest-napier.216-250-124-103.plesk.page\/index.php\/wp-json\/wp\/v2\/media\/2354"}],"wp:attachment":[{"href":"https:\/\/modest-napier.216-250-124-103.plesk.page\/index.php\/wp-json\/wp\/v2\/media?parent=5815"}],"wp:term":[{"taxonomy":"product_brand","embeddable":true,"href":"https:\/\/modest-napier.216-250-124-103.plesk.page\/index.php\/wp-json\/wp\/v2\/product_brand?post=5815"},{"taxonomy":"product_cat","embeddable":true,"href":"https:\/\/modest-napier.216-250-124-103.plesk.page\/index.php\/wp-json\/wp\/v2\/product_cat?post=5815"},{"taxonomy":"product_tag","embeddable":true,"href":"https:\/\/modest-napier.216-250-124-103.plesk.page\/index.php\/wp-json\/wp\/v2\/product_tag?post=5815"}],"curies":[{"name":"wp","href":"https:\/\/api.w.org\/{rel}","templated":true}]}}