{"id":5822,"date":"2025-09-24T19:44:07","date_gmt":"2025-09-24T19:44:07","guid":{"rendered":"https:\/\/modest-napier.216-250-124-103.plesk.page\/index.php\/producto\/locion-capilar-folisan-c-125-ml\/"},"modified":"2025-09-24T20:45:06","modified_gmt":"2025-09-24T20:45:06","slug":"locion-capilar-folisan-c-125-ml","status":"publish","type":"product","link":"https:\/\/modest-napier.216-250-124-103.plesk.page\/index.php\/producto\/locion-capilar-folisan-c-125-ml\/","title":{"rendered":"Loci\u00f3n Capilar Folisan 125 ml"},"content":{"rendered":"<p data-mce-fragment=\"1\"><strong data-mce-fragment=\"1\">Descripci\u00f3n:<\/strong><\/p>\n<div dir=\"auto\" style=\"text-align: left;\" data-mce-fragment=\"1\">Loci\u00f3n de nutrici\u00f3n intensiva de uso diario la cual previene la ca\u00edda del cabello, lo vigoriza, nutre y fortalece naturalmente. Adem\u00e1s acelera el crecimiento estimulando la<br \/>microcirculaci\u00f3n perif\u00e9rica del cuero cabelludo. Act\u00faa a los pocos minutos sin necesidad<br \/>de una fuente de calor.<\/div>\n<div dir=\"auto\" data-mce-fragment=\"1\">\n<span class=\"pq6dq46d tbxw36s4 knj5qynh kvgmc6g5 ditlmg2l oygrvhab nvdbi5me sf5mxxl7 gl3lb2sf hhz5lgdu\" data-mce-fragment=\"1\"><\/span><br data-mce-fragment=\"1\">\n<\/div>\n<p data-mce-fragment=\"1\"><strong data-mce-fragment=\"1\">Modo de uso:<\/strong><\/p>\n<ul>\n<li>Presionar atomizador y aplicar sobre el cuero cabelludo y\/o en el \u00e1rea sin cabello.<\/li>\n<li>Dar ligeros masajes con las yemas de los dedos.<\/li>\n<li>Aplicar despu\u00e9s de la ducha.<\/li>\n<\/ul>\n<p data-mce-fragment=\"1\"><strong data-mce-fragment=\"1\">Contenido:<\/strong><\/p>\n<p data-mce-fragment=\"1\">125 ML.<\/p>\n","protected":false},"excerpt":{"rendered":"<p>Descripci\u00f3n: Loci\u00f3n de nutrici\u00f3n intensiva de uso diario la cual previene la ca\u00edda del cabello, lo vigoriza, nutre y fortalece naturalmente. Adem\u00e1s acelera el crecimiento estimulando lamicrocirculaci\u00f3n perif\u00e9rica del cuero [&hellip;]<\/p>\n","protected":false},"featured_media":2361,"comment_status":"open","ping_status":"closed","template":"","meta":[],"product_brand":[541],"product_cat":[289,295,337],"product_tag":[],"class_list":{"0":"post-5822","1":"product","2":"type-product","3":"status-publish","4":"has-post-thumbnail","6":"product_brand-folisan","7":"product_cat-belleza","8":"product_cat-cuidado-del-cabello","9":"product_cat-productos","11":"first","12":"outofstock","13":"shipping-taxable","14":"purchasable","15":"product-type-simple"},"_links":{"self":[{"href":"https:\/\/modest-napier.216-250-124-103.plesk.page\/index.php\/wp-json\/wp\/v2\/product\/5822","targetHints":{"allow":["GET"]}}],"collection":[{"href":"https:\/\/modest-napier.216-250-124-103.plesk.page\/index.php\/wp-json\/wp\/v2\/product"}],"about":[{"href":"https:\/\/modest-napier.216-250-124-103.plesk.page\/index.php\/wp-json\/wp\/v2\/types\/product"}],"replies":[{"embeddable":true,"href":"https:\/\/modest-napier.216-250-124-103.plesk.page\/index.php\/wp-json\/wp\/v2\/comments?post=5822"}],"wp:featuredmedia":[{"embeddable":true,"href":"https:\/\/modest-napier.216-250-124-103.plesk.page\/index.php\/wp-json\/wp\/v2\/media\/2361"}],"wp:attachment":[{"href":"https:\/\/modest-napier.216-250-124-103.plesk.page\/index.php\/wp-json\/wp\/v2\/media?parent=5822"}],"wp:term":[{"taxonomy":"product_brand","embeddable":true,"href":"https:\/\/modest-napier.216-250-124-103.plesk.page\/index.php\/wp-json\/wp\/v2\/product_brand?post=5822"},{"taxonomy":"product_cat","embeddable":true,"href":"https:\/\/modest-napier.216-250-124-103.plesk.page\/index.php\/wp-json\/wp\/v2\/product_cat?post=5822"},{"taxonomy":"product_tag","embeddable":true,"href":"https:\/\/modest-napier.216-250-124-103.plesk.page\/index.php\/wp-json\/wp\/v2\/product_tag?post=5822"}],"curies":[{"name":"wp","href":"https:\/\/api.w.org\/{rel}","templated":true}]}}