{"id":5824,"date":"2025-09-24T19:44:10","date_gmt":"2025-09-24T19:44:10","guid":{"rendered":"https:\/\/modest-napier.216-250-124-103.plesk.page\/index.php\/producto\/locion-corporal-anti-estrias-3-en-1-185-grs-miss-glamour\/"},"modified":"2025-09-24T20:45:04","modified_gmt":"2025-09-24T20:45:04","slug":"locion-corporal-anti-estrias-3-en-1-185-grs-miss-glamour","status":"publish","type":"product","link":"https:\/\/modest-napier.216-250-124-103.plesk.page\/index.php\/producto\/locion-corporal-anti-estrias-3-en-1-185-grs-miss-glamour\/","title":{"rendered":"Loci\u00f3n Corporal Miss Glamour Anti Estr\u00edas 3 en 1 185 g"},"content":{"rendered":"<p data-mce-fragment=\"1\"><strong data-mce-fragment=\"1\">Descripci\u00f3n:<\/strong><\/p>\n<div dir=\"auto\" data-mce-fragment=\"1\">\n<ul class=\"a-unordered-list a-vertical a-spacing-mini\">\n<li><span class=\"a-list-item\">Efecto humectaci\u00f3n profunda.<\/span><\/li>\n<li><span class=\"a-list-item\">Contiene Centella asi\u00e1tica y vitamina E y ayuda a estimular la elasticidad de la piel.<\/span><\/li>\n<li><span class=\"a-list-item\">Desvanece y previene gradualmente las estr\u00edas.<\/span><\/li>\n<li><span class=\"a-list-item\">Brinda una textura suave y tersa a tu piel.<\/span><\/li>\n<\/ul>\n<\/div>\n<p data-mce-fragment=\"1\"><strong data-mce-fragment=\"1\">Modo de uso:<\/strong><\/p>\n<p data-mce-fragment=\"1\">Uso libre.<\/p>\n<p data-mce-fragment=\"1\"><strong data-mce-fragment=\"1\">Contenido:<\/strong><\/p>\n<p data-mce-fragment=\"1\">185 GRS.<\/p>\n","protected":false},"excerpt":{"rendered":"<p>Descripci\u00f3n: Efecto humectaci\u00f3n profunda. Contiene Centella asi\u00e1tica y vitamina E y ayuda a estimular la elasticidad de la piel. Desvanece y previene gradualmente las estr\u00edas. Brinda una textura suave y [&hellip;]<\/p>\n","protected":false},"featured_media":2363,"comment_status":"open","ping_status":"closed","template":"","meta":[],"product_brand":[540],"product_cat":[289,293,337],"product_tag":[],"class_list":{"0":"post-5824","1":"product","2":"type-product","3":"status-publish","4":"has-post-thumbnail","6":"product_brand-miss-glamour","7":"product_cat-belleza","8":"product_cat-cremas-y-geles-corporales","9":"product_cat-productos","11":"first","12":"outofstock","13":"shipping-taxable","14":"purchasable","15":"product-type-simple"},"_links":{"self":[{"href":"https:\/\/modest-napier.216-250-124-103.plesk.page\/index.php\/wp-json\/wp\/v2\/product\/5824","targetHints":{"allow":["GET"]}}],"collection":[{"href":"https:\/\/modest-napier.216-250-124-103.plesk.page\/index.php\/wp-json\/wp\/v2\/product"}],"about":[{"href":"https:\/\/modest-napier.216-250-124-103.plesk.page\/index.php\/wp-json\/wp\/v2\/types\/product"}],"replies":[{"embeddable":true,"href":"https:\/\/modest-napier.216-250-124-103.plesk.page\/index.php\/wp-json\/wp\/v2\/comments?post=5824"}],"wp:featuredmedia":[{"embeddable":true,"href":"https:\/\/modest-napier.216-250-124-103.plesk.page\/index.php\/wp-json\/wp\/v2\/media\/2363"}],"wp:attachment":[{"href":"https:\/\/modest-napier.216-250-124-103.plesk.page\/index.php\/wp-json\/wp\/v2\/media?parent=5824"}],"wp:term":[{"taxonomy":"product_brand","embeddable":true,"href":"https:\/\/modest-napier.216-250-124-103.plesk.page\/index.php\/wp-json\/wp\/v2\/product_brand?post=5824"},{"taxonomy":"product_cat","embeddable":true,"href":"https:\/\/modest-napier.216-250-124-103.plesk.page\/index.php\/wp-json\/wp\/v2\/product_cat?post=5824"},{"taxonomy":"product_tag","embeddable":true,"href":"https:\/\/modest-napier.216-250-124-103.plesk.page\/index.php\/wp-json\/wp\/v2\/product_tag?post=5824"}],"curies":[{"name":"wp","href":"https:\/\/api.w.org\/{rel}","templated":true}]}}