{"id":5825,"date":"2025-09-24T19:44:11","date_gmt":"2025-09-24T19:44:11","guid":{"rendered":"https:\/\/modest-napier.216-250-124-103.plesk.page\/index.php\/producto\/locion-de-bergamota-c-minoxidil-al-5-c-60-ml-naturalu-y-sir-beard\/"},"modified":"2025-09-24T20:44:10","modified_gmt":"2025-09-24T20:44:10","slug":"locion-naturalu-de-bergamota-c-minoxidil-al-5-c-60-ml-naturalu","status":"publish","type":"product","link":"https:\/\/modest-napier.216-250-124-103.plesk.page\/index.php\/producto\/locion-naturalu-de-bergamota-c-minoxidil-al-5-c-60-ml-naturalu\/","title":{"rendered":"Loci\u00f3n Bergamota con Minoxidil 5% 60 ml Natural&#8217;u"},"content":{"rendered":"<p data-mce-fragment=\"1\"><span data-mce-fragment=\"1\">La loci\u00f3n anti-ca\u00edda de bergamota con minoxidil al 5% est\u00e1 formulada para la activaci\u00f3n del fol\u00edculo capilar<\/span><span data-mce-fragment=\"1\">.\u00a0<\/span><span data-mce-fragment=\"1\">Estimula y ayuda al crecimiento del cabello.<\/span><\/p>\n","protected":false},"excerpt":{"rendered":"<p>La loci\u00f3n anti-ca\u00edda de bergamota con minoxidil al 5% est\u00e1 formulada para la activaci\u00f3n del fol\u00edculo capilar.\u00a0Estimula y ayuda al crecimiento del cabello.<\/p>\n","protected":false},"featured_media":2364,"comment_status":"open","ping_status":"closed","template":"","meta":[],"product_brand":[357],"product_cat":[289,294,337,318],"product_tag":[],"class_list":{"0":"post-5825","1":"product","2":"type-product","3":"status-publish","4":"has-post-thumbnail","6":"product_brand-naturalu","7":"product_cat-belleza","8":"product_cat-cuidado-de-la-barba","9":"product_cat-productos","10":"product_cat-salud","12":"first","13":"instock","14":"shipping-taxable","15":"purchasable","16":"product-type-simple"},"_links":{"self":[{"href":"https:\/\/modest-napier.216-250-124-103.plesk.page\/index.php\/wp-json\/wp\/v2\/product\/5825","targetHints":{"allow":["GET"]}}],"collection":[{"href":"https:\/\/modest-napier.216-250-124-103.plesk.page\/index.php\/wp-json\/wp\/v2\/product"}],"about":[{"href":"https:\/\/modest-napier.216-250-124-103.plesk.page\/index.php\/wp-json\/wp\/v2\/types\/product"}],"replies":[{"embeddable":true,"href":"https:\/\/modest-napier.216-250-124-103.plesk.page\/index.php\/wp-json\/wp\/v2\/comments?post=5825"}],"wp:featuredmedia":[{"embeddable":true,"href":"https:\/\/modest-napier.216-250-124-103.plesk.page\/index.php\/wp-json\/wp\/v2\/media\/2364"}],"wp:attachment":[{"href":"https:\/\/modest-napier.216-250-124-103.plesk.page\/index.php\/wp-json\/wp\/v2\/media?parent=5825"}],"wp:term":[{"taxonomy":"product_brand","embeddable":true,"href":"https:\/\/modest-napier.216-250-124-103.plesk.page\/index.php\/wp-json\/wp\/v2\/product_brand?post=5825"},{"taxonomy":"product_cat","embeddable":true,"href":"https:\/\/modest-napier.216-250-124-103.plesk.page\/index.php\/wp-json\/wp\/v2\/product_cat?post=5825"},{"taxonomy":"product_tag","embeddable":true,"href":"https:\/\/modest-napier.216-250-124-103.plesk.page\/index.php\/wp-json\/wp\/v2\/product_tag?post=5825"}],"curies":[{"name":"wp","href":"https:\/\/api.w.org\/{rel}","templated":true}]}}