{"id":5826,"date":"2025-09-24T19:44:12","date_gmt":"2025-09-24T19:44:12","guid":{"rendered":"https:\/\/modest-napier.216-250-124-103.plesk.page\/index.php\/producto\/locion-minoxidil-8-batana-y-romero-c-60-ml-naturalu\/"},"modified":"2025-09-24T20:43:27","modified_gmt":"2025-09-24T20:43:27","slug":"locion-minoxidil-batana-romero","status":"publish","type":"product","link":"https:\/\/modest-napier.216-250-124-103.plesk.page\/index.php\/producto\/locion-minoxidil-batana-romero\/","title":{"rendered":"Loci\u00f3n minoxidil 8% Batana y romero 60 ml Natural&#8217;U"},"content":{"rendered":"<style type=\"text\/css\"><!--td {border: 1px solid #cccccc;}br {mso-data-placement:same-cell;}--><\/style>\n<p><span data-sheets-root=\"1\">Fortalece los fol\u00edclos pilosos para promover el crecimiento y evitar la ca\u00edda del cabello. Tambi\u00e9n hidrata, mejora la textura y brillo del cabello.<\/span><\/p>\n","protected":false},"excerpt":{"rendered":"<p>Fortalece los fol\u00edclos pilosos para promover el crecimiento y evitar la ca\u00edda del cabello. Tambi\u00e9n hidrata, mejora la textura y brillo del cabello.<\/p>\n","protected":false},"featured_media":2366,"comment_status":"open","ping_status":"closed","template":"","meta":[],"product_brand":[352],"product_cat":[307,337,318],"product_tag":[68,69],"class_list":{"0":"post-5826","1":"product","2":"type-product","3":"status-publish","4":"has-post-thumbnail","6":"product_brand-natuzem","7":"product_cat-nuevos","8":"product_cat-productos","9":"product_cat-salud","10":"product_tag-minoxidil","11":"product_tag-romero","13":"first","14":"instock","15":"shipping-taxable","16":"purchasable","17":"product-type-simple"},"_links":{"self":[{"href":"https:\/\/modest-napier.216-250-124-103.plesk.page\/index.php\/wp-json\/wp\/v2\/product\/5826","targetHints":{"allow":["GET"]}}],"collection":[{"href":"https:\/\/modest-napier.216-250-124-103.plesk.page\/index.php\/wp-json\/wp\/v2\/product"}],"about":[{"href":"https:\/\/modest-napier.216-250-124-103.plesk.page\/index.php\/wp-json\/wp\/v2\/types\/product"}],"replies":[{"embeddable":true,"href":"https:\/\/modest-napier.216-250-124-103.plesk.page\/index.php\/wp-json\/wp\/v2\/comments?post=5826"}],"wp:featuredmedia":[{"embeddable":true,"href":"https:\/\/modest-napier.216-250-124-103.plesk.page\/index.php\/wp-json\/wp\/v2\/media\/2366"}],"wp:attachment":[{"href":"https:\/\/modest-napier.216-250-124-103.plesk.page\/index.php\/wp-json\/wp\/v2\/media?parent=5826"}],"wp:term":[{"taxonomy":"product_brand","embeddable":true,"href":"https:\/\/modest-napier.216-250-124-103.plesk.page\/index.php\/wp-json\/wp\/v2\/product_brand?post=5826"},{"taxonomy":"product_cat","embeddable":true,"href":"https:\/\/modest-napier.216-250-124-103.plesk.page\/index.php\/wp-json\/wp\/v2\/product_cat?post=5826"},{"taxonomy":"product_tag","embeddable":true,"href":"https:\/\/modest-napier.216-250-124-103.plesk.page\/index.php\/wp-json\/wp\/v2\/product_tag?post=5826"}],"curies":[{"name":"wp","href":"https:\/\/api.w.org\/{rel}","templated":true}]}}