{"id":5834,"date":"2025-09-24T19:44:23","date_gmt":"2025-09-24T19:44:23","guid":{"rendered":"https:\/\/modest-napier.216-250-124-103.plesk.page\/index.php\/producto\/mascarilla-de-arcilla-rosa-230-gr-gizeh\/"},"modified":"2025-09-24T20:47:22","modified_gmt":"2025-09-24T20:47:22","slug":"mascarilla-de-arcilla-rosa-230-gr-gizeh","status":"publish","type":"product","link":"https:\/\/modest-napier.216-250-124-103.plesk.page\/index.php\/producto\/mascarilla-de-arcilla-rosa-230-gr-gizeh\/","title":{"rendered":"Mascarilla de Arcilla Rosa 230 g Gizeh"},"content":{"rendered":"<p data-mce-fragment=\"1\">Esta mascarilla de arcilla rosa es rica en hierro y oligoelementos, absorbente y nada abrasiva, tiene propiedades estimulantes, antis\u00e9pticas y antiinflamatorias, favorece a la circulaci\u00f3n y drena, por lo que es perfecta para aplicar en zonas localizadas de grasa, celulitis y flacidez, ayuda a cicatrizar.<\/p>\n<p data-mce-fragment=\"1\">Alivia la piel da\u00f1ada, protege la piel sensible, propensa la irritaci\u00f3n, combate el envejecimiento, regenera el col\u00e1geno y la elastina, elimina impurezas dejando un rostro limpio y joven.<\/p>\n","protected":false},"excerpt":{"rendered":"<p>Esta mascarilla de arcilla rosa es rica en hierro y oligoelementos, absorbente y nada abrasiva, tiene propiedades estimulantes, antis\u00e9pticas y antiinflamatorias, favorece a la circulaci\u00f3n y drena, por lo que [&hellip;]<\/p>\n","protected":false},"featured_media":2374,"comment_status":"open","ping_status":"closed","template":"","meta":[],"product_brand":[510],"product_cat":[289,309,337,330],"product_tag":[241],"class_list":{"0":"post-5834","1":"product","2":"type-product","3":"status-publish","4":"has-post-thumbnail","6":"product_brand-gizeh","7":"product_cat-belleza","8":"product_cat-ofertas-de-primavera-","9":"product_cat-productos","10":"product_cat-suplementos-para-la-piel","11":"product_tag-arcilla","13":"first","14":"instock","15":"shipping-taxable","16":"purchasable","17":"product-type-simple"},"_links":{"self":[{"href":"https:\/\/modest-napier.216-250-124-103.plesk.page\/index.php\/wp-json\/wp\/v2\/product\/5834","targetHints":{"allow":["GET"]}}],"collection":[{"href":"https:\/\/modest-napier.216-250-124-103.plesk.page\/index.php\/wp-json\/wp\/v2\/product"}],"about":[{"href":"https:\/\/modest-napier.216-250-124-103.plesk.page\/index.php\/wp-json\/wp\/v2\/types\/product"}],"replies":[{"embeddable":true,"href":"https:\/\/modest-napier.216-250-124-103.plesk.page\/index.php\/wp-json\/wp\/v2\/comments?post=5834"}],"wp:featuredmedia":[{"embeddable":true,"href":"https:\/\/modest-napier.216-250-124-103.plesk.page\/index.php\/wp-json\/wp\/v2\/media\/2374"}],"wp:attachment":[{"href":"https:\/\/modest-napier.216-250-124-103.plesk.page\/index.php\/wp-json\/wp\/v2\/media?parent=5834"}],"wp:term":[{"taxonomy":"product_brand","embeddable":true,"href":"https:\/\/modest-napier.216-250-124-103.plesk.page\/index.php\/wp-json\/wp\/v2\/product_brand?post=5834"},{"taxonomy":"product_cat","embeddable":true,"href":"https:\/\/modest-napier.216-250-124-103.plesk.page\/index.php\/wp-json\/wp\/v2\/product_cat?post=5834"},{"taxonomy":"product_tag","embeddable":true,"href":"https:\/\/modest-napier.216-250-124-103.plesk.page\/index.php\/wp-json\/wp\/v2\/product_tag?post=5834"}],"curies":[{"name":"wp","href":"https:\/\/api.w.org\/{rel}","templated":true}]}}