{"id":5836,"date":"2025-09-24T19:44:25","date_gmt":"2025-09-24T19:44:25","guid":{"rendered":"https:\/\/modest-napier.216-250-124-103.plesk.page\/index.php\/producto\/miel-de-agave-c-690-grs-sunatura\/"},"modified":"2025-09-24T20:46:15","modified_gmt":"2025-09-24T20:46:15","slug":"miel-de-agave-c-690-grs-sunatura","status":"publish","type":"product","link":"https:\/\/modest-napier.216-250-124-103.plesk.page\/index.php\/producto\/miel-de-agave-c-690-grs-sunatura\/","title":{"rendered":"Miel de Agave 690 g Sunatura"},"content":{"rendered":"<p data-mce-fragment=\"1\"><strong data-mce-fragment=\"1\">Descripci\u00f3n:<\/strong><\/p>\n<p data-mce-fragment=\"1\"><span>La <strong>miel de agave<\/strong> contiene fructooligosac\u00e1ridos (fibra diet\u00e9tica soluble) que mejora la capacidad de eliminaci\u00f3n de grasas y toxinas, as\u00ed como la prevenci\u00f3n de enfermedades de colon.<\/span><\/p>\n<p data-mce-fragment=\"1\"><strong data-mce-fragment=\"1\">Modo de uso:<\/strong><\/p>\n<p data-mce-fragment=\"1\"><span>Se debe agregar la mitad de una cucharada a los alimentos, como el t\u00e9, suficiente para dar sabor dulce y brindar todos los beneficios.<\/span><\/p>\n<p data-mce-fragment=\"1\"><strong data-mce-fragment=\"1\">Contenido:<\/strong><\/p>\n<p data-mce-fragment=\"1\">690 g.<\/p>\n","protected":false},"excerpt":{"rendered":"<p>Descripci\u00f3n: La miel de agave contiene fructooligosac\u00e1ridos (fibra diet\u00e9tica soluble) que mejora la capacidad de eliminaci\u00f3n de grasas y toxinas, as\u00ed como la prevenci\u00f3n de enfermedades de colon. Modo de [&hellip;]<\/p>\n","protected":false},"featured_media":2376,"comment_status":"open","ping_status":"closed","template":"","meta":[],"product_brand":[388],"product_cat":[306,308,337],"product_tag":[254],"class_list":{"0":"post-5836","1":"product","2":"type-product","3":"status-publish","4":"has-post-thumbnail","6":"product_brand-naterra","7":"product_cat-mieles-dulces-y-endulzantes","8":"product_cat-nutricion","9":"product_cat-productos","10":"product_tag-agave","12":"first","13":"instock","14":"shipping-taxable","15":"purchasable","16":"product-type-simple"},"_links":{"self":[{"href":"https:\/\/modest-napier.216-250-124-103.plesk.page\/index.php\/wp-json\/wp\/v2\/product\/5836","targetHints":{"allow":["GET"]}}],"collection":[{"href":"https:\/\/modest-napier.216-250-124-103.plesk.page\/index.php\/wp-json\/wp\/v2\/product"}],"about":[{"href":"https:\/\/modest-napier.216-250-124-103.plesk.page\/index.php\/wp-json\/wp\/v2\/types\/product"}],"replies":[{"embeddable":true,"href":"https:\/\/modest-napier.216-250-124-103.plesk.page\/index.php\/wp-json\/wp\/v2\/comments?post=5836"}],"wp:featuredmedia":[{"embeddable":true,"href":"https:\/\/modest-napier.216-250-124-103.plesk.page\/index.php\/wp-json\/wp\/v2\/media\/2376"}],"wp:attachment":[{"href":"https:\/\/modest-napier.216-250-124-103.plesk.page\/index.php\/wp-json\/wp\/v2\/media?parent=5836"}],"wp:term":[{"taxonomy":"product_brand","embeddable":true,"href":"https:\/\/modest-napier.216-250-124-103.plesk.page\/index.php\/wp-json\/wp\/v2\/product_brand?post=5836"},{"taxonomy":"product_cat","embeddable":true,"href":"https:\/\/modest-napier.216-250-124-103.plesk.page\/index.php\/wp-json\/wp\/v2\/product_cat?post=5836"},{"taxonomy":"product_tag","embeddable":true,"href":"https:\/\/modest-napier.216-250-124-103.plesk.page\/index.php\/wp-json\/wp\/v2\/product_tag?post=5836"}],"curies":[{"name":"wp","href":"https:\/\/api.w.org\/{rel}","templated":true}]}}